{"id":361,"date":"2025-05-20T11:23:38","date_gmt":"2025-05-20T09:23:38","guid":{"rendered":"https:\/\/2025.buzzartfestival.com\/?page_id=361"},"modified":"2026-01-19T17:43:01","modified_gmt":"2026-01-19T16:43:01","slug":"on-parle-de-nous","status":"publish","type":"page","link":"https:\/\/2025.buzzartfestival.com\/index.php\/edition-2025\/on-parle-de-nous\/","title":{"rendered":"ON PARLE DE NOUS"},"content":{"rendered":"\t\t<div data-elementor-type=\"wp-page\" data-elementor-id=\"361\" class=\"elementor elementor-361\" data-elementor-post-type=\"page\">\n\t\t\t\t<div class=\"elementor-element elementor-element-6df957d e-flex e-con-boxed e-con e-parent\" data-id=\"6df957d\" data-element_type=\"container\" data-e-type=\"container\">\n\t\t\t\t\t<div class=\"e-con-inner\">\n\t\t<div class=\"elementor-element elementor-element-36dcd0c e-con-full e-flex e-con e-child\" data-id=\"36dcd0c\" data-element_type=\"container\" data-e-type=\"container\">\n\t\t\t\t<div class=\"elementor-element elementor-element-5d4cb2f elementor-widget elementor-widget-text-editor\" data-id=\"5d4cb2f\" data-element_type=\"widget\" data-e-type=\"widget\" data-widget_type=\"text-editor.default\">\n\t\t\t\t<div class=\"elementor-widget-container\">\n\t\t\t\t\t\t\t\t\t<div class=\"mt-0\"><div class=\"uppercase flex font-brandonBold text-black items-baseline\"><h1 class=\"text-4xl mb-2 py-1 pl-0 desktop:leading-snug\">La Provence Vaucluse<\/h1><\/div><\/div><ul class=\"ul1\"><li style=\"list-style-type: none;\">\u00a0<\/li><\/ul>\t\t\t\t\t\t\t\t<\/div>\n\t\t\t\t<\/div>\n\t\t\t\t<div class=\"elementor-element elementor-element-0e174b2 elementor-widget elementor-widget-text-editor\" data-id=\"0e174b2\" data-element_type=\"widget\" data-e-type=\"widget\" data-widget_type=\"text-editor.default\">\n\t\t\t\t<div class=\"elementor-widget-container\">\n\t\t\t\t\t\t\t\t\t<h1 class=\"rev-heading-3xl-black rev-reset-css rev-layout-align-left font-slab\">\u00c0 L\u2019Isle-sur-la-Sorgue, une fin en apoth\u00e9ose pour le Buzz Art festival avec un d\u00eener de gala caritatif<\/h1><p class=\"rev-heading-xl-extrabold rev-reset-css rev-layout-align-left font-slab\">Le 5\u00a0octobre s\u2019est cl\u00f4tur\u00e9 le Buzz-art festival, \u00e0 L\u2019Isle-sur-la-Sorgue, avec un d\u00eener \u00e0 vocation caritative \u00e0 la manufacture Brun de Vian-Tiran. Les fonds r\u00e9colt\u00e9s pour le r\u00e9seau associatif La Source Garouste s\u2019\u00e9l\u00e8vent \u00e0 6\u00a0200\u00a0\u20ac.<\/p><p>L&rsquo;article complet <a href=\"https:\/\/www.laprovence.com\/article\/region\/2024666324510415\/a-l-isle-sur-la-sorgue-une-fin-en-apotheose-pour-le-buzz-art-festival-avec-un-diner-de-gala-caritatif\">ici\u00a0<\/a><\/p>\t\t\t\t\t\t\t\t<\/div>\n\t\t\t\t<\/div>\n\t\t\t\t<div class=\"elementor-element elementor-element-ad1ccc3 elementor-widget elementor-widget-spacer\" data-id=\"ad1ccc3\" data-element_type=\"widget\" data-e-type=\"widget\" data-widget_type=\"spacer.default\">\n\t\t\t\t<div class=\"elementor-widget-container\">\n\t\t\t\t\t\t\t<div class=\"elementor-spacer\">\n\t\t\t<div class=\"elementor-spacer-inner\"><\/div>\n\t\t<\/div>\n\t\t\t\t\t\t<\/div>\n\t\t\t\t<\/div>\n\t\t\t\t<\/div>\n\t\t<div class=\"elementor-element elementor-element-7391db7 e-con-full e-flex e-con e-child\" data-id=\"7391db7\" data-element_type=\"container\" data-e-type=\"container\">\n\t\t\t\t<div class=\"elementor-element elementor-element-c5cb757 elementor-widget__width-initial elementor-widget elementor-widget-image\" data-id=\"c5cb757\" data-element_type=\"widget\" data-e-type=\"widget\" data-widget_type=\"image.default\">\n\t\t\t\t<div class=\"elementor-widget-container\">\n\t\t\t\t\t\t\t\t\t\t\t\t\t\t\t<img fetchpriority=\"high\" decoding=\"async\" width=\"800\" height=\"1000\" src=\"https:\/\/2025.buzzartfestival.com\/wp-content\/uploads\/2025\/10\/2-819x1024.jpg\" class=\"attachment-large size-large wp-image-2106\" alt=\"\" srcset=\"https:\/\/2025.buzzartfestival.com\/wp-content\/uploads\/2025\/10\/2-819x1024.jpg 819w, https:\/\/2025.buzzartfestival.com\/wp-content\/uploads\/2025\/10\/2-240x300.jpg 240w, https:\/\/2025.buzzartfestival.com\/wp-content\/uploads\/2025\/10\/2-768x960.jpg 768w, https:\/\/2025.buzzartfestival.com\/wp-content\/uploads\/2025\/10\/2.jpg 1080w\" sizes=\"(max-width: 800px) 100vw, 800px\" \/>\t\t\t\t\t\t\t\t\t\t\t\t\t\t\t<\/div>\n\t\t\t\t<\/div>\n\t\t\t\t<\/div>\n\t\t\t\t\t<\/div>\n\t\t\t\t<\/div>\n\t\t<div class=\"elementor-element elementor-element-1939281 e-flex e-con-boxed e-con e-parent\" data-id=\"1939281\" data-element_type=\"container\" data-e-type=\"container\">\n\t\t\t\t\t<div class=\"e-con-inner\">\n\t\t<div class=\"elementor-element elementor-element-6da41be e-con-full e-flex e-con e-child\" data-id=\"6da41be\" data-element_type=\"container\" data-e-type=\"container\">\n\t\t\t\t<div class=\"elementor-element elementor-element-22d13ea elementor-widget elementor-widget-text-editor\" data-id=\"22d13ea\" data-element_type=\"widget\" data-e-type=\"widget\" data-widget_type=\"text-editor.default\">\n\t\t\t\t<div class=\"elementor-widget-container\">\n\t\t\t\t\t\t\t\t\t<div class=\"mt-0\"><div class=\"uppercase flex font-brandonBold text-black items-baseline\"><h1 class=\"text-4xl mb-2 py-1 pl-0 desktop:leading-snug\">L&rsquo;Echo du Mardi<\/h1><\/div><\/div><ul class=\"ul1\"><li style=\"list-style-type: none;\">\u00a0<\/li><\/ul>\t\t\t\t\t\t\t\t<\/div>\n\t\t\t\t<\/div>\n\t\t\t\t<div class=\"elementor-element elementor-element-35a22ef elementor-widget elementor-widget-text-editor\" data-id=\"35a22ef\" data-element_type=\"widget\" data-e-type=\"widget\" data-widget_type=\"text-editor.default\">\n\t\t\t\t<div class=\"elementor-widget-container\">\n\t\t\t\t\t\t\t\t\t<h2 class=\"rev-heading-3xl-black rev-reset-css rev-layout-align-left font-slab\">Le Buzz Art Festival fait vibrer L\u2019Isle\u2011sur\u2011la\u2011Sorgue<\/h2><h2 class=\"rev-heading-3xl-black rev-reset-css rev-layout-align-left font-slab\">Quand l&rsquo;art r\u00e9volutionne la Ville<\/h2><p class=\"rev-heading-xl-extrabold rev-reset-css rev-layout-align-left font-slab\">Cette premi\u00e8re \u00e9dition veut abolir les barri\u00e8res, m\u00ealer les disciplines et donner \u00e0 l\u2019art une dimension profond\u00e9ment sociale.\u00a0Trois raisons de ne pas le manquer\u00a0; L\u2019art ouvert \u00e0 tous, hors des sentiers battus.<\/p><p>L&rsquo;article complet <a href=\"https:\/\/www.echodumardi.com\/culture-loisirs\/le-buzz-art-festival-fait-vibrer-lisle%E2%80%91sur%E2%80%91la%E2%80%91sorgue\/\">ici\u00a0<\/a><\/p>\t\t\t\t\t\t\t\t<\/div>\n\t\t\t\t<\/div>\n\t\t\t\t<div class=\"elementor-element elementor-element-350bfe4 elementor-widget elementor-widget-spacer\" data-id=\"350bfe4\" data-element_type=\"widget\" data-e-type=\"widget\" data-widget_type=\"spacer.default\">\n\t\t\t\t<div class=\"elementor-widget-container\">\n\t\t\t\t\t\t\t<div class=\"elementor-spacer\">\n\t\t\t<div class=\"elementor-spacer-inner\"><\/div>\n\t\t<\/div>\n\t\t\t\t\t\t<\/div>\n\t\t\t\t<\/div>\n\t\t\t\t<\/div>\n\t\t<div class=\"elementor-element elementor-element-5cd19cb e-con-full e-flex e-con e-child\" data-id=\"5cd19cb\" data-element_type=\"container\" data-e-type=\"container\">\n\t\t\t\t<div class=\"elementor-element elementor-element-9e0f0de elementor-widget__width-initial elementor-widget elementor-widget-image\" data-id=\"9e0f0de\" data-element_type=\"widget\" data-e-type=\"widget\" data-widget_type=\"image.default\">\n\t\t\t\t<div class=\"elementor-widget-container\">\n\t\t\t\t\t\t\t\t\t\t\t\t\t\t\t<img decoding=\"async\" width=\"766\" height=\"1024\" src=\"https:\/\/2025.buzzartfestival.com\/wp-content\/uploads\/2025\/09\/Capture-decran-2025-09-23-a-11.11.07-766x1024.png\" class=\"attachment-large size-large wp-image-2003\" alt=\"\" srcset=\"https:\/\/2025.buzzartfestival.com\/wp-content\/uploads\/2025\/09\/Capture-decran-2025-09-23-a-11.11.07-766x1024.png 766w, https:\/\/2025.buzzartfestival.com\/wp-content\/uploads\/2025\/09\/Capture-decran-2025-09-23-a-11.11.07-224x300.png 224w, https:\/\/2025.buzzartfestival.com\/wp-content\/uploads\/2025\/09\/Capture-decran-2025-09-23-a-11.11.07-768x1027.png 768w, https:\/\/2025.buzzartfestival.com\/wp-content\/uploads\/2025\/09\/Capture-decran-2025-09-23-a-11.11.07-1149x1536.png 1149w, https:\/\/2025.buzzartfestival.com\/wp-content\/uploads\/2025\/09\/Capture-decran-2025-09-23-a-11.11.07.png 1414w\" sizes=\"(max-width: 766px) 100vw, 766px\" \/>\t\t\t\t\t\t\t\t\t\t\t\t\t\t\t<\/div>\n\t\t\t\t<\/div>\n\t\t\t\t<\/div>\n\t\t\t\t\t<\/div>\n\t\t\t\t<\/div>\n\t\t<div class=\"elementor-element elementor-element-b7769d8 e-flex e-con-boxed e-con e-parent\" data-id=\"b7769d8\" data-element_type=\"container\" data-e-type=\"container\">\n\t\t\t\t\t<div class=\"e-con-inner\">\n\t\t<div class=\"elementor-element elementor-element-7e40698 e-con-full e-flex e-con e-child\" data-id=\"7e40698\" data-element_type=\"container\" data-e-type=\"container\">\n\t\t\t\t<div class=\"elementor-element elementor-element-a0574ed elementor-widget elementor-widget-text-editor\" data-id=\"a0574ed\" data-element_type=\"widget\" data-e-type=\"widget\" data-widget_type=\"text-editor.default\">\n\t\t\t\t<div class=\"elementor-widget-container\">\n\t\t\t\t\t\t\t\t\t<div class=\"mt-0\"><div class=\"uppercase flex font-brandonBold text-black items-baseline\"><h1 class=\"text-4xl mb-2 py-1 pl-0 desktop:leading-snug\">La Provence Vaucluse<\/h1><\/div><\/div><ul class=\"ul1\"><li style=\"list-style-type: none;\">\u00a0<\/li><\/ul>\t\t\t\t\t\t\t\t<\/div>\n\t\t\t\t<\/div>\n\t\t\t\t<div class=\"elementor-element elementor-element-5da3370 elementor-widget elementor-widget-text-editor\" data-id=\"5da3370\" data-element_type=\"widget\" data-e-type=\"widget\" data-widget_type=\"text-editor.default\">\n\t\t\t\t<div class=\"elementor-widget-container\">\n\t\t\t\t\t\t\t\t\t<h2 class=\"rev-heading-3xl-black rev-reset-css rev-layout-align-left font-slab\">Le Buzz-art festival se fait une place au soleil \u00e0 L&rsquo;Isle-sur-la-Sorgue et Fontaine-de-Vaucluse<\/h2><p class=\"rev-heading-xl-extrabold rev-reset-css rev-layout-align-left font-slab\">Une quinzaine de g\u00e9ants silencieux habillent les rues de la Venise comtadine. Ils ouvrent la voie \u00e0 un nouveau festival \u00e9clectique qui veut bousculer les codes de l&rsquo;art.<\/p><p>L&rsquo;article complet <a href=\"https:\/\/www.laprovence.com\/article\/culture-loisirs\/89003858977287\/le-buzz-art-festival-se-fait-une-place-au-soleil-a-lisle-sur-la-sorgue-et-fontaine-de-vaucluse\">ici\u00a0<\/a><\/p>\t\t\t\t\t\t\t\t<\/div>\n\t\t\t\t<\/div>\n\t\t\t\t<div class=\"elementor-element elementor-element-9db94ec elementor-widget elementor-widget-spacer\" data-id=\"9db94ec\" data-element_type=\"widget\" data-e-type=\"widget\" data-widget_type=\"spacer.default\">\n\t\t\t\t<div class=\"elementor-widget-container\">\n\t\t\t\t\t\t\t<div class=\"elementor-spacer\">\n\t\t\t<div class=\"elementor-spacer-inner\"><\/div>\n\t\t<\/div>\n\t\t\t\t\t\t<\/div>\n\t\t\t\t<\/div>\n\t\t\t\t<\/div>\n\t\t<div class=\"elementor-element elementor-element-28677dd e-con-full e-flex e-con e-child\" data-id=\"28677dd\" data-element_type=\"container\" data-e-type=\"container\">\n\t\t\t\t<div class=\"elementor-element elementor-element-d940d6d elementor-widget__width-initial elementor-widget elementor-widget-image\" data-id=\"d940d6d\" data-element_type=\"widget\" data-e-type=\"widget\" data-widget_type=\"image.default\">\n\t\t\t\t<div class=\"elementor-widget-container\">\n\t\t\t\t\t\t\t\t\t\t\t\t\t\t\t<img decoding=\"async\" width=\"800\" height=\"1000\" src=\"https:\/\/2025.buzzartfestival.com\/wp-content\/uploads\/2025\/08\/LA-PROVENCE-LE-BUZZ-ART-FESTIVAL-819x1024.jpg\" class=\"attachment-large size-large wp-image-916\" alt=\"\" srcset=\"https:\/\/2025.buzzartfestival.com\/wp-content\/uploads\/2025\/08\/LA-PROVENCE-LE-BUZZ-ART-FESTIVAL-819x1024.jpg 819w, https:\/\/2025.buzzartfestival.com\/wp-content\/uploads\/2025\/08\/LA-PROVENCE-LE-BUZZ-ART-FESTIVAL-240x300.jpg 240w, https:\/\/2025.buzzartfestival.com\/wp-content\/uploads\/2025\/08\/LA-PROVENCE-LE-BUZZ-ART-FESTIVAL-768x960.jpg 768w, https:\/\/2025.buzzartfestival.com\/wp-content\/uploads\/2025\/08\/LA-PROVENCE-LE-BUZZ-ART-FESTIVAL-1229x1536.jpg 1229w, https:\/\/2025.buzzartfestival.com\/wp-content\/uploads\/2025\/08\/LA-PROVENCE-LE-BUZZ-ART-FESTIVAL.jpg 1600w\" sizes=\"(max-width: 800px) 100vw, 800px\" \/>\t\t\t\t\t\t\t\t\t\t\t\t\t\t\t<\/div>\n\t\t\t\t<\/div>\n\t\t\t\t<\/div>\n\t\t\t\t\t<\/div>\n\t\t\t\t<\/div>\n\t\t<div class=\"elementor-element elementor-element-392e7b5 e-flex e-con-boxed e-con e-parent\" data-id=\"392e7b5\" data-element_type=\"container\" data-e-type=\"container\">\n\t\t\t\t\t<div class=\"e-con-inner\">\n\t\t<div class=\"elementor-element elementor-element-22bc8b9 e-con-full e-flex e-con e-child\" data-id=\"22bc8b9\" data-element_type=\"container\" data-e-type=\"container\">\n\t\t\t\t<div class=\"elementor-element elementor-element-6438f8f elementor-widget elementor-widget-text-editor\" data-id=\"6438f8f\" data-element_type=\"widget\" data-e-type=\"widget\" data-widget_type=\"text-editor.default\">\n\t\t\t\t<div class=\"elementor-widget-container\">\n\t\t\t\t\t\t\t\t\t<div class=\"mt-0\"><div class=\"uppercase flex font-brandonBold text-black items-baseline\"><h1 class=\"text-4xl mb-2 py-1 pl-0 desktop:leading-snug\">Cote Magazine\u00a0<\/h1><\/div><\/div><ul class=\"ul1\"><li style=\"list-style-type: none;\">\u00a0<\/li><\/ul>\t\t\t\t\t\t\t\t<\/div>\n\t\t\t\t<\/div>\n\t\t\t\t<div class=\"elementor-element elementor-element-b639bde elementor-widget elementor-widget-text-editor\" data-id=\"b639bde\" data-element_type=\"widget\" data-e-type=\"widget\" data-widget_type=\"text-editor.default\">\n\t\t\t\t<div class=\"elementor-widget-container\">\n\t\t\t\t\t\t\t\t\t<h2 class=\"episode-content-title font-bold\">Ete 2025 &#8211; Le magazine style de vie<\/h2><p>L&rsquo;Isle-sur-la-Sorgue, v\u00e9ritable bastion du patrimoine culturel o\u00f9 antiquaires et objets d&rsquo;exception attirent passionn\u00e9s et collectionneurs, se transforme cet \u00e9t\u00e9 en une vaste galerie \u00e0 ciel ouvert.\u00a0<\/p><p>L&rsquo;article complet <a href=\"https:\/\/www.cotemagazine.com\/les_magazines\/ebook_cote_COTE_MARSEILLE_PROVENCE_ETE_2025\/COTE_MARSEILLE_PROVENCE_ETE_2025.html#p=82\">ici\u00a0<\/a><\/p><p>\u00a0<\/p>\t\t\t\t\t\t\t\t<\/div>\n\t\t\t\t<\/div>\n\t\t\t\t<div class=\"elementor-element elementor-element-668b3f6 elementor-widget elementor-widget-spacer\" data-id=\"668b3f6\" data-element_type=\"widget\" data-e-type=\"widget\" data-widget_type=\"spacer.default\">\n\t\t\t\t<div class=\"elementor-widget-container\">\n\t\t\t\t\t\t\t<div class=\"elementor-spacer\">\n\t\t\t<div class=\"elementor-spacer-inner\"><\/div>\n\t\t<\/div>\n\t\t\t\t\t\t<\/div>\n\t\t\t\t<\/div>\n\t\t\t\t<\/div>\n\t\t<div class=\"elementor-element elementor-element-1044c18 e-con-full e-flex e-con e-child\" data-id=\"1044c18\" data-element_type=\"container\" data-e-type=\"container\">\n\t\t\t\t<div class=\"elementor-element elementor-element-c39f876 elementor-widget__width-initial elementor-widget elementor-widget-image\" data-id=\"c39f876\" data-element_type=\"widget\" data-e-type=\"widget\" data-widget_type=\"image.default\">\n\t\t\t\t<div class=\"elementor-widget-container\">\n\t\t\t\t\t\t\t\t\t\t\t\t\t\t\t<img loading=\"lazy\" decoding=\"async\" width=\"800\" height=\"1000\" src=\"https:\/\/2025.buzzartfestival.com\/wp-content\/uploads\/2025\/07\/6-1-819x1024.jpg\" class=\"attachment-large size-large wp-image-850\" alt=\"\" srcset=\"https:\/\/2025.buzzartfestival.com\/wp-content\/uploads\/2025\/07\/6-1-819x1024.jpg 819w, https:\/\/2025.buzzartfestival.com\/wp-content\/uploads\/2025\/07\/6-1-240x300.jpg 240w, https:\/\/2025.buzzartfestival.com\/wp-content\/uploads\/2025\/07\/6-1-768x960.jpg 768w, https:\/\/2025.buzzartfestival.com\/wp-content\/uploads\/2025\/07\/6-1.jpg 1080w\" sizes=\"(max-width: 800px) 100vw, 800px\" \/>\t\t\t\t\t\t\t\t\t\t\t\t\t\t\t<\/div>\n\t\t\t\t<\/div>\n\t\t\t\t<\/div>\n\t\t\t\t\t<\/div>\n\t\t\t\t<\/div>\n\t\t<div class=\"elementor-element elementor-element-8dfc088 e-flex e-con-boxed e-con e-parent\" data-id=\"8dfc088\" data-element_type=\"container\" data-e-type=\"container\">\n\t\t\t\t\t<div class=\"e-con-inner\">\n\t\t<div class=\"elementor-element elementor-element-d39ff9c e-con-full e-flex e-con e-child\" data-id=\"d39ff9c\" data-element_type=\"container\" data-e-type=\"container\">\n\t\t\t\t<\/div>\n\t\t<div class=\"elementor-element elementor-element-7ed4ea4 e-con-full e-flex e-con e-child\" data-id=\"7ed4ea4\" data-element_type=\"container\" data-e-type=\"container\">\n\t\t\t\t<\/div>\n\t\t\t\t\t<\/div>\n\t\t\t\t<\/div>\n\t\t<div class=\"elementor-element elementor-element-16298fc e-flex e-con-boxed e-con e-parent\" data-id=\"16298fc\" data-element_type=\"container\" data-e-type=\"container\">\n\t\t\t\t\t<div class=\"e-con-inner\">\n\t\t<div class=\"elementor-element elementor-element-e3aa03e e-con-full e-flex e-con e-child\" data-id=\"e3aa03e\" data-element_type=\"container\" data-e-type=\"container\">\n\t\t\t\t<div class=\"elementor-element elementor-element-8278aae elementor-widget elementor-widget-text-editor\" data-id=\"8278aae\" data-element_type=\"widget\" data-e-type=\"widget\" data-widget_type=\"text-editor.default\">\n\t\t\t\t<div class=\"elementor-widget-container\">\n\t\t\t\t\t\t\t\t\t<div class=\"mt-0\"><div class=\"uppercase flex font-brandonBold text-black items-baseline\"><h1 class=\"text-4xl mb-2 py-1 pl-0 desktop:leading-snug\">La Provence<\/h1><\/div><\/div><ul class=\"ul1\"><li style=\"list-style-type: none;\">\u00a0<\/li><\/ul>\t\t\t\t\t\t\t\t<\/div>\n\t\t\t\t<\/div>\n\t\t\t\t<div class=\"elementor-element elementor-element-90b18be elementor-widget elementor-widget-text-editor\" data-id=\"90b18be\" data-element_type=\"widget\" data-e-type=\"widget\" data-widget_type=\"text-editor.default\">\n\t\t\t\t<div class=\"elementor-widget-container\">\n\t\t\t\t\t\t\t\t\t<h2 class=\"episode-content-title font-bold\">Mercredi 18 Juillet 2025<\/h2><p>Le Buzz ART FESTIVAL investit les rues de la ville<\/p>\t\t\t\t\t\t\t\t<\/div>\n\t\t\t\t<\/div>\n\t\t\t\t<div class=\"elementor-element elementor-element-30ca844 elementor-widget elementor-widget-spacer\" data-id=\"30ca844\" data-element_type=\"widget\" data-e-type=\"widget\" data-widget_type=\"spacer.default\">\n\t\t\t\t<div class=\"elementor-widget-container\">\n\t\t\t\t\t\t\t<div class=\"elementor-spacer\">\n\t\t\t<div class=\"elementor-spacer-inner\"><\/div>\n\t\t<\/div>\n\t\t\t\t\t\t<\/div>\n\t\t\t\t<\/div>\n\t\t\t\t<\/div>\n\t\t<div class=\"elementor-element elementor-element-d71254e e-con-full e-flex e-con e-child\" data-id=\"d71254e\" data-element_type=\"container\" data-e-type=\"container\">\n\t\t\t\t<div class=\"elementor-element elementor-element-c099124 elementor-widget__width-initial elementor-widget elementor-widget-image\" data-id=\"c099124\" data-element_type=\"widget\" data-e-type=\"widget\" data-widget_type=\"image.default\">\n\t\t\t\t<div class=\"elementor-widget-container\">\n\t\t\t\t\t\t\t\t\t\t\t\t\t\t\t<img loading=\"lazy\" decoding=\"async\" width=\"800\" height=\"1000\" src=\"https:\/\/2025.buzzartfestival.com\/wp-content\/uploads\/2025\/07\/Pavillon-photo-1-copie-819x1024.jpg\" class=\"attachment-large size-large wp-image-895\" alt=\"\" srcset=\"https:\/\/2025.buzzartfestival.com\/wp-content\/uploads\/2025\/07\/Pavillon-photo-1-copie-819x1024.jpg 819w, https:\/\/2025.buzzartfestival.com\/wp-content\/uploads\/2025\/07\/Pavillon-photo-1-copie-240x300.jpg 240w, https:\/\/2025.buzzartfestival.com\/wp-content\/uploads\/2025\/07\/Pavillon-photo-1-copie-768x960.jpg 768w, https:\/\/2025.buzzartfestival.com\/wp-content\/uploads\/2025\/07\/Pavillon-photo-1-copie.jpg 1080w\" sizes=\"(max-width: 800px) 100vw, 800px\" \/>\t\t\t\t\t\t\t\t\t\t\t\t\t\t\t<\/div>\n\t\t\t\t<\/div>\n\t\t\t\t<\/div>\n\t\t\t\t\t<\/div>\n\t\t\t\t<\/div>\n\t\t<div class=\"elementor-element elementor-element-7be6bfd e-flex e-con-boxed e-con e-parent\" data-id=\"7be6bfd\" data-element_type=\"container\" data-e-type=\"container\">\n\t\t\t\t\t<div class=\"e-con-inner\">\n\t\t<div class=\"elementor-element elementor-element-33e5830 e-con-full e-flex e-con e-child\" data-id=\"33e5830\" data-element_type=\"container\" data-e-type=\"container\">\n\t\t\t\t<div class=\"elementor-element elementor-element-99f409a elementor-widget elementor-widget-text-editor\" data-id=\"99f409a\" data-element_type=\"widget\" data-e-type=\"widget\" data-widget_type=\"text-editor.default\">\n\t\t\t\t<div class=\"elementor-widget-container\">\n\t\t\t\t\t\t\t\t\t<div class=\"mt-0\"><div class=\"uppercase flex font-brandonBold text-black items-baseline\"><h1 class=\"text-4xl mb-2 py-1 pl-0 desktop:leading-snug\">Les Midis de RCF Vaucluse\u00a0<\/h1><\/div><\/div><ul class=\"ul1\"><li style=\"list-style-type: none;\">\u00a0<\/li><\/ul>\t\t\t\t\t\t\t\t<\/div>\n\t\t\t\t<\/div>\n\t\t\t\t<div class=\"elementor-element elementor-element-c94ba4c elementor-widget elementor-widget-text-editor\" data-id=\"c94ba4c\" data-element_type=\"widget\" data-e-type=\"widget\" data-widget_type=\"text-editor.default\">\n\t\t\t\t<div class=\"elementor-widget-container\">\n\t\t\t\t\t\t\t\t\t<h2 class=\"episode-content-title font-bold\">Lancement du BUZZ ART Festival \u00e0 l&rsquo;Isle sur Sorgue de Juillet \u00e0 Septembre<\/h2><p>Le BUZZ ART festival \u00e0 l&rsquo;Isle sur Sorgue, de Juillet \u00e0 SEptembre, va r\u00e9unir des Artistes, des Conf\u00e9renciers de tr\u00e8s grande renomm\u00e9e, notamment Christophe CHARBONNEL, Invit\u00e9 d&rsquo;honneur, Sculpteur de renomm\u00e9e internationale, qui pr\u00e9sente 14 Sculptures dans le centre de la ville.<br \/>Invit\u00e9s:<br \/>&#8211; Jacques CHALVIN: Co Fondateur du Festival<br \/>&#8211; Christophe CHARBONNEL\/ Sculpteur renomm\u00e9<br \/>&#8211; Christine d&rsquo;INGRANDO\/ Ex Directrice des Chor\u00e9gies d&rsquo;Orange.<\/p><p><a href=\"https:\/\/www.rcf.fr\/actualite\/les-midis-de-rcf-vaucluse-jeudi?episode=599431\">Ecouter ici<\/a><\/p>\t\t\t\t\t\t\t\t<\/div>\n\t\t\t\t<\/div>\n\t\t\t\t<div class=\"elementor-element elementor-element-9d21d99 elementor-widget elementor-widget-spacer\" data-id=\"9d21d99\" data-element_type=\"widget\" data-e-type=\"widget\" data-widget_type=\"spacer.default\">\n\t\t\t\t<div class=\"elementor-widget-container\">\n\t\t\t\t\t\t\t<div class=\"elementor-spacer\">\n\t\t\t<div class=\"elementor-spacer-inner\"><\/div>\n\t\t<\/div>\n\t\t\t\t\t\t<\/div>\n\t\t\t\t<\/div>\n\t\t\t\t<\/div>\n\t\t<div class=\"elementor-element elementor-element-7e17d85 e-con-full e-flex e-con e-child\" data-id=\"7e17d85\" data-element_type=\"container\" data-e-type=\"container\">\n\t\t\t\t<div class=\"elementor-element elementor-element-e8f90a1 elementor-widget__width-initial elementor-widget elementor-widget-image\" data-id=\"e8f90a1\" data-element_type=\"widget\" data-e-type=\"widget\" data-widget_type=\"image.default\">\n\t\t\t\t<div class=\"elementor-widget-container\">\n\t\t\t\t\t\t\t\t\t\t\t\t\t\t\t<img loading=\"lazy\" decoding=\"async\" width=\"602\" height=\"590\" src=\"https:\/\/2025.buzzartfestival.com\/wp-content\/uploads\/2025\/05\/Capture-decran-2025-05-20-a-11.31.40.png\" class=\"attachment-large size-large wp-image-367\" alt=\"\" srcset=\"https:\/\/2025.buzzartfestival.com\/wp-content\/uploads\/2025\/05\/Capture-decran-2025-05-20-a-11.31.40.png 602w, https:\/\/2025.buzzartfestival.com\/wp-content\/uploads\/2025\/05\/Capture-decran-2025-05-20-a-11.31.40-300x294.png 300w\" sizes=\"(max-width: 602px) 100vw, 602px\" \/>\t\t\t\t\t\t\t\t\t\t\t\t\t\t\t<\/div>\n\t\t\t\t<\/div>\n\t\t\t\t<\/div>\n\t\t\t\t\t<\/div>\n\t\t\t\t<\/div>\n\t\t<div class=\"elementor-element elementor-element-efee283 e-flex e-con-boxed e-con e-parent\" data-id=\"efee283\" data-element_type=\"container\" data-e-type=\"container\">\n\t\t\t\t\t<div class=\"e-con-inner\">\n\t\t\t\t\t<\/div>\n\t\t\t\t<\/div>\n\t\t\t\t<\/div>\n\t\t","protected":false},"excerpt":{"rendered":"<p>La Provence Vaucluse \u00a0 \u00c0 L\u2019Isle-sur-la-Sorgue, une fin en apoth\u00e9ose pour le Buzz Art festival avec un d\u00eener de gala caritatif Le 5\u00a0octobre s\u2019est cl\u00f4tur\u00e9 le Buzz-art festival, \u00e0 L\u2019Isle-sur-la-Sorgue, avec un d\u00eener \u00e0 vocation caritative \u00e0 la manufacture Brun de Vian-Tiran. Les fonds r\u00e9colt\u00e9s pour le r\u00e9seau associatif La Source Garouste s\u2019\u00e9l\u00e8vent \u00e0 6\u00a0200\u00a0\u20ac. [&hellip;]<\/p>\n","protected":false},"author":1,"featured_media":0,"parent":2134,"menu_order":0,"comment_status":"closed","ping_status":"closed","template":"","meta":{"inline_featured_image":false,"footnotes":""},"class_list":["post-361","page","type-page","status-publish","hentry"],"_links":{"self":[{"href":"https:\/\/2025.buzzartfestival.com\/index.php\/wp-json\/wp\/v2\/pages\/361","targetHints":{"allow":["GET"]}}],"collection":[{"href":"https:\/\/2025.buzzartfestival.com\/index.php\/wp-json\/wp\/v2\/pages"}],"about":[{"href":"https:\/\/2025.buzzartfestival.com\/index.php\/wp-json\/wp\/v2\/types\/page"}],"author":[{"embeddable":true,"href":"https:\/\/2025.buzzartfestival.com\/index.php\/wp-json\/wp\/v2\/users\/1"}],"replies":[{"embeddable":true,"href":"https:\/\/2025.buzzartfestival.com\/index.php\/wp-json\/wp\/v2\/comments?post=361"}],"version-history":[{"count":35,"href":"https:\/\/2025.buzzartfestival.com\/index.php\/wp-json\/wp\/v2\/pages\/361\/revisions"}],"predecessor-version":[{"id":2112,"href":"https:\/\/2025.buzzartfestival.com\/index.php\/wp-json\/wp\/v2\/pages\/361\/revisions\/2112"}],"up":[{"embeddable":true,"href":"https:\/\/2025.buzzartfestival.com\/index.php\/wp-json\/wp\/v2\/pages\/2134"}],"wp:attachment":[{"href":"https:\/\/2025.buzzartfestival.com\/index.php\/wp-json\/wp\/v2\/media?parent=361"}],"curies":[{"name":"wp","href":"https:\/\/api.w.org\/{rel}","templated":true}]}}