{"id":218,"date":"2025-05-13T10:03:47","date_gmt":"2025-05-13T08:03:47","guid":{"rendered":"https:\/\/2025.buzzartfestival.com\/?page_id=218"},"modified":"2026-01-26T15:25:39","modified_gmt":"2026-01-26T14:25:39","slug":"contact","status":"publish","type":"page","link":"https:\/\/2025.buzzartfestival.com\/index.php\/edition-2025\/contact\/","title":{"rendered":"CONTACT"},"content":{"rendered":"\t\t<div data-elementor-type=\"wp-page\" data-elementor-id=\"218\" class=\"elementor elementor-218\" data-elementor-post-type=\"page\">\n\t\t\t\t<div class=\"elementor-element elementor-element-b0a4def e-flex e-con-boxed e-con e-parent\" data-id=\"b0a4def\" data-element_type=\"container\" data-e-type=\"container\">\n\t\t\t\t\t<div class=\"e-con-inner\">\n\t\t\t\t<div class=\"elementor-element elementor-element-a9398fb elementor-widget elementor-widget-spacer\" data-id=\"a9398fb\" data-element_type=\"widget\" data-e-type=\"widget\" data-widget_type=\"spacer.default\">\n\t\t\t\t<div class=\"elementor-widget-container\">\n\t\t\t\t\t\t\t<div class=\"elementor-spacer\">\n\t\t\t<div class=\"elementor-spacer-inner\"><\/div>\n\t\t<\/div>\n\t\t\t\t\t\t<\/div>\n\t\t\t\t<\/div>\n\t\t\t\t<div class=\"elementor-element elementor-element-52fee49 elementor-widget elementor-widget-text-editor\" data-id=\"52fee49\" data-element_type=\"widget\" data-e-type=\"widget\" data-widget_type=\"text-editor.default\">\n\t\t\t\t<div class=\"elementor-widget-container\">\n\t\t\t\t\t\t\t\t\t<h2><strong>COMMENT VENIR ?<\/strong><\/h2><ul class=\"ul1\"><li style=\"list-style-type: none;\">\u00a0<\/li><\/ul>\t\t\t\t\t\t\t\t<\/div>\n\t\t\t\t<\/div>\n\t\t\t\t<div class=\"elementor-element elementor-element-1d732c4 elementor-widget elementor-widget-text-editor\" data-id=\"1d732c4\" data-element_type=\"widget\" data-e-type=\"widget\" data-widget_type=\"text-editor.default\">\n\t\t\t\t<div class=\"elementor-widget-container\">\n\t\t\t\t\t\t\t\t\t<p class=\"p2\">Avion :<\/p><p class=\"p2\">Marseille-Provence Marignane (70km)<\/p><p class=\"p2\">Train :<\/p><p class=\"p2\">Gare TGV Avignon (12km), Gare Centre l\u02bcIsle sur la Sorgue<\/p><p class=\"p2\">Autoroute A7:<\/p><p class=\"p2\">Sorties : Cavaillon (12km), ou Avignon Sud (13km)<\/p><p class=\"p2\">Autoroute A9 : Sortie Remoulins (47km)<\/p><p class=\"p2\">3 parkings GRATUITS sont aux abords de la Ville : (MUNICIPAL, GRAND SUD)<\/p><p class=\"p2\">3 parkings PAYANTS en centre ville<\/p>\t\t\t\t\t\t\t\t<\/div>\n\t\t\t\t<\/div>\n\t\t\t\t\t<\/div>\n\t\t\t\t<\/div>\n\t\t<div class=\"elementor-element elementor-element-13c4617 e-flex e-con-boxed e-con e-parent\" data-id=\"13c4617\" data-element_type=\"container\" data-e-type=\"container\">\n\t\t\t\t\t<div class=\"e-con-inner\">\n\t\t\t\t<div class=\"elementor-element elementor-element-fb3ffc4 elementor-widget elementor-widget-spacer\" data-id=\"fb3ffc4\" data-element_type=\"widget\" data-e-type=\"widget\" data-widget_type=\"spacer.default\">\n\t\t\t\t<div class=\"elementor-widget-container\">\n\t\t\t\t\t\t\t<div class=\"elementor-spacer\">\n\t\t\t<div class=\"elementor-spacer-inner\"><\/div>\n\t\t<\/div>\n\t\t\t\t\t\t<\/div>\n\t\t\t\t<\/div>\n\t\t\t\t<div class=\"elementor-element elementor-element-6c7a135 elementor-widget elementor-widget-text-editor\" data-id=\"6c7a135\" data-element_type=\"widget\" data-e-type=\"widget\" data-widget_type=\"text-editor.default\">\n\t\t\t\t<div class=\"elementor-widget-container\">\n\t\t\t\t\t\t\t\t\t<h2><strong><span class=\"s2\">CONTACT\u00a0 <a href=\"mailto:contact@2025.buzzartfestival.com\">contact@buzzartfestival.com<\/a><\/span><\/strong><\/h2><ul class=\"ul1\"><li style=\"list-style-type: none;\">\u00a0<\/li><\/ul>\t\t\t\t\t\t\t\t<\/div>\n\t\t\t\t<\/div>\n\t\t\t\t<div class=\"elementor-element elementor-element-32fe0c0 elementor-widget elementor-widget-spacer\" data-id=\"32fe0c0\" data-element_type=\"widget\" data-e-type=\"widget\" data-widget_type=\"spacer.default\">\n\t\t\t\t<div class=\"elementor-widget-container\">\n\t\t\t\t\t\t\t<div class=\"elementor-spacer\">\n\t\t\t<div class=\"elementor-spacer-inner\"><\/div>\n\t\t<\/div>\n\t\t\t\t\t\t<\/div>\n\t\t\t\t<\/div>\n\t\t\t\t<div class=\"elementor-element elementor-element-512e333 elementor-widget elementor-widget-text-editor\" data-id=\"512e333\" data-element_type=\"widget\" data-e-type=\"widget\" data-widget_type=\"text-editor.default\">\n\t\t\t\t<div class=\"elementor-widget-container\">\n\t\t\t\t\t\t\t\t\t<h2><strong><span class=\"s2\">LE COMIT\u00c9 ORGANISATEUR<\/span><\/strong><\/h2><ul class=\"ul1\"><li style=\"list-style-type: none;\">\u00a0<\/li><\/ul>\t\t\t\t\t\t\t\t<\/div>\n\t\t\t\t<\/div>\n\t\t\t\t\t<\/div>\n\t\t\t\t<\/div>\n\t\t<div class=\"elementor-element elementor-element-abcb538 e-flex e-con-boxed e-con e-parent\" data-id=\"abcb538\" data-element_type=\"container\" data-e-type=\"container\">\n\t\t\t\t\t<div class=\"e-con-inner\">\n\t\t\t\t<div class=\"elementor-element elementor-element-c2f302e elementor-widget elementor-widget-text-editor\" data-id=\"c2f302e\" data-element_type=\"widget\" data-e-type=\"widget\" data-widget_type=\"text-editor.default\">\n\t\t\t\t<div class=\"elementor-widget-container\">\n\t\t\t\t\t\t\t\t\t<p class=\"p2\">Derri\u00e8re cette \u00e9dition du BUZZ ART Festival, une \u00e9quipe passion\u00e9e oeuvre dans l&rsquo;ombre pour donner vie \u00e0 cet \u00e9v\u00e9nement unique.\u00a0<\/p><p>Coordination, programmation, logistique, communication&#8230;Chacun contribue avec engagement et cr\u00e9ativit\u00e9 pour faire de ce festival un moment de partage et de d\u00e9couverte<\/p><p>\u00a0<\/p>\t\t\t\t\t\t\t\t<\/div>\n\t\t\t\t<\/div>\n\t\t\t\t<div class=\"elementor-element elementor-element-73c9ff3 elementor-widget elementor-widget-heading\" data-id=\"73c9ff3\" data-element_type=\"widget\" data-e-type=\"widget\" data-widget_type=\"heading.default\">\n\t\t\t\t<div class=\"elementor-widget-container\">\n\t\t\t\t\t<h2 class=\"elementor-heading-title elementor-size-default\">DIRECTION<\/h2>\t\t\t\t<\/div>\n\t\t\t\t<\/div>\n\t\t\t\t\t<\/div>\n\t\t\t\t<\/div>\n\t\t<div class=\"elementor-element elementor-element-b552e29 e-flex e-con-boxed e-con e-parent\" data-id=\"b552e29\" data-element_type=\"container\" data-e-type=\"container\">\n\t\t\t\t\t<div class=\"e-con-inner\">\n\t\t<div class=\"elementor-element elementor-element-0e2ae9d e-con-full e-flex e-con e-child\" data-id=\"0e2ae9d\" data-element_type=\"container\" data-e-type=\"container\">\n\t\t\t\t<div class=\"elementor-element elementor-element-505099e elementor-widget elementor-widget-image\" data-id=\"505099e\" data-element_type=\"widget\" data-e-type=\"widget\" data-widget_type=\"image.default\">\n\t\t\t\t<div class=\"elementor-widget-container\">\n\t\t\t\t\t\t\t\t\t\t\t\t\t\t\t<img fetchpriority=\"high\" decoding=\"async\" width=\"800\" height=\"800\" src=\"https:\/\/2025.buzzartfestival.com\/wp-content\/uploads\/2025\/07\/2-2-1024x1024.jpg\" class=\"attachment-large size-large wp-image-869\" alt=\"\" srcset=\"https:\/\/2025.buzzartfestival.com\/wp-content\/uploads\/2025\/07\/2-2-1024x1024.jpg 1024w, https:\/\/2025.buzzartfestival.com\/wp-content\/uploads\/2025\/07\/2-2-300x300.jpg 300w, https:\/\/2025.buzzartfestival.com\/wp-content\/uploads\/2025\/07\/2-2-150x150.jpg 150w, https:\/\/2025.buzzartfestival.com\/wp-content\/uploads\/2025\/07\/2-2-768x768.jpg 768w, https:\/\/2025.buzzartfestival.com\/wp-content\/uploads\/2025\/07\/2-2-1536x1536.jpg 1536w, https:\/\/2025.buzzartfestival.com\/wp-content\/uploads\/2025\/07\/2-2.jpg 2000w\" sizes=\"(max-width: 800px) 100vw, 800px\" \/>\t\t\t\t\t\t\t\t\t\t\t\t\t\t\t<\/div>\n\t\t\t\t<\/div>\n\t\t<div class=\"elementor-element elementor-element-e8b4176 e-con-full e-flex e-con e-child\" data-id=\"e8b4176\" data-element_type=\"container\" data-e-type=\"container\">\n\t\t\t\t<div class=\"elementor-element elementor-element-5efc5bc elementor-widget elementor-widget-text-editor\" data-id=\"5efc5bc\" data-element_type=\"widget\" data-e-type=\"widget\" data-widget_type=\"text-editor.default\">\n\t\t\t\t<div class=\"elementor-widget-container\">\n\t\t\t\t\t\t\t\t\t<h4><span class=\"s2\">Jacques CHALVIN<\/span><\/h4><ul class=\"ul1\"><li style=\"list-style-type: none;\">\u00a0<\/li><\/ul>\t\t\t\t\t\t\t\t<\/div>\n\t\t\t\t<\/div>\n\t\t\t\t<div class=\"elementor-element elementor-element-3f78391 elementor-widget elementor-widget-text-editor\" data-id=\"3f78391\" data-element_type=\"widget\" data-e-type=\"widget\" data-widget_type=\"text-editor.default\">\n\t\t\t\t<div class=\"elementor-widget-container\">\n\t\t\t\t\t\t\t\t\t<h6><em><span class=\"s2\">Organisation et Coordination<\/span><\/em><\/h6><ul class=\"ul1\"><li style=\"list-style-type: none;\">\u00a0<\/li><\/ul>\t\t\t\t\t\t\t\t<\/div>\n\t\t\t\t<\/div>\n\t\t\t\t<\/div>\n\t\t\t\t<\/div>\n\t\t<div class=\"elementor-element elementor-element-fdd4b22 e-con-full e-flex e-con e-child\" data-id=\"fdd4b22\" data-element_type=\"container\" data-e-type=\"container\">\n\t\t\t\t<div class=\"elementor-element elementor-element-86c5791 elementor-widget elementor-widget-image\" data-id=\"86c5791\" data-element_type=\"widget\" data-e-type=\"widget\" data-widget_type=\"image.default\">\n\t\t\t\t<div class=\"elementor-widget-container\">\n\t\t\t\t\t\t\t\t\t\t\t\t\t\t\t<img decoding=\"async\" width=\"800\" height=\"800\" src=\"https:\/\/2025.buzzartfestival.com\/wp-content\/uploads\/2025\/07\/1-1-1024x1024.jpg\" class=\"attachment-large size-large wp-image-868\" alt=\"\" srcset=\"https:\/\/2025.buzzartfestival.com\/wp-content\/uploads\/2025\/07\/1-1-1024x1024.jpg 1024w, https:\/\/2025.buzzartfestival.com\/wp-content\/uploads\/2025\/07\/1-1-300x300.jpg 300w, https:\/\/2025.buzzartfestival.com\/wp-content\/uploads\/2025\/07\/1-1-150x150.jpg 150w, https:\/\/2025.buzzartfestival.com\/wp-content\/uploads\/2025\/07\/1-1-768x768.jpg 768w, https:\/\/2025.buzzartfestival.com\/wp-content\/uploads\/2025\/07\/1-1-1536x1536.jpg 1536w, https:\/\/2025.buzzartfestival.com\/wp-content\/uploads\/2025\/07\/1-1.jpg 2000w\" sizes=\"(max-width: 800px) 100vw, 800px\" \/>\t\t\t\t\t\t\t\t\t\t\t\t\t\t\t<\/div>\n\t\t\t\t<\/div>\n\t\t<div class=\"elementor-element elementor-element-ba46cb8 e-con-full e-flex e-con e-child\" data-id=\"ba46cb8\" data-element_type=\"container\" data-e-type=\"container\">\n\t\t\t\t<div class=\"elementor-element elementor-element-1ae0d44 elementor-widget elementor-widget-text-editor\" data-id=\"1ae0d44\" data-element_type=\"widget\" data-e-type=\"widget\" data-widget_type=\"text-editor.default\">\n\t\t\t\t<div class=\"elementor-widget-container\">\n\t\t\t\t\t\t\t\t\t<h4>Teddy FOLLENFANT<\/h4><ul class=\"ul1\"><li style=\"list-style-type: none;\">\u00a0<\/li><\/ul>\t\t\t\t\t\t\t\t<\/div>\n\t\t\t\t<\/div>\n\t\t\t\t<div class=\"elementor-element elementor-element-82abb64 elementor-widget elementor-widget-text-editor\" data-id=\"82abb64\" data-element_type=\"widget\" data-e-type=\"widget\" data-widget_type=\"text-editor.default\">\n\t\t\t\t<div class=\"elementor-widget-container\">\n\t\t\t\t\t\t\t\t\t<h6><em><span class=\"s2\">Responsable Programme et contacts m\u00e9dias<\/span><\/em><\/h6><ul class=\"ul1\"><li style=\"list-style-type: none;\">\u00a0<\/li><\/ul>\t\t\t\t\t\t\t\t<\/div>\n\t\t\t\t<\/div>\n\t\t\t\t<\/div>\n\t\t\t\t<\/div>\n\t\t\t\t\t<\/div>\n\t\t\t\t<\/div>\n\t\t<div class=\"elementor-element elementor-element-bb1b128 e-flex e-con-boxed e-con e-parent\" data-id=\"bb1b128\" data-element_type=\"container\" data-e-type=\"container\">\n\t\t\t\t\t<div class=\"e-con-inner\">\n\t\t\t\t<div class=\"elementor-element elementor-element-c5553fc elementor-widget elementor-widget-heading\" data-id=\"c5553fc\" data-element_type=\"widget\" data-e-type=\"widget\" data-widget_type=\"heading.default\">\n\t\t\t\t<div class=\"elementor-widget-container\">\n\t\t\t\t\t<h2 class=\"elementor-heading-title elementor-size-default\">COMMUNICATION<\/h2>\t\t\t\t<\/div>\n\t\t\t\t<\/div>\n\t\t\t\t\t<\/div>\n\t\t\t\t<\/div>\n\t\t<div class=\"elementor-element elementor-element-1ad5c01 e-flex e-con-boxed e-con e-parent\" data-id=\"1ad5c01\" data-element_type=\"container\" data-e-type=\"container\">\n\t\t\t\t\t<div class=\"e-con-inner\">\n\t\t<div class=\"elementor-element elementor-element-b881f4e e-con-full e-flex e-con e-child\" data-id=\"b881f4e\" data-element_type=\"container\" data-e-type=\"container\">\n\t\t\t\t<div class=\"elementor-element elementor-element-8a34c05 elementor-widget elementor-widget-image\" data-id=\"8a34c05\" data-element_type=\"widget\" data-e-type=\"widget\" data-widget_type=\"image.default\">\n\t\t\t\t<div class=\"elementor-widget-container\">\n\t\t\t\t\t\t\t\t\t\t\t\t\t\t\t<img decoding=\"async\" width=\"800\" height=\"800\" src=\"https:\/\/2025.buzzartfestival.com\/wp-content\/uploads\/2025\/07\/3-2-1024x1024.jpg\" class=\"attachment-large size-large wp-image-870\" alt=\"\" srcset=\"https:\/\/2025.buzzartfestival.com\/wp-content\/uploads\/2025\/07\/3-2-1024x1024.jpg 1024w, https:\/\/2025.buzzartfestival.com\/wp-content\/uploads\/2025\/07\/3-2-300x300.jpg 300w, https:\/\/2025.buzzartfestival.com\/wp-content\/uploads\/2025\/07\/3-2-150x150.jpg 150w, https:\/\/2025.buzzartfestival.com\/wp-content\/uploads\/2025\/07\/3-2-768x768.jpg 768w, https:\/\/2025.buzzartfestival.com\/wp-content\/uploads\/2025\/07\/3-2-1536x1536.jpg 1536w, https:\/\/2025.buzzartfestival.com\/wp-content\/uploads\/2025\/07\/3-2.jpg 2000w\" sizes=\"(max-width: 800px) 100vw, 800px\" \/>\t\t\t\t\t\t\t\t\t\t\t\t\t\t\t<\/div>\n\t\t\t\t<\/div>\n\t\t<div class=\"elementor-element elementor-element-cbccc9f e-con-full e-flex e-con e-child\" data-id=\"cbccc9f\" data-element_type=\"container\" data-e-type=\"container\">\n\t\t\t\t<div class=\"elementor-element elementor-element-3c0e6af elementor-widget elementor-widget-text-editor\" data-id=\"3c0e6af\" data-element_type=\"widget\" data-e-type=\"widget\" data-widget_type=\"text-editor.default\">\n\t\t\t\t<div class=\"elementor-widget-container\">\n\t\t\t\t\t\t\t\t\t<h4><span class=\"s2\">Anne Ingargiola<\/span><\/h4><ul class=\"ul1\"><li style=\"list-style-type: none;\">\u00a0<\/li><\/ul>\t\t\t\t\t\t\t\t<\/div>\n\t\t\t\t<\/div>\n\t\t\t\t<\/div>\n\t\t\t\t<\/div>\n\t\t<div class=\"elementor-element elementor-element-a623171 e-con-full e-flex e-con e-child\" data-id=\"a623171\" data-element_type=\"container\" data-e-type=\"container\">\n\t\t\t\t<div class=\"elementor-element elementor-element-edd7d2b elementor-widget elementor-widget-image\" data-id=\"edd7d2b\" data-element_type=\"widget\" data-e-type=\"widget\" data-widget_type=\"image.default\">\n\t\t\t\t<div class=\"elementor-widget-container\">\n\t\t\t\t\t\t\t\t\t\t\t\t\t\t\t<img loading=\"lazy\" decoding=\"async\" width=\"800\" height=\"800\" src=\"https:\/\/2025.buzzartfestival.com\/wp-content\/uploads\/2025\/07\/4-1-1024x1024.jpg\" class=\"attachment-large size-large wp-image-871\" alt=\"\" srcset=\"https:\/\/2025.buzzartfestival.com\/wp-content\/uploads\/2025\/07\/4-1-1024x1024.jpg 1024w, https:\/\/2025.buzzartfestival.com\/wp-content\/uploads\/2025\/07\/4-1-300x300.jpg 300w, https:\/\/2025.buzzartfestival.com\/wp-content\/uploads\/2025\/07\/4-1-150x150.jpg 150w, https:\/\/2025.buzzartfestival.com\/wp-content\/uploads\/2025\/07\/4-1-768x768.jpg 768w, https:\/\/2025.buzzartfestival.com\/wp-content\/uploads\/2025\/07\/4-1-1536x1536.jpg 1536w, https:\/\/2025.buzzartfestival.com\/wp-content\/uploads\/2025\/07\/4-1.jpg 2000w\" sizes=\"(max-width: 800px) 100vw, 800px\" \/>\t\t\t\t\t\t\t\t\t\t\t\t\t\t\t<\/div>\n\t\t\t\t<\/div>\n\t\t<div class=\"elementor-element elementor-element-bb7c37e e-con-full e-flex e-con e-child\" data-id=\"bb7c37e\" data-element_type=\"container\" data-e-type=\"container\">\n\t\t\t\t<div class=\"elementor-element elementor-element-ed94c17 elementor-widget elementor-widget-text-editor\" data-id=\"ed94c17\" data-element_type=\"widget\" data-e-type=\"widget\" data-widget_type=\"text-editor.default\">\n\t\t\t\t<div class=\"elementor-widget-container\">\n\t\t\t\t\t\t\t\t\t<h4>Maguelone Calmels<\/h4><ul class=\"ul1\"><li style=\"list-style-type: none;\">\u00a0<\/li><\/ul>\t\t\t\t\t\t\t\t<\/div>\n\t\t\t\t<\/div>\n\t\t\t\t<\/div>\n\t\t\t\t<\/div>\n\t\t<div class=\"elementor-element elementor-element-802201a e-con-full e-flex e-con e-child\" data-id=\"802201a\" data-element_type=\"container\" data-e-type=\"container\">\n\t\t\t\t<div class=\"elementor-element elementor-element-8aa21f2 elementor-widget elementor-widget-image\" data-id=\"8aa21f2\" data-element_type=\"widget\" data-e-type=\"widget\" data-widget_type=\"image.default\">\n\t\t\t\t<div class=\"elementor-widget-container\">\n\t\t\t\t\t\t\t\t\t\t\t\t\t\t\t<img loading=\"lazy\" decoding=\"async\" width=\"800\" height=\"800\" src=\"https:\/\/2025.buzzartfestival.com\/wp-content\/uploads\/2025\/07\/5-1-1024x1024.jpg\" class=\"attachment-large size-large wp-image-872\" alt=\"\" srcset=\"https:\/\/2025.buzzartfestival.com\/wp-content\/uploads\/2025\/07\/5-1-1024x1024.jpg 1024w, https:\/\/2025.buzzartfestival.com\/wp-content\/uploads\/2025\/07\/5-1-300x300.jpg 300w, https:\/\/2025.buzzartfestival.com\/wp-content\/uploads\/2025\/07\/5-1-150x150.jpg 150w, https:\/\/2025.buzzartfestival.com\/wp-content\/uploads\/2025\/07\/5-1-768x768.jpg 768w, https:\/\/2025.buzzartfestival.com\/wp-content\/uploads\/2025\/07\/5-1-1536x1536.jpg 1536w, https:\/\/2025.buzzartfestival.com\/wp-content\/uploads\/2025\/07\/5-1.jpg 2000w\" sizes=\"(max-width: 800px) 100vw, 800px\" \/>\t\t\t\t\t\t\t\t\t\t\t\t\t\t\t<\/div>\n\t\t\t\t<\/div>\n\t\t<div class=\"elementor-element elementor-element-f1ee31f e-con-full e-flex e-con e-child\" data-id=\"f1ee31f\" data-element_type=\"container\" data-e-type=\"container\">\n\t\t\t\t<div class=\"elementor-element elementor-element-18cc8cc elementor-widget elementor-widget-text-editor\" data-id=\"18cc8cc\" data-element_type=\"widget\" data-e-type=\"widget\" data-widget_type=\"text-editor.default\">\n\t\t\t\t<div class=\"elementor-widget-container\">\n\t\t\t\t\t\t\t\t\t<h4>Lison Jacquelin<\/h4><ul class=\"ul1\"><li style=\"list-style-type: none;\">\u00a0<\/li><\/ul>\t\t\t\t\t\t\t\t<\/div>\n\t\t\t\t<\/div>\n\t\t\t\t<\/div>\n\t\t\t\t<\/div>\n\t\t\t\t\t<\/div>\n\t\t\t\t<\/div>\n\t\t\t\t<\/div>\n\t\t","protected":false},"excerpt":{"rendered":"<p>COMMENT VENIR ? \u00a0 Avion : Marseille-Provence Marignane (70km) Train : Gare TGV Avignon (12km), Gare Centre l\u02bcIsle sur la Sorgue Autoroute A7: Sorties : Cavaillon (12km), ou Avignon Sud (13km) Autoroute A9 : Sortie Remoulins (47km) 3 parkings GRATUITS sont aux abords de la Ville : (MUNICIPAL, GRAND SUD) 3 parkings PAYANTS en centre [&hellip;]<\/p>\n","protected":false},"author":1,"featured_media":0,"parent":2134,"menu_order":0,"comment_status":"closed","ping_status":"closed","template":"","meta":{"inline_featured_image":false,"footnotes":""},"class_list":["post-218","page","type-page","status-publish","hentry"],"_links":{"self":[{"href":"https:\/\/2025.buzzartfestival.com\/index.php\/wp-json\/wp\/v2\/pages\/218","targetHints":{"allow":["GET"]}}],"collection":[{"href":"https:\/\/2025.buzzartfestival.com\/index.php\/wp-json\/wp\/v2\/pages"}],"about":[{"href":"https:\/\/2025.buzzartfestival.com\/index.php\/wp-json\/wp\/v2\/types\/page"}],"author":[{"embeddable":true,"href":"https:\/\/2025.buzzartfestival.com\/index.php\/wp-json\/wp\/v2\/users\/1"}],"replies":[{"embeddable":true,"href":"https:\/\/2025.buzzartfestival.com\/index.php\/wp-json\/wp\/v2\/comments?post=218"}],"version-history":[{"count":16,"href":"https:\/\/2025.buzzartfestival.com\/index.php\/wp-json\/wp\/v2\/pages\/218\/revisions"}],"predecessor-version":[{"id":2168,"href":"https:\/\/2025.buzzartfestival.com\/index.php\/wp-json\/wp\/v2\/pages\/218\/revisions\/2168"}],"up":[{"embeddable":true,"href":"https:\/\/2025.buzzartfestival.com\/index.php\/wp-json\/wp\/v2\/pages\/2134"}],"wp:attachment":[{"href":"https:\/\/2025.buzzartfestival.com\/index.php\/wp-json\/wp\/v2\/media?parent=218"}],"curies":[{"name":"wp","href":"https:\/\/api.w.org\/{rel}","templated":true}]}}