{"id":1596,"date":"2025-09-08T14:32:15","date_gmt":"2025-09-08T12:32:15","guid":{"rendered":"https:\/\/2025.buzzartfestival.com\/?page_id=1596"},"modified":"2025-09-16T10:11:01","modified_gmt":"2025-09-16T08:11:01","slug":"jean-damien-pont","status":"publish","type":"page","link":"https:\/\/2025.buzzartfestival.com\/index.php\/edition-2025\/les-metiers-dart\/les-artisans-dart\/jean-damien-pont\/","title":{"rendered":"Jean-Damien Pont"},"content":{"rendered":"\t\t<div data-elementor-type=\"wp-page\" data-elementor-id=\"1596\" class=\"elementor elementor-1596\" data-elementor-post-type=\"page\">\n\t\t\t\t<div class=\"elementor-element elementor-element-73b2179 e-flex e-con-boxed e-con e-child\" data-id=\"73b2179\" data-element_type=\"container\" data-e-type=\"container\">\n\t\t\t\t\t<div class=\"e-con-inner\">\n\t\t<div class=\"elementor-element elementor-element-7524813 e-con-full e-flex e-con e-child\" data-id=\"7524813\" data-element_type=\"container\" data-e-type=\"container\">\n\t\t\t\t<div class=\"elementor-element elementor-element-e0ae19c elementor-widget elementor-widget-spacer\" data-id=\"e0ae19c\" data-element_type=\"widget\" data-e-type=\"widget\" data-widget_type=\"spacer.default\">\n\t\t\t\t<div class=\"elementor-widget-container\">\n\t\t\t\t\t\t\t<div class=\"elementor-spacer\">\n\t\t\t<div class=\"elementor-spacer-inner\"><\/div>\n\t\t<\/div>\n\t\t\t\t\t\t<\/div>\n\t\t\t\t<\/div>\n\t\t\t\t<div class=\"elementor-element elementor-element-dff44ee elementor-widget elementor-widget-spacer\" data-id=\"dff44ee\" data-element_type=\"widget\" data-e-type=\"widget\" data-widget_type=\"spacer.default\">\n\t\t\t\t<div class=\"elementor-widget-container\">\n\t\t\t\t\t\t\t<div class=\"elementor-spacer\">\n\t\t\t<div class=\"elementor-spacer-inner\"><\/div>\n\t\t<\/div>\n\t\t\t\t\t\t<\/div>\n\t\t\t\t<\/div>\n\t\t\t\t<div class=\"elementor-element elementor-element-ae3a8d2 elementor-widget__width-initial elementor-widget elementor-widget-image\" data-id=\"ae3a8d2\" data-element_type=\"widget\" data-e-type=\"widget\" data-widget_type=\"image.default\">\n\t\t\t\t<div class=\"elementor-widget-container\">\n\t\t\t\t\t\t\t\t\t\t\t\t\t\t\t<img decoding=\"async\" width=\"232\" height=\"100\" src=\"https:\/\/2025.buzzartfestival.com\/wp-content\/uploads\/2025\/09\/Capture-decran-2025-09-16-a-10.10.41.png\" class=\"attachment-large size-large wp-image-1925\" alt=\"\" \/>\t\t\t\t\t\t\t\t\t\t\t\t\t\t\t<\/div>\n\t\t\t\t<\/div>\n\t\t\t\t<div class=\"elementor-element elementor-element-0266472 elementor-widget elementor-widget-text-editor\" data-id=\"0266472\" data-element_type=\"widget\" data-e-type=\"widget\" data-widget_type=\"text-editor.default\">\n\t\t\t\t<div class=\"elementor-widget-container\">\n\t\t\t\t\t\t\t\t\t<p><em>\u00c9beniste d&rsquo;Art<\/em><\/p><p>\u00a0<\/p><p class=\"p1\"><span class=\"s1\">\u00c9poK est un atelier d\u2019\u00e9b\u00e9nisterie \u00e0 L\u2019Isle-sur-la-Sorgue<\/span>. De l\u2019Agencement \u00e0 la conception de Mobilier d\u2019Art, Jean Damien Pont vous invite \u00e0 d\u00e9couvrir tout un monde : du Bois massif au placage, du vernis aux laques&#8230; <span class=\"s1\">Un <\/span><span class=\"s2\">esprit et des mains au service de la Cr\u00e9ation et du Beau. <\/span><\/p>\t\t\t\t\t\t\t\t<\/div>\n\t\t\t\t<\/div>\n\t\t\t\t<\/div>\n\t\t<div class=\"elementor-element elementor-element-39eb9fb e-con-full e-flex e-con e-child\" data-id=\"39eb9fb\" data-element_type=\"container\" data-e-type=\"container\">\n\t\t\t\t<div class=\"elementor-element elementor-element-c3d587f elementor-widget elementor-widget-spacer\" data-id=\"c3d587f\" data-element_type=\"widget\" data-e-type=\"widget\" data-widget_type=\"spacer.default\">\n\t\t\t\t<div class=\"elementor-widget-container\">\n\t\t\t\t\t\t\t<div class=\"elementor-spacer\">\n\t\t\t<div class=\"elementor-spacer-inner\"><\/div>\n\t\t<\/div>\n\t\t\t\t\t\t<\/div>\n\t\t\t\t<\/div>\n\t\t\t\t<div class=\"elementor-element elementor-element-5fc0bd4 elementor-widget__width-initial elementor-widget elementor-widget-image\" data-id=\"5fc0bd4\" data-element_type=\"widget\" data-e-type=\"widget\" data-widget_type=\"image.default\">\n\t\t\t\t<div class=\"elementor-widget-container\">\n\t\t\t\t\t\t\t\t\t\t\t\t\t\t\t<img fetchpriority=\"high\" decoding=\"async\" width=\"800\" height=\"1000\" src=\"https:\/\/2025.buzzartfestival.com\/wp-content\/uploads\/2025\/09\/JEAN-DAMIEN-PONT-819x1024.jpg\" class=\"attachment-large size-large wp-image-1924\" alt=\"\" srcset=\"https:\/\/2025.buzzartfestival.com\/wp-content\/uploads\/2025\/09\/JEAN-DAMIEN-PONT-819x1024.jpg 819w, https:\/\/2025.buzzartfestival.com\/wp-content\/uploads\/2025\/09\/JEAN-DAMIEN-PONT-240x300.jpg 240w, https:\/\/2025.buzzartfestival.com\/wp-content\/uploads\/2025\/09\/JEAN-DAMIEN-PONT-768x960.jpg 768w, https:\/\/2025.buzzartfestival.com\/wp-content\/uploads\/2025\/09\/JEAN-DAMIEN-PONT.jpg 1080w\" sizes=\"(max-width: 800px) 100vw, 800px\" \/>\t\t\t\t\t\t\t\t\t\t\t\t\t\t\t<\/div>\n\t\t\t\t<\/div>\n\t\t\t\t<\/div>\n\t\t\t\t\t<\/div>\n\t\t\t\t<\/div>\n\t\t\t\t<\/div>\n\t\t","protected":false},"excerpt":{"rendered":"<p>\u00c9beniste d&rsquo;Art \u00a0 \u00c9poK est un atelier d\u2019\u00e9b\u00e9nisterie \u00e0 L\u2019Isle-sur-la-Sorgue. De l\u2019Agencement \u00e0 la conception de Mobilier d\u2019Art, Jean Damien Pont vous invite \u00e0 d\u00e9couvrir tout un monde : du Bois massif au placage, du vernis aux laques&#8230; Un esprit et des mains au service de la Cr\u00e9ation et du Beau.<\/p>\n","protected":false},"author":1,"featured_media":0,"parent":1557,"menu_order":0,"comment_status":"closed","ping_status":"closed","template":"","meta":{"inline_featured_image":false,"footnotes":""},"class_list":["post-1596","page","type-page","status-publish","hentry"],"_links":{"self":[{"href":"https:\/\/2025.buzzartfestival.com\/index.php\/wp-json\/wp\/v2\/pages\/1596","targetHints":{"allow":["GET"]}}],"collection":[{"href":"https:\/\/2025.buzzartfestival.com\/index.php\/wp-json\/wp\/v2\/pages"}],"about":[{"href":"https:\/\/2025.buzzartfestival.com\/index.php\/wp-json\/wp\/v2\/types\/page"}],"author":[{"embeddable":true,"href":"https:\/\/2025.buzzartfestival.com\/index.php\/wp-json\/wp\/v2\/users\/1"}],"replies":[{"embeddable":true,"href":"https:\/\/2025.buzzartfestival.com\/index.php\/wp-json\/wp\/v2\/comments?post=1596"}],"version-history":[{"count":10,"href":"https:\/\/2025.buzzartfestival.com\/index.php\/wp-json\/wp\/v2\/pages\/1596\/revisions"}],"predecessor-version":[{"id":1928,"href":"https:\/\/2025.buzzartfestival.com\/index.php\/wp-json\/wp\/v2\/pages\/1596\/revisions\/1928"}],"up":[{"embeddable":true,"href":"https:\/\/2025.buzzartfestival.com\/index.php\/wp-json\/wp\/v2\/pages\/1557"}],"wp:attachment":[{"href":"https:\/\/2025.buzzartfestival.com\/index.php\/wp-json\/wp\/v2\/media?parent=1596"}],"curies":[{"name":"wp","href":"https:\/\/api.w.org\/{rel}","templated":true}]}}