{"id":1591,"date":"2025-09-08T14:30:10","date_gmt":"2025-09-08T12:30:10","guid":{"rendered":"https:\/\/2025.buzzartfestival.com\/?page_id=1591"},"modified":"2025-09-16T10:04:08","modified_gmt":"2025-09-16T08:04:08","slug":"aurelie-maelle-guennec","status":"publish","type":"page","link":"https:\/\/2025.buzzartfestival.com\/index.php\/edition-2025\/les-metiers-dart\/les-artisans-dart\/aurelie-maelle-guennec\/","title":{"rendered":"Mael &amp; Aur\u00e9lie Le Guennec"},"content":{"rendered":"\t\t<div data-elementor-type=\"wp-page\" data-elementor-id=\"1591\" class=\"elementor elementor-1591\" data-elementor-post-type=\"page\">\n\t\t\t\t<div class=\"elementor-element elementor-element-28de19e e-flex e-con-boxed e-con e-child\" data-id=\"28de19e\" data-element_type=\"container\" data-e-type=\"container\">\n\t\t\t\t\t<div class=\"e-con-inner\">\n\t\t<div class=\"elementor-element elementor-element-138b87d e-con-full e-flex e-con e-child\" data-id=\"138b87d\" data-element_type=\"container\" data-e-type=\"container\">\n\t\t\t\t<div class=\"elementor-element elementor-element-fad3758 elementor-widget elementor-widget-spacer\" data-id=\"fad3758\" data-element_type=\"widget\" data-e-type=\"widget\" data-widget_type=\"spacer.default\">\n\t\t\t\t<div class=\"elementor-widget-container\">\n\t\t\t\t\t\t\t<div class=\"elementor-spacer\">\n\t\t\t<div class=\"elementor-spacer-inner\"><\/div>\n\t\t<\/div>\n\t\t\t\t\t\t<\/div>\n\t\t\t\t<\/div>\n\t\t\t\t<div class=\"elementor-element elementor-element-cb49744 elementor-widget elementor-widget-text-editor\" data-id=\"cb49744\" data-element_type=\"widget\" data-e-type=\"widget\" data-widget_type=\"text-editor.default\">\n\t\t\t\t<div class=\"elementor-widget-container\">\n\t\t\t\t\t\t\t\t\t<p class=\"p1\">ATELIER L\u2019Art De L\u2019Or<\/p><p class=\"p1\">Mael &amp; Aur\u00e9lie LE GUENNEC<\/p><p>\u00a0<\/p><p data-start=\"603\" data-end=\"1501\"><em data-start=\"645\" data-end=\"663\">Doreurs sur Bois<\/em><\/p><p data-start=\"603\" data-end=\"1501\">\u00a0<\/p><p class=\"p1\">Install\u00e9s \u00e0 L\u2019Isle-sur-la-Sorgue, nous perp\u00e9tuons l\u2019art de la dorure sur bois avec un savoir-faire traditionnel. Depuis plus de 20 ans, nous travaillons exclusivement selon les techniques ancestrales de la dorure \u00e0 l\u2019eau et \u00e0 la d\u00e9trempe : appr\u00eats \u00e0 base de colle de peau de lapin, blanc de Meudon, assiette \u00e0 dorer et or 24 carats<\/p><p class=\"p1\">Notre parcours nous a men\u00e9s \u00e0 travers des chantiers prestigieux en France et \u00e0 l\u2019\u00e9tranger, ainsi qu\u2019au sein d\u2019ateliers sp\u00e9cialis\u00e9s dans la restauration de cadres, miroirs et mobilier dor\u00e9.<\/p><p class=\"p1\">Aujourd\u2019hui, notre atelier collabore \u00e9troitement avec les antiquaires, mais aussi avec les particuliers soucieux de pr\u00e9server et sublimer le patrimoine.<\/p><p class=\"p1\">Chaque pi\u00e8ce qui passe entre nos mains b\u00e9n\u00e9ficie du m\u00eame soin et de la m\u00eame exigence, dans le respect des traditions qui font la noblesse de notre m\u00e9tier<\/p><p data-start=\"1503\" data-end=\"1535\">INSTAGRAM : <a href=\"https:\/\/www.instagram.com\/l_art_de_l_or\/?hl=fr\">@l_art_de_l_or<\/a><\/p>\t\t\t\t\t\t\t\t<\/div>\n\t\t\t\t<\/div>\n\t\t\t\t<\/div>\n\t\t<div class=\"elementor-element elementor-element-b9313d1 e-con-full e-flex e-con e-child\" data-id=\"b9313d1\" data-element_type=\"container\" data-e-type=\"container\">\n\t\t\t\t<div class=\"elementor-element elementor-element-35b9d08 elementor-widget elementor-widget-spacer\" data-id=\"35b9d08\" data-element_type=\"widget\" data-e-type=\"widget\" data-widget_type=\"spacer.default\">\n\t\t\t\t<div class=\"elementor-widget-container\">\n\t\t\t\t\t\t\t<div class=\"elementor-spacer\">\n\t\t\t<div class=\"elementor-spacer-inner\"><\/div>\n\t\t<\/div>\n\t\t\t\t\t\t<\/div>\n\t\t\t\t<\/div>\n\t\t\t\t<div class=\"elementor-element elementor-element-e2c720d elementor-widget__width-initial elementor-widget elementor-widget-image\" data-id=\"e2c720d\" data-element_type=\"widget\" data-e-type=\"widget\" data-widget_type=\"image.default\">\n\t\t\t\t<div class=\"elementor-widget-container\">\n\t\t\t\t\t\t\t\t\t\t\t\t\t\t\t<img fetchpriority=\"high\" decoding=\"async\" width=\"800\" height=\"1000\" src=\"https:\/\/2025.buzzartfestival.com\/wp-content\/uploads\/2025\/09\/MAEL-AURELIE-LE-GUENNEC-819x1024.jpg\" class=\"attachment-large size-large wp-image-1915\" alt=\"\" srcset=\"https:\/\/2025.buzzartfestival.com\/wp-content\/uploads\/2025\/09\/MAEL-AURELIE-LE-GUENNEC-819x1024.jpg 819w, https:\/\/2025.buzzartfestival.com\/wp-content\/uploads\/2025\/09\/MAEL-AURELIE-LE-GUENNEC-240x300.jpg 240w, https:\/\/2025.buzzartfestival.com\/wp-content\/uploads\/2025\/09\/MAEL-AURELIE-LE-GUENNEC-768x960.jpg 768w, https:\/\/2025.buzzartfestival.com\/wp-content\/uploads\/2025\/09\/MAEL-AURELIE-LE-GUENNEC.jpg 1080w\" sizes=\"(max-width: 800px) 100vw, 800px\" \/>\t\t\t\t\t\t\t\t\t\t\t\t\t\t\t<\/div>\n\t\t\t\t<\/div>\n\t\t\t\t<\/div>\n\t\t\t\t\t<\/div>\n\t\t\t\t<\/div>\n\t\t\t\t<\/div>\n\t\t","protected":false},"excerpt":{"rendered":"<p>ATELIER L\u2019Art De L\u2019Or Mael &amp; Aur\u00e9lie LE GUENNEC \u00a0 Doreurs sur Bois \u00a0 Install\u00e9s \u00e0 L\u2019Isle-sur-la-Sorgue, nous perp\u00e9tuons l\u2019art de la dorure sur bois avec un savoir-faire traditionnel. Depuis plus de 20 ans, nous travaillons exclusivement selon les techniques ancestrales de la dorure \u00e0 l\u2019eau et \u00e0 la d\u00e9trempe : appr\u00eats \u00e0 base de [&hellip;]<\/p>\n","protected":false},"author":1,"featured_media":0,"parent":1557,"menu_order":0,"comment_status":"closed","ping_status":"closed","template":"","meta":{"inline_featured_image":false,"footnotes":""},"class_list":["post-1591","page","type-page","status-publish","hentry"],"_links":{"self":[{"href":"https:\/\/2025.buzzartfestival.com\/index.php\/wp-json\/wp\/v2\/pages\/1591","targetHints":{"allow":["GET"]}}],"collection":[{"href":"https:\/\/2025.buzzartfestival.com\/index.php\/wp-json\/wp\/v2\/pages"}],"about":[{"href":"https:\/\/2025.buzzartfestival.com\/index.php\/wp-json\/wp\/v2\/types\/page"}],"author":[{"embeddable":true,"href":"https:\/\/2025.buzzartfestival.com\/index.php\/wp-json\/wp\/v2\/users\/1"}],"replies":[{"embeddable":true,"href":"https:\/\/2025.buzzartfestival.com\/index.php\/wp-json\/wp\/v2\/comments?post=1591"}],"version-history":[{"count":11,"href":"https:\/\/2025.buzzartfestival.com\/index.php\/wp-json\/wp\/v2\/pages\/1591\/revisions"}],"predecessor-version":[{"id":1922,"href":"https:\/\/2025.buzzartfestival.com\/index.php\/wp-json\/wp\/v2\/pages\/1591\/revisions\/1922"}],"up":[{"embeddable":true,"href":"https:\/\/2025.buzzartfestival.com\/index.php\/wp-json\/wp\/v2\/pages\/1557"}],"wp:attachment":[{"href":"https:\/\/2025.buzzartfestival.com\/index.php\/wp-json\/wp\/v2\/media?parent=1591"}],"curies":[{"name":"wp","href":"https:\/\/api.w.org\/{rel}","templated":true}]}}