{"id":1562,"date":"2025-09-08T14:09:01","date_gmt":"2025-09-08T12:09:01","guid":{"rendered":"https:\/\/2025.buzzartfestival.com\/?page_id=1562"},"modified":"2025-09-08T14:10:32","modified_gmt":"2025-09-08T12:10:32","slug":"florian-bayer","status":"publish","type":"page","link":"https:\/\/2025.buzzartfestival.com\/index.php\/edition-2025\/les-metiers-dart\/les-artisans-dart\/florian-bayer\/","title":{"rendered":"Florian Bayer"},"content":{"rendered":"\t\t<div data-elementor-type=\"wp-page\" data-elementor-id=\"1562\" class=\"elementor elementor-1562\" data-elementor-post-type=\"page\">\n\t\t\t\t<div class=\"elementor-element elementor-element-cf4c3e1 e-con-full e-flex e-con e-child\" data-id=\"cf4c3e1\" data-element_type=\"container\" data-e-type=\"container\">\n\t\t<div class=\"elementor-element elementor-element-31de59b e-con-full e-flex e-con e-child\" data-id=\"31de59b\" data-element_type=\"container\" data-e-type=\"container\">\n\t\t\t\t<div class=\"elementor-element elementor-element-03adddf elementor-widget elementor-widget-spacer\" data-id=\"03adddf\" data-element_type=\"widget\" data-e-type=\"widget\" data-widget_type=\"spacer.default\">\n\t\t\t\t<div class=\"elementor-widget-container\">\n\t\t\t\t\t\t\t<div class=\"elementor-spacer\">\n\t\t\t<div class=\"elementor-spacer-inner\"><\/div>\n\t\t<\/div>\n\t\t\t\t\t\t<\/div>\n\t\t\t\t<\/div>\n\t\t\t\t<div class=\"elementor-element elementor-element-9bfc875 elementor-widget elementor-widget-text-editor\" data-id=\"9bfc875\" data-element_type=\"widget\" data-e-type=\"widget\" data-widget_type=\"text-editor.default\">\n\t\t\t\t<div class=\"elementor-widget-container\">\n\t\t\t\t\t\t\t\t\t<p class=\"docData;DOCY;v5;14624;BQiAAgAAEYQCAAAGiAIAAAM7NQAABUk1AAAAAAAAAAAAAAAAAAAAAAAAAAAAAAAAAAAAAAAAAAAAAAAAAAAAAAAAAAAAAAAAAAAAAAAAAAAAAAAAAAAAAAAAAAAAAAAAAAAAAAAAAAAAAAAAAAAAAAAAAAAAAAAAAAAAAAAAAAAAAAAAAAAAAAAAAAAAAAAAAAAAAAAAAAAAAAAAAAAAAAAAAAAAAAAAAAAAAAAAAAAAAAAAAAAAAAAAAAAAAAAAAAAAAAAAAAAAAAAAAAAAAAAAAAAAAAAAAAAAAAAAAAAAAAAAAAAAAAAAAAAAAAAAAAAAAAAAAAAAAAAAAAAAAAAAAAAAAAAAAAAAAAAAAAAAAAAAAAAAAAAAAAAAAAAAAAAAAAAAAAAAAAAAAAAAAAAAAAAAAAAAAAAAAAAAAAAAAAAAAAAAAAAAAAAAAAAAAAAAAAAAAAAAAAAAAAAAAAAAAAAAAAAAAAAAAAAAAAAAAAAAAAAAAAAAAAAAAAAAAAAAAAAAAAAAAAAAAAAAAAAAAAAAAAAAAAAAAAAAAAAAAAAAAAAAAAAAAAAAAAAAAAAAAAAAAAAAAAAAAAAAAAAAAAAAAAAAAAAAAAAAAAAAAAAAAAAAAAAAAAAAAAAAAAAAAAAAAAAAAAAAAAAAAAAAAAAAAAAAAAAAAAAAAAAAAAAAAAAAAAAAAAAAAAAAAAAAAAAAAAAAAAAAAAAAAAAAAAAAAAAAAAAAAAAAAAAAAAAAAAAAAAAAAAAAAAAAAAAAAAAAAAAAAAAAAAAAAAAAAAAAAAAAAAAAAAAAAAAAAAAAAAAAAAAAAAAAAAAAAAAAAAAAAAAAAAAAAAAAAAAAAAAAAAAArzIAAACnAQAAAZcAAAAVBgYAAAA2ADMAMgABBhIAAAAkBAAAAAAlBAAAAAAmBAAAAAAFAQMJBgYAAAApBPAAAAAaBlgAAAAAAQECAQEEBgoAAABUAGkAbQBlAHMABQYKAAAAVABpAG0AZQBzAAcGCgAAAFQAaQBtAGUAcwAGBgoAAABUAGkAbQBlAHMACAQYAAAAFAEBFgQYAAAAGAEAGwYAAAAAAgYBAAAFiwAAAAFIAAAAAAEBAgEBBAYKAAAAVABpAG0AZQBzAAUGCgAAAFQAaQBtAGUAcwAIBBgAAAAUAQEWBBgAAAAYAQAZBgoAAABlAG4ALQBVAFMACDkAAAAANAAAAEEAIABwAHIAbwBwAG8AcwAgAGQAZQAgAGwAYQAgAEYAbwBuAGQAYQB0AGkAbwBuADoAIAAFCgAAAAEAAAAACAAAAAAFYgAAAAFYAAAAAAEBAgEBBAYKAAAAVABpAG0AZQBzAAUGCgAAAFQAaQBtAGUAcwAHBgoAAABUAGkAbQBlAHMABgYKAAAAVABpAG0AZQBzAAgEGAAAABQBARYEGAAAABgBAAgAAAAAAL0RAAABngAAABUGBgAAADYAMwAyAAEGEgAAACQEAAAAACUEAAAAACYEAAAAAAUBAwkGAAAAABoGZQAAAAQGCgAAAFQAaQBtAGUAcwAFBgoAAABUAGkAbQBlAHMABwYKAAAAVABpAG0AZQBzAAYGCgAAAFQAaQBtAGUAcwAIBBgAAAAWBBgAAAAYAQAdBhAAAAAAAQADA\/\/\/\/wIGAgAAAAAAGwYAAAAAAhURAAAFZgAAAAFVAAAABAYKAAAAVABpAG0AZQBzAAUGCgAAAFQAaQBtAGUAcwAIBBgAAAAWBBgAAAAYAQAZBgoAAABlAG4ALQBVAFMAHQYQAAAAAAEAAwP\/\/\/8CBgIAAAAAAAgHAAAAAAIAAABBAAVrAAAAAVgAAAAEBgoAAABUAGkAbQBlAHMABQYKAAAAVABpAG0AZQBzABMBAQgEGAAAABYEGAAAABgBABkGCgAAAGUAbgAtAFUAUwAdBhAAAAAAAQADA\/\/\/\/wIGAgAAAAAACAkAAAAABAAAAAADIAAFZgAAAAFVAAAABAYKAAAAVABpAG0AZQBzAAUGCgAAAFQAaQBtAGUAcwAIBBgAAAAWBBgAAAAYAQAZBgoAAABlAG4ALQBVAFMAHQYQAAAAAAEAAwP\/\/\/8CBgIAAAAAAAgHAAAAAAIAAABsAAVpAAAAAVgAAAAEBgoAAABUAGkAbQBlAHMABQYKAAAAVABpAG0AZQBzABMBAQgEGAAAABYEGAAAABgBABkGCgAAAGUAbgAtAFUAUwAdBhAAAAAAAQADA\/\/\/\/wIGAgAAAAAACAcAAAAAAgAAABkgBeoAAAABVQAAAAQGCgAAAFQAaQBtAGUAcwAFBgoAAABUAGkAbQBlAHMACAQYAAAAFgQYAAAAGAEAGQYKAAAAZQBuAC0AVQBTAB0GEAAAAAABAAMD\/\/\/\/AgYCAAAAAAAIiwAAAACGAAAAbwByAGkAZwBpAG4AZQAgAGQAZQAgAGwAYQAgAEYAbwBuAGQAYQB0AGkAbwBuACAAVgBpAGwAbABhACAARABhAHQAcgBpAHMALAAgAGkAbAAgAHkAIABhACAAZQB1ACAAZQBuACAAcAByAGUAbQBpAGUAcgAgAGwAaQBlAHUAIABjAGUAdAAFaQAAAAFYAAAABAYKAAAAVABpAG0AZQBzAAUGCgAAAFQAaQBtAGUAcwATAQEIBBgAAAAWBBgAAAAYAQAZBgoAAABlAG4ALQBVAFMAHQYQAAAAAAEAAwP\/\/\/8CBgIAAAAAAAgHAAAAAAIAAACgAAV8AAAAAVUAAAAEBgoAAABUAGkAbQBlAHMABQYKAAAAVABpAG0AZQBzAAgEGAAAABYEGAAAABgBABkGCgAAAGUAbgAtAFUAUwAdBhAAAAAAAQADA\/\/\/\/wIGAgAAAAAACB0AAAAAGAAAAGEAdAB0AHIAYQBpAHQAIABpAHIAcgBlAAVpAAAAAVgAAAAEBgoAAABUAGkAbQBlAHMABQYKAAAAVABpAG0AZQBzABMBAQgEGAAAABYEGAAAABgBABkGCgAAAGUAbgAtAFUAUwAdBhAAAAAAAQADA\/\/\/\/wIGAgAAAAAACAcAAAAAAgAAAAEDBcAAAAABVQAAAAQGCgAAAFQAaQBtAGUAcwAFBgoAAABUAGkAbQBlAHMACAQYAAAAFgQYAAAAGAEAGQYKAAAAZQBuAC0AVQBTAB0GEAAAAAABAAMD\/\/\/\/AgYCAAAAAAAIYQAAAABcAAAAcwBpAHMAdABpAGIAbABlACAAcABvAHUAcgAgAGwAZQAgAFMAdQBkACwAIABsAGEAIABQAHIAbwB2AGUAbgBjAGUALAAgAGUAdAAgAHQAbwB1AHQAIABzAHAAZQAFaQAAAAFYAAAABAYKAAAAVABpAG0AZQBzAAUGCgAAAFQAaQBtAGUAcwATAQEIBBgAAAAWBBgAAAAYAQAZBgoAAABlAG4ALQBVAFMAHQYQAAAAAAEAAwP\/\/\/8CBgIAAAAAAAgHAAAAAAIAAAABAwV6AAAAAVUAAAAEBgoAAABUAGkAbQBlAHMABQYKAAAAVABpAG0AZQBzAAgEGAAAABYEGAAAABgBABkGCgAAAGUAbgAtAFUAUwAdBhAAAAAAAQADA\/\/\/\/wIGAgAAAAAACBsAAAAAFgAAAGMAaQBhAGwAZQBtAGUAbgB0ACAATAAFaQAAAAFYAAAABAYKAAAAVABpAG0AZQBzAAUGCgAAAFQAaQBtAGUAcwATAQEIBBgAAAAWBBgAAAAYAQAZBgoAAABlAG4ALQBVAFMAHQYQAAAAAAEAAwP\/\/\/8CBgIAAAAAAAgHAAAAAAIAAAAZIAWsAAAAAVUAAAAEBgoAAABUAGkAbQBlAHMABQYKAAAAVABpAG0AZQBzAAgEGAAAABYEGAAAABgBABkGCgAAAGUAbgAtAFUAUwAdBhAAAAAAAQADA\/\/\/\/wIGAgAAAAAACE0AAAAASAAAAEkAcwBsAGUALQBzAHUAcgAtAGwAYQAtAFMAbwByAGcAdQBlACAAZQB0ACAAbABlACAATAB1AGIAZQByAG8AbgAsACAAbwB1AAVrAAAAAVgAAAAEBgoAAABUAGkAbQBlAHMABQYKAAAAVABpAG0AZQBzABMBAQgEGAAAABYEGAAAABgBABkGCgAAAGUAbgAtAFUAUwAdBhAAAAAAAQADA\/\/\/\/wIGAgAAAAAACAkAAAAABAAAAAADIAAFbgAAAAFVAAAABAYKAAAAVABpAG0AZQBzAAUGCgAAAFQAaQBtAGUAcwAIBBgAAAAWBBgAAAAYAQAZBgoAAABlAG4ALQBVAFMAHQYQAAAAAAEAAwP\/\/\/8CBgIAAAAAAAgPAAAAAAoAAABEAGEAbgBpAGUABWkAAAABWAAAAAQGCgAAAFQAaQBtAGUAcwAFBgoAAABUAGkAbQBlAHMAEwEBCAQYAAAAFgQYAAAAGAEAGQYKAAAAZQBuAC0AVQBTAB0GEAAAAAABAAMD\/\/\/\/AgYCAAAAAAAIBwAAAAACAAAAAAMFzgAAAAFVAAAABAYKAAAAVABpAG0AZQBzAAUGCgAAAFQAaQBtAGUAcwAIBBgAAAAWBBgAAAAYAQAZBgoAAABlAG4ALQBVAFMAHQYQAAAAAAEAAwP\/\/\/8CBgIAAAAAAAhvAAAAAGoAAABsAGUAIABLAGEAcABlAGwALQBNAGEAcgBjAG8AdgBpAGMAaQAgAGUAdAAgAFQAcgBpAHMAdABhAG4AIABGAG8AdQByAHQAaQBuAGUAIAB2AG8AbgB0ACAAcABhAHMAcwBpAG8AbgBuAGUABWkAAAABWAAAAAQGCgAAAFQAaQBtAGUAcwAFBgoAAABUAGkAbQBlAHMAEwEBCAQYAAAAFgQYAAAAGAEAGQYKAAAAZQBuAC0AVQBTAB0GEAAAAAABAAMD\/\/\/\/AgYCAAAAAAAIBwAAAAACAAAAAQMFqgAAAAFVAAAABAYKAAAAVABpAG0AZQBzAAUGCgAAAFQAaQBtAGUAcwAIBBgAAAAWBBgAAAAYAQAZBgoAAABlAG4ALQBVAFMAHQYQAAAAAAEAAwP\/\/\/8CBgIAAAAAAAhLAAAAAEYAAABtAGUAbgB0ACAAcgBlAGMAaABlAHIAYwBoAGUAcgAgAHUAbgAgAGEAbgBjAHIAYQBnAGUAIABlAHQAIAB1AG4AZQAgAGUABWkAAAABWAAAAAQGCgAAAFQAaQBtAGUAcwAFBgoAAABUAGkAbQBlAHMAEwEBCAQYAAAAFgQYAAAAGAEAGQYKAAAAZQBuAC0AVQBTAB0GEAAAAAABAAMD\/\/\/\/AgYCAAAAAAAIBwAAAAACAAAAAQMFhgAAAAFVAAAABAYKAAAAVABpAG0AZQBzAAUGCgAAAFQAaQBtAGUAcwAIBBgAAAAWBBgAAAAYAQAZBgoAAABlAG4ALQBVAFMAHQYQAAAAAAEAAwP\/\/\/8CBgIAAAAAAAgnAAAAACIAAAB2AGEAcwBpAG8AbgAuACAAUwBpAG0AdQBsAHQAYQBuAGUABWkAAAABWAAAAAQGCgAAAFQAaQBtAGUAcwAFBgoAAABUAGkAbQBlAHMAEwEBCAQYAAAAFgQYAAAAGAEAGQYKAAAAZQBuAC0AVQBTAB0GEAAAAAABAAMD\/\/\/\/AgYCAAAAAAAIBwAAAAACAAAAAQMFigAAAAFVAAAABAYKAAAAVABpAG0AZQBzAAUGCgAAAFQAaQBtAGUAcwAIBBgAAAAWBBgAAAAYAQAZBgoAAABlAG4ALQBVAFMAHQYQAAAAAAEAAwP\/\/\/8CBgIAAAAAAAgrAAAAACYAAABtAGUAbgB0ACwAIABpAGwAIAB5ACAAYQB2AGEAaQB0ACAAZABlAAVpAAAAAVgAAAAEBgoAAABUAGkAbQBlAHMABQYKAAAAVABpAG0AZQBzABMBAQgEGAAAABYEGAAAABgBABkGCgAAAGUAbgAtAFUAUwAdBhAAAAAAAQADA\/\/\/\/wIGAgAAAAAACAcAAAAAAgAAAAEDBWgAAAABVQAAAAQGCgAAAFQAaQBtAGUAcwAFBgoAAABUAGkAbQBlAHMACAQYAAAAFgQYAAAAGAEAGQYKAAAAZQBuAC0AVQBTAB0GEAAAAAABAAMD\/\/\/\/AgYCAAAAAAAICQAAAAAEAAAAagBhAAVrAAAAAVgAAAAEBgoAAABUAGkAbQBlAHMABQYKAAAAVABpAG0AZQBzABMBAQgEGAAAABYEGAAAABgBABkGCgAAAGUAbgAtAFUAUwAdBhAAAAAAAQADA\/\/\/\/wIGAgAAAAAACAkAAAAABAAAAAADIAAF7AAAAAFVAAAABAYKAAAAVABpAG0AZQBzAAUGCgAAAFQAaQBtAGUAcwAIBBgAAAAWBBgAAAAYAQAZBgoAAABlAG4ALQBVAFMAHQYQAAAAAAEAAwP\/\/\/8CBgIAAAAAAAiNAAAAAIgAAABjAGgAZQB6ACAAZQB1AHgAIABkAGUAcAB1AGkAcwAgAGwAbwBuAGcAdABlAG0AcABzACAAdQBuAGUAIABhAHQAdAByAGEAYwB0AGkAbwBuACAAdABvAHUAdAAgAGEAdQBzAHMAaQAgAHAAdQBpAHMAcwBhAG4AdABlACAAcABvAHUAcgAgAGwABWkAAAABWAAAAAQGCgAAAFQAaQBtAGUAcwAFBgoAAABUAGkAbQBlAHMAEwEBCAQYAAAAFgQYAAAAGAEAGQYKAAAAZQBuAC0AVQBTAB0GEAAAAAABAAMD\/\/\/\/AgYCAAAAAAAIBwAAAAACAAAAGSAFngAAAAFVAAAABAYKAAAAVABpAG0AZQBzAAUGCgAAAFQAaQBtAGUAcwAIBBgAAAAWBBgAAAAYAQAZBgoAAABlAG4ALQBVAFMAHQYQAAAAAAEAAwP\/\/\/8CBgIAAAAAAAg\/AAAAADoAAABhAHIAdAAsACAAZQB0ACAAZQBuACAAcABhAHIAdABpAGMAdQBsAGkAZQByACAAcABvAHUAcgAgAGwABWkAAAABWAAAAAQGCgAAAFQAaQBtAGUAcwAFBgoAAABUAGkAbQBlAHMAEwEBCAQYAAAAFgQYAAAAGAEAGQYKAAAAZQBuAC0AVQBTAB0GEAAAAAABAAMD\/\/\/\/AgYCAAAAAAAIBwAAAAACAAAAGSAFygAAAAFVAAAABAYKAAAAVABpAG0AZQBzAAUGCgAAAFQAaQBtAGUAcwAIBBgAAAAWBBgAAAAYAQAZBgoAAABlAG4ALQBVAFMAHQYQAAAAAAEAAwP\/\/\/8CBgIAAAAAAAhrAAAAAGYAAABhAGIAcwB0AHIAYQBjAHQAaQBvAG4AIABlAHQAIABsAGEAIABzAGMAdQBsAHAAdAB1AHIAZQAgAHMAbwB1AHMAIAB0AG8AdQB0AGUAcwAgAHMAZQBzACAAZgBvAHIAbQBlAHMALgAFCgAAAAEAAAAACAAAAAAFbwAAAAFlAAAABAYKAAAAVABpAG0AZQBzAAUGCgAAAFQAaQBtAGUAcwAHBgoAAABUAGkAbQBlAHMABgYKAAAAVABpAG0AZQBzAAgEGAAAABYEGAAAABgBAB0GEAAAAAABAAMD\/\/\/\/AgYCAAAAAAAIAAAAAACfAQAAAZ4AAAAVBgYAAAA2ADMAMgABBhIAAAAkBAAAAAAlBAAAAAAmBAAAAAAFAQMJBgAAAAAaBmUAAAAEBgoAAABUAGkAbQBlAHMABQYKAAAAVABpAG0AZQBzAAcGCgAAAFQAaQBtAGUAcwAGBgoAAABUAGkAbQBlAHMACAQYAAAAFgQYAAAAGAEAHQYQAAAAAAEAAwP\/\/\/8CBgIAAAAAABsGAAAAAAL3AAAABW8AAAABZQAAAAQGCgAAAFQAaQBtAGUAcwAFBgoAAABUAGkAbQBlAHMABwYKAAAAVABpAG0AZQBzAAYGCgAAAFQAaQBtAGUAcwAIBBgAAAAWBBgAAAAYAQAdBhAAAAAAAQADA\/\/\/\/wIGAgAAAAAACAAAAAAFCgAAAAEAAAAACAAAAAAFbwAAAAFlAAAABAYKAAAAVABpAG0AZQBzAAUGCgAAAFQAaQBtAGUAcwAHBgoAAABUAGkAbQBlAHMABgYKAAAAVABpAG0AZQBzAAgEGAAAABYEGAAAABgBAB0GEAAAAAABAAMD\/\/\/\/AgYCAAAAAAAIAAAAAAB3EwAAAZ4AAAAVBgYAAAA2ADMAMgABBhIAAAAkBAAAAAAlBAAAAAAmBAAAAAAFAQMJBgAAAAAaBmUAAAAEBgoAAABUAGkAbQBlAHMABQYKAAAAVABpAG0AZQBzAAcGCgAAAFQAaQBtAGUAcwAGBgoAAABUAGkAbQBlAHMACAQYAAAAFgQYAAAAGAEAHQYQAAAAAAEAAwP\/\/\/8CBgIAAAAAABsGAAAAAALPEgAABWYAAAABVQAAAAQGCgAAAFQAaQBtAGUAcwAFBgoAAABUAGkAbQBlAHMACAQYAAAAFgQYAAAAGAEAGQYKAAAAZQBuAC0AVQBTAB0GEAAAAAABAAMD\/\/\/\/AgYCAAAAAAAIBwAAAAACAAAATAAFaQAAAAFYAAAABAYKAAAAVABpAG0AZQBzAAUGCgAAAFQAaQBtAGUAcwATAQEIBBgAAAAWBBgAAAAYAQAZBgoAAABlAG4ALQBVAFMAHQYQAAAAAAEAAwP\/\/\/8CBgIAAAAAAAgHAAAAAAIAAAAZIAVqAAAAAVUAAAAEBgoAAABUAGkAbQBlAHMABQYKAAAAVABpAG0AZQBzAAgEGAAAABYEGAAAABgBABkGCgAAAGUAbgAtAFUAUwAdBhAAAAAAAQADA\/\/\/\/wIGAgAAAAAACAsAAAAABgAAAGkAZABlAAVpAAAAAVgAAAAEBgoAAABUAGkAbQBlAHMABQYKAAAAVABpAG0AZQBzABMBAQgEGAAAABYEGAAAABgBABkGCgAAAGUAbgAtAFUAUwAdBhAAAAAAAQADA\/\/\/\/wIGAgAAAAAACAcAAAAAAgAAAAEDBX4AAAABVQAAAAQGCgAAAFQAaQBtAGUAcwAFBgoAAABUAGkAbQBlAHMACAQYAAAAFgQYAAAAGAEAGQYKAAAAZQBuAC0AVQBTAB0GEAAAAAABAAMD\/\/\/\/AgYCAAAAAAAIHwAAAAAaAAAAZQAgAGQAZQAgAGYAYQBpAHIAZQAgAGQAZQAFaQAAAAFYAAAABAYKAAAAVABpAG0AZQBzAAUGCgAAAFQAaQBtAGUAcwATAQEIBBgAAAAWBBgAAAAYAQAZBgoAAABlAG4ALQBVAFMAHQYQAAAAAAEAAwP\/\/\/8CBgIAAAAAAAgHAAAAAAIAAAABAwWsAAAAAVUAAAAEBgoAAABUAGkAbQBlAHMABQYKAAAAVABpAG0AZQBzAAgEGAAAABYEGAAAABgBABkGCgAAAGUAbgAtAFUAUwAdBhAAAAAAAQADA\/\/\/\/wIGAgAAAAAACE0AAAAASAAAAGMAbwB1AHYAcgBpAHIAIABsAGEAIABzAGMAdQBsAHAAdAB1AHIAZQAgAGMAbwBuAHQAZQBtAHAAbwByAGEAaQBuAGUAIABhAAVrAAAAAVgAAAAEBgoAAABUAGkAbQBlAHMABQYKAAAAVABpAG0AZQBzABMBAQgEGAAAABYEGAAAABgBABkGCgAAAGUAbgAtAFUAUwAdBhAAAAAAAQADA\/\/\/\/wIGAgAAAAAACAkAAAAABAAAAAADIAAFogAAAAFVAAAABAYKAAAAVABpAG0AZQBzAAUGCgAAAFQAaQBtAGUAcwAIBBgAAAAWBBgAAAAYAQAZBgoAAABlAG4ALQBVAFMAHQYQAAAAAAEAAwP\/\/\/8CBgIAAAAAAAhDAAAAAD4AAAB0AHIAYQB2AGUAcgBzACAAZABlAHMAIABlAHgAcABvAHMAaQB0AGkAbwBuAHMAIABkAGUAcwB0AGkAbgBlAAVpAAAAAVgAAAAEBgoAAABUAGkAbQBlAHMABQYKAAAAVABpAG0AZQBzABMBAQgEGAAAABYEGAAAABgBABkGCgAAAGUAbgAtAFUAUwAdBhAAAAAAAQADA\/\/\/\/wIGAgAAAAAACAcAAAAAAgAAAAEDBZ4AAAABVQAAAAQGCgAAAFQAaQBtAGUAcwAFBgoAAABUAGkAbQBlAHMACAQYAAAAFgQYAAAAGAEAGQYKAAAAZQBuAC0AVQBTAB0GEAAAAAABAAMD\/\/\/\/AgYCAAAAAAAIPwAAAAA6AAAAZQBzACAAYQB1ACAAcAB1AGIAbABpAGMAIABjAG8AbQBtAGUAbgBjAGUAIABhAGwAbwByAHMAIABhAAVrAAAAAVgAAAAEBgoAAABUAGkAbQBlAHMABQYKAAAAVABpAG0AZQBzABMBAQgEGAAAABYEGAAAABgBABkGCgAAAGUAbgAtAFUAUwAdBhAAAAAAAQADA\/\/\/\/wIGAgAAAAAACAkAAAAABAAAAAADIAAFhAAAAAFVAAAABAYKAAAAVABpAG0AZQBzAAUGCgAAAFQAaQBtAGUAcwAIBBgAAAAWBBgAAAAYAQAZBgoAAABlAG4ALQBVAFMAHQYQAAAAAAEAAwP\/\/\/8CBgIAAAAAAAglAAAAACAAAABmAGEAaQByAGUAIABzAG8AbgAgAGMAaABlAG0AaQBuAAVrAAAAAVgAAAAEBgoAAABUAGkAbQBlAHMABQYKAAAAVABpAG0AZQBzABMBAQgEGAAAABYEGAAAABgBABkGCgAAAGUAbgAtAFUAUwAdBhAAAAAAAQADA\/\/\/\/wIGAgAAAAAACAkAAAAABAAAACYgIAAFjAAAAAFVAAAABAYKAAAAVABpAG0AZQBzAAUGCgAAAFQAaQBtAGUAcwAIBBgAAAAWBBgAAAAYAQAZBgoAAABlAG4ALQBVAFMAHQYQAAAAAAEAAwP\/\/\/8CBgIAAAAAAAgtAAAAACgAAABFAG4AIAAyADAAMQAwACwAIABsAGEAIAB2AGkAcwBpAHQAZQAgAGQABWkAAAABWAAAAAQGCgAAAFQAaQBtAGUAcwAFBgoAAABUAGkAbQBlAHMAEwEBCAQYAAAAFgQYAAAAGAEAGQYKAAAAZQBuAC0AVQBTAB0GEAAAAAABAAMD\/\/\/\/AgYCAAAAAAAIBwAAAAACAAAAGSAFmAAAAAFVAAAABAYKAAAAVABpAG0AZQBzAAUGCgAAAFQAaQBtAGUAcwAIBBgAAAAWBBgAAAAYAQAZBgoAAABlAG4ALQBVAFMAHQYQAAAAAAEAAwP\/\/\/8CBgIAAAAAAAg5AAAAADQAAAB1AG4AZQAgAGcAcgBhAG4AZABlACAAZABlAG0AZQB1AHIAZQAgAHAAcgBvAHYAZQBuAGMABWkAAAABWAAAAAQGCgAAAFQAaQBtAGUAcwAFBgoAAABUAGkAbQBlAHMAEwEBCAQYAAAAFgQYAAAAGAEAGQYKAAAAZQBuAC0AVQBTAB0GEAAAAAABAAMD\/\/\/\/AgYCAAAAAAAIBwAAAAACAAAAJwMFfAAAAAFVAAAABAYKAAAAVABpAG0AZQBzAAUGCgAAAFQAaQBtAGUAcwAIBBgAAAAWBBgAAAAYAQAZBgoAAABlAG4ALQBVAFMAHQYQAAAAAAEAAwP\/\/\/8CBgIAAAAAAAgdAAAAABgAAABhAGwAZQAgAGYAaQBuACAAWABJAFgAZQAFaQAAAAFYAAAABAYKAAAAVABpAG0AZQBzAAUGCgAAAFQAaQBtAGUAcwATAQEIBBgAAAAWBBgAAAAYAQAZBgoAAABlAG4ALQBVAFMAHQYQAAAAAAEAAwP\/\/\/8CBgIAAAAAAAgHAAAAAAIAAAAAAwVYAQAAAVUAAAAEBgoAAABUAGkAbQBlAHMABQYKAAAAVABpAG0AZQBzAAgEGAAAABYEGAAAABgBABkGCgAAAGUAbgAtAFUAUwAdBhAAAAAAAQADA\/\/\/\/wIGAgAAAAAACPkAAAAA9AAAAG0AZQAsACAAZQBuACAAYgBvAHIAZAAgAGQAZQAgAFMAbwByAGcAdQBlACwAIABsAGkAZQB1ACAAcAByAG8AdgBpAGQAZQBuAHQAaQBlAGwALAAgAGUAcwB0ACAAbABlACAAYwBhAHQAYQBsAHkAcwBlAHUAcgAgAHEAdQBpACAAcABlAHIAbQBlAHQAIABhAHUAIABwAHIAbwBqAGUAdAAgAGQAZQAgAHAAcgBlAG4AZAByAGUAIABjAG8AcgBwAHMAIAA6ACAAbABhACAAVgBpAGwAbABhACAARABhAHQAcgBpAHMAIABlAHMAdAAgAG4AZQAFaQAAAAFYAAAABAYKAAAAVABpAG0AZQBzAAUGCgAAAFQAaQBtAGUAcwATAQEIBBgAAAAWBBgAAAAYAQAZBgoAAABlAG4ALQBVAFMAHQYQAAAAAAEAAwP\/\/\/8CBgIAAAAAAAgHAAAAAAIAAAABAwWWAAAAAVUAAAAEBgoAAABUAGkAbQBlAHMABQYKAAAAVABpAG0AZQBzAAgEGAAAABYEGAAAABgBABkGCgAAAGUAbgAtAFUAUwAdBhAAAAAAAQADA\/\/\/\/wIGAgAAAAAACDcAAAAAMgAAAGUALgAgAEUAbABsAGUAIAB0AGkAcgBlACAAcwBvAG4AIABuAG8AbQAgAGQAZQAgAGwABWkAAAABWAAAAAQGCgAAAFQAaQBtAGUAcwAFBgoAAABUAGkAbQBlAHMAEwEBCAQYAAAAFgQYAAAAGAEAGQYKAAAAZQBuAC0AVQBTAB0GEAAAAAABAAMD\/\/\/\/AgYCAAAAAAAIBwAAAAACAAAAGSAFhAAAAAFVAAAABAYKAAAAVABpAG0AZQBzAAUGCgAAAFQAaQBtAGUAcwAIBBgAAAAWBBgAAAAYAQAZBgoAAABlAG4ALQBVAFMAHQYQAAAAAAEAAwP\/\/\/8CBgIAAAAAAAglAAAAACAAAABhAGwAbABpAGEAbgBjAGUAIABkAGUAcwAgAHAAcgBlAAVpAAAAAVgAAAAEBgoAAABUAGkAbQBlAHMABQYKAAAAVABpAG0AZQBzABMBAQgEGAAAABYEGAAAABgBABkGCgAAAGUAbgAtAFUAUwAdBhAAAAAAAQADA\/\/\/\/wIGAgAAAAAACAcAAAAAAgAAAAEDBX4AAAABVQAAAAQGCgAAAFQAaQBtAGUAcwAFBgoAAABUAGkAbQBlAHMACAQYAAAAFgQYAAAAGAEAGQYKAAAAZQBuAC0AVQBTAB0GEAAAAAABAAMD\/\/\/\/AgYCAAAAAAAIHwAAAAAaAAAAbgBvAG0AcwAgAGQAZQAgAEQAYQBuAGkAZQAFaQAAAAFYAAAABAYKAAAAVABpAG0AZQBzAAUGCgAAAFQAaQBtAGUAcwATAQEIBBgAAAAWBBgAAAAYAQAZBgoAAABlAG4ALQBVAFMAHQYQAAAAAAEAAwP\/\/\/8CBgIAAAAAAAgHAAAAAAIAAAAAAwXaAAAAAVUAAAAEBgoAAABUAGkAbQBlAHMABQYKAAAAVABpAG0AZQBzAAgEGAAAABYEGAAAABgBABkGCgAAAGUAbgAtAFUAUwAdBhAAAAAAAQADA\/\/\/\/wIGAgAAAAAACHsAAAAAdgAAAGwAZQAgAGUAdAAgAFQAcgBpAHMAdABhAG4ALAAgAHMAYwBlAGwAbABhAG4AdAAgAGMAZQB0ACAAZQB4AGEAbAB0AGEAbgB0ACAAcAByAG8AagBlAHQAIABhAHIAdABpAHMAdABpAHEAdQBlACAAbQBlAG4AZQAFawAAAAFYAAAABAYKAAAAVABpAG0AZQBzAAUGCgAAAFQAaQBtAGUAcwATAQEIBBgAAAAWBBgAAAAYAQAZBgoAAABlAG4ALQBVAFMAHQYQAAAAAAEAAwP\/\/\/8CBgIAAAAAAAgJAAAAAAQAAAABAyAABWYAAAABVQAAAAQGCgAAAFQAaQBtAGUAcwAFBgoAAABUAGkAbQBlAHMACAQYAAAAFgQYAAAAGAEAGQYKAAAAZQBuAC0AVQBTAB0GEAAAAAABAAMD\/\/\/\/AgYCAAAAAAAIBwAAAAACAAAAYQAFawAAAAFYAAAABAYKAAAAVABpAG0AZQBzAAUGCgAAAFQAaQBtAGUAcwATAQEIBBgAAAAWBBgAAAAYAQAZBgoAAABlAG4ALQBVAFMAHQYQAAAAAAEAAwP\/\/\/8CBgIAAAAAAAgJAAAAAAQAAAAAAyAABZ4AAAABVQAAAAQGCgAAAFQAaQBtAGUAcwAFBgoAAABUAGkAbQBlAHMACAQYAAAAFgQYAAAAGAEAGQYKAAAAZQBuAC0AVQBTAB0GEAAAAAABAAMD\/\/\/\/AgYCAAAAAAAIPwAAAAA6AAAAZABlAHUAeAAsACAAcwBvAHUAdABlAG4AdQAgAHAAYQByACAAdQBuACAAYwBlAHIAYwBsAGUAIABkAAVpAAAAAVgAAAAEBgoAAABUAGkAbQBlAHMABQYKAAAAVABpAG0AZQBzABMBAQgEGAAAABYEGAAAABgBABkGCgAAAGUAbgAtAFUAUwAdBhAAAAAAAQADA\/\/\/\/wIGAgAAAAAACAcAAAAAAgAAABkgBW4AAAABVQAAAAQGCgAAAFQAaQBtAGUAcwAFBgoAAABUAGkAbQBlAHMACAQYAAAAFgQYAAAAGAEAGQYKAAAAZQBuAC0AVQBTAB0GEAAAAAABAAMD\/\/\/\/AgYCAAAAAAAIDwAAAAAKAAAAYQBtAGkAcwAuAAUKAAAAAQAAAAAIAAAAAAVvAAAAAWUAAAAEBgoAAABUAGkAbQBlAHMABQYKAAAAVABpAG0AZQBzAAcGCgAAAFQAaQBtAGUAcwAGBgoAAABUAGkAbQBlAHMACAQYAAAAFgQYAAAAGAEAHQYQAAAAAAEAAwP\/\/\/8CBgIAAAAAAAgAAAAAABwKAAABngAAABUGBgAAADYAMwAyAAEGEgAAACQEAAAAACUEAAAAACYEAAAAAAUBAwkGAAAAABoGZQAAAAQGCgAAAFQAaQBtAGUAcwAFBgoAAABUAGkAbQBlAHMABwYKAAAAVABpAG0AZQBzAAYGCgAAAFQAaQBtAGUAcwAIBBgAAAAWBBgAAAAYAQAdBhAAAAAAAQADA\/\/\/\/wIGAgAAAAAAGwYAAAAAAnQJAAAF7AAAAAFVAAAABAYKAAAAVABpAG0AZQBzAAUGCgAAAFQAaQBtAGUAcwAIBBgAAAAWBBgAAAAYAQAZBgoAAABlAG4ALQBVAFMAHQYQAAAAAAEAAwP\/\/\/8CBgIAAAAAAAiNAAAAAIgAAABFAG4AIAAyADAAMQAxACwAIABsAGEAIABWAGkAbABsAGEAIABEAGEAdAByAGkAcwAgAG8AdQB2AHIAZQAgAHMAZQBzACAAcABvAHIAdABlAHMAIABhAHUAIABwAHUAYgBsAGkAYwAsACAAcwBvAHUAcwAgAGwAYQAgAGYAbwByAG0AZQAgAGQABWkAAAABWAAAAAQGCgAAAFQAaQBtAGUAcwAFBgoAAABUAGkAbQBlAHMAEwEBCAQYAAAAFgQYAAAAGAEAGQYKAAAAZQBuAC0AVQBTAB0GEAAAAAABAAMD\/\/\/\/AgYCAAAAAAAIBwAAAAACAAAAGSAFegAAAAFVAAAABAYKAAAAVABpAG0AZQBzAAUGCgAAAFQAaQBtAGUAcwAIBBgAAAAWBBgAAAAYAQAZBgoAAABlAG4ALQBVAFMAHQYQAAAAAAEAAwP\/\/\/8CBgIAAAAAAAgbAAAAABYAAAB1AG4AIABjAGUAbgB0AHIAZQAgAGQABWkAAAABWAAAAAQGCgAAAFQAaQBtAGUAcwAFBgoAAABUAGkAbQBlAHMAEwEBCAQYAAAAFgQYAAAAGAEAGQYKAAAAZQBuAC0AVQBTAB0GEAAAAAABAAMD\/\/\/\/AgYCAAAAAAAIBwAAAAACAAAAGSAFdgAAAAFVAAAABAYKAAAAVABpAG0AZQBzAAUGCgAAAFQAaQBtAGUAcwAIBBgAAAAWBBgAAAAYAQAZBgoAAABlAG4ALQBVAFMAHQYQAAAAAAEAAwP\/\/\/8CBgIAAAAAAAgXAAAAABIAAABhAHIAdAAgAHAAcgBpAHYAZQAFawAAAAFYAAAABAYKAAAAVABpAG0AZQBzAAUGCgAAAFQAaQBtAGUAcwATAQEIBBgAAAAWBBgAAAAYAQAZBgoAAABlAG4ALQBVAFMAHQYQAAAAAAEAAwP\/\/\/8CBgIAAAAAAAgJAAAAAAQAAAABAyAABZAAAAABVQAAAAQGCgAAAFQAaQBtAGUAcwAFBgoAAABUAGkAbQBlAHMACAQYAAAAFgQYAAAAGAEAGQYKAAAAZQBuAC0AVQBTAB0GEAAAAAABAAMD\/\/\/\/AgYCAAAAAAAIMQAAAAAsAAAAcQB1AGkAIABhACAAcABvAHUAcgAgAG8AcgBpAGcAaQBuAGEAbABpAHQAZQAFawAAAAFYAAAABAYKAAAAVABpAG0AZQBzAAUGCgAAAFQAaQBtAGUAcwATAQEIBBgAAAAWBBgAAAAYAQAZBgoAAABlAG4ALQBVAFMAHQYQAAAAAAEAAwP\/\/\/8CBgIAAAAAAAgJAAAAAAQAAAABAyAABdoAAAABVQAAAAQGCgAAAFQAaQBtAGUAcwAFBgoAAABUAGkAbQBlAHMACAQYAAAAFgQYAAAAGAEAGQYKAAAAZQBuAC0AVQBTAB0GEAAAAAABAAMD\/\/\/\/AgYCAAAAAAAIewAAAAB2AAAAZQB0ACAAcABvAHUAcgAgAHYAbwBjAGEAdABpAG8AbgAgAGQAZQAgAHAAcgBvAG0AbwB1AHYAbwBpAHIAIABsAGEAIABzAGMAdQBsAHAAdAB1AHIAZQAgAGMAbwBuAHQAZQBtAHAAbwByAGEAaQBuAGUAIABhAAVrAAAAAVgAAAAEBgoAAABUAGkAbQBlAHMABQYKAAAAVABpAG0AZQBzABMBAQgEGAAAABYEGAAAABgBABkGCgAAAGUAbgAtAFUAUwAdBhAAAAAAAQADA\/\/\/\/wIGAgAAAAAACAkAAAAABAAAAAADIAAFgAAAAAFVAAAABAYKAAAAVABpAG0AZQBzAAUGCgAAAFQAaQBtAGUAcwAIBBgAAAAWBBgAAAAYAQAZBgoAAABlAG4ALQBVAFMAHQYQAAAAAAEAAwP\/\/\/8CBgIAAAAAAAghAAAAABwAAAB0AHIAYQB2AGUAcgBzACAAbABhACAAcAByAGUABWkAAAABWAAAAAQGCgAAAFQAaQBtAGUAcwAFBgoAAABUAGkAbQBlAHMAEwEBCAQYAAAAFgQYAAAAGAEAGQYKAAAAZQBuAC0AVQBTAB0GEAAAAAABAAMD\/\/\/\/AgYCAAAAAAAIBwAAAAACAAAAAQMFegAAAAFVAAAABAYKAAAAVABpAG0AZQBzAAUGCgAAAFQAaQBtAGUAcwAIBBgAAAAWBBgAAAAYAQAZBgoAAABlAG4ALQBVAFMAHQYQAAAAAAEAAwP\/\/\/8CBgIAAAAAAAgbAAAAABYAAABzAGUAbgB0AGEAdABpAG8AbgAgAGQABWkAAAABWAAAAAQGCgAAAFQAaQBtAGUAcwAFBgoAAABUAGkAbQBlAHMAEwEBCAQYAAAAFgQYAAAAGAEAGQYKAAAAZQBuAC0AVQBTAB0GEAAAAAABAAMD\/\/\/\/AgYCAAAAAAAIBwAAAAACAAAAGSAFmgAAAAFVAAAABAYKAAAAVABpAG0AZQBzAAUGCgAAAFQAaQBtAGUAcwAIBBgAAAAWBBgAAAAYAQAZBgoAAABlAG4ALQBVAFMAHQYQAAAAAAEAAwP\/\/\/8CBgIAAAAAAAg7AAAAADYAAAB1AG4AZQAgAGUAeABwAG8AcwBpAHQAaQBvAG4AIABhAG4AbgB1AGUAbABsAGUAIAB0AGgAZQAFaQAAAAFYAAAABAYKAAAAVABpAG0AZQBzAAUGCgAAAFQAaQBtAGUAcwATAQEIBBgAAAAWBBgAAAAYAQAZBgoAAABlAG4ALQBVAFMAHQYQAAAAAAEAAwP\/\/\/8CBgIAAAAAAAgHAAAAAAIAAAABAwV0AAAAAVUAAAAEBgoAAABUAGkAbQBlAHMABQYKAAAAVABpAG0AZQBzAAgEGAAAABYEGAAAABgBABkGCgAAAGUAbgAtAFUAUwAdBhAAAAAAAQADA\/\/\/\/wIGAgAAAAAACBUAAAAAEAAAAG0AYQB0AGkAcQB1AGUALgAFCgAAAAEAAAAACAAAAAAFbwAAAAFlAAAABAYKAAAAVABpAG0AZQBzAAUGCgAAAFQAaQBtAGUAcwAHBgoAAABUAGkAbQBlAHMABgYKAAAAVABpAG0AZQBzAAgEGAAAABYEGAAAABgBAB0GEAAAAAABAAMD\/\/\/\/AgYCAAAAAAAIAAAAAAoAAAAAAAAAABEAAAAA0wMAAABwAAAAFgYMAAAAFwQAAAAAGAQAAAAAAQYAAAAACQYAAAAADgYTAAAAAAEAAgYCAAAAAAAEBgIAAAAAABsGAAAAAB4GJwAAAAEEAAAAAAMBAgQEAAAAAAYBAAcEAAAAAAgEAAAAAAsBAgwEAAAAACIECQAAAAGVAAAABAYeAAAAVABpAG0AZQBzACAATgBlAHcAIABSAG8AbQBhAG4ABQYeAAAAVABpAG0AZQBzACAATgBlAHcAIABSAG8AbQBhAG4ABwYeAAAAVABpAG0AZQBzACAATgBlAHcAIABSAG8AbQBhAG4ABgYgAAAAQQByAGkAYQBsACAAVQBuAGkAYwBvAGQAZQAgAE0AUwATAQECvwIAAAC6AgAAAQYAAAA2ADMAMgACFAAAAFAAYQByACAAZADpAGYAYQB1AHQACQEAAAADBAYAAAA2ADMAMgAFTAEAAAABAAEBAAIBAAMBAAQGHAAAAEgAZQBsAHYAZQB0AGkAYwBhACAATgBlAHUAZQAFBhwAAABIAGUAbAB2AGUAdABpAGMAYQAgAE4AZQB1AGUABwYgAAAAQQByAGkAYQBsACAAVQBuAGkAYwBvAGQAZQAgAE0AUwAGBiAAAABBAHIAaQBhAGwAIABVAG4AaQBjAG8AZABlACAATQBTAAgEFgAAAAkDAAAACgEADAEAJgQAAAAADwEAEAEAEQEAJwQAAAAAFAEAFQEAFgQWAAAAFwEAGAEAGQYKAAAAZQBuAC0AVQBTABoGCgAAAGEAcgAtAFMAQQAbBgoAAAB6AGgALQBDAE4AHgEAHwYdAAAAABgAAAD6+wAFAAAAAgAAAAACBwAAAPoAYwAAAPsgBhwAAAAAFwAAAAMSAAAAAA0AAAABCAAAAPoAAAEAAgD7Bi8BAAAWBgwAAAAXBAAAAAAYBAAAAAAAAQABBhIAAAAkBAAAAAAlBAAAAAAmBAAAAAAFAQEGAQAHAQAIAQAJBhsAAAAnBPAAAAALAQEcAQAoBAAAAAAdAQApBAAAAAAOBhMAAAAAAQACBgIAAAAAAAQGAgAAAAAAGQEBGwZ9AAAAABQAAAAAAwAAAAUEAAAAAAYEBAAAAAMBAAEUAAAAAAMAAAAFBAAAAAAGBAQAAAADAQACFAAAAAADAAAABQQAAAAABgQEAAAAAwEAAxQAAAAAAwAAAAUEAAAAAAYEBAAAAAMBAAsUAAAAAAMAAAAFBAAAAAAGBAQAAAADAQAeBicAAAABBAAAAAADAQIEBAAAAAAGAQAHBAAAAAAIBAAAAAALAQIMBAAAAAAiBAkAAAAsAQA=\">\u00a0<\/p><p>\u00a0<\/p><p class=\"p1\"><strong><span class=\"s1\">Bayer Florian, artiste sculpteur artisan<\/span><\/strong><\/p><p>\u00a0<\/p><p class=\"p1\"><span class=\"s1\">Artiste du m\u00e9tal et po\u00e8te des mati\u00e8res brutes, il travaille principalement le fer de r\u00e9cup\u00e9ration qu\u2019il transforme en \u0153uvres uniques inspir\u00e9es de la nature. Chaque cr\u00e9ation d\u00e9bute par une rencontre avec un fragment de m\u00e9tal, une forme oubli\u00e9e qui lui souffle une id\u00e9e. Une courbe, une asp\u00e9rit\u00e9, une cassure deviennent le point de d\u00e9part d\u2019un voyage cr\u00e9atif.<\/span><\/p><p class=\"p1\"><span class=\"s1\">Par le d\u00e9tournement d\u2019outils et de mat\u00e9riaux, il redonne vie \u00e0 ce qui semblait us\u00e9, rouill\u00e9, sans valeur.Le fer, d\u2019ordinaire dur et industriel, se m\u00e9tamorphose sous ses mains en formes l\u00e9g\u00e8res, organiques et vibrantes.<\/span><\/p><p class=\"p1\"><span class=\"s1\">Son travail est une ode au cycle de la mati\u00e8re : rien ne meurt, tout se transforme.<\/span><\/p>\t\t\t\t\t\t\t\t<\/div>\n\t\t\t\t<\/div>\n\t\t\t\t<\/div>\n\t\t<div class=\"elementor-element elementor-element-c6f030b e-con-full e-flex e-con e-child\" data-id=\"c6f030b\" data-element_type=\"container\" data-e-type=\"container\">\n\t\t\t\t<div class=\"elementor-element elementor-element-d1c2b51 elementor-widget elementor-widget-spacer\" data-id=\"d1c2b51\" data-element_type=\"widget\" data-e-type=\"widget\" data-widget_type=\"spacer.default\">\n\t\t\t\t<div class=\"elementor-widget-container\">\n\t\t\t\t\t\t\t<div class=\"elementor-spacer\">\n\t\t\t<div class=\"elementor-spacer-inner\"><\/div>\n\t\t<\/div>\n\t\t\t\t\t\t<\/div>\n\t\t\t\t<\/div>\n\t\t\t\t<div class=\"elementor-element elementor-element-525b908 elementor-widget__width-initial elementor-widget elementor-widget-image\" data-id=\"525b908\" data-element_type=\"widget\" data-e-type=\"widget\" data-widget_type=\"image.default\">\n\t\t\t\t<div class=\"elementor-widget-container\">\n\t\t\t\t\t\t\t\t\t\t\t\t\t\t\t<img fetchpriority=\"high\" decoding=\"async\" width=\"800\" height=\"1000\" src=\"https:\/\/2025.buzzartfestival.com\/wp-content\/uploads\/2025\/09\/FLORIAN-BAYER-1-819x1024.jpg\" class=\"attachment-large size-large wp-image-1561\" alt=\"\" srcset=\"https:\/\/2025.buzzartfestival.com\/wp-content\/uploads\/2025\/09\/FLORIAN-BAYER-1-819x1024.jpg 819w, https:\/\/2025.buzzartfestival.com\/wp-content\/uploads\/2025\/09\/FLORIAN-BAYER-1-240x300.jpg 240w, https:\/\/2025.buzzartfestival.com\/wp-content\/uploads\/2025\/09\/FLORIAN-BAYER-1-768x960.jpg 768w, https:\/\/2025.buzzartfestival.com\/wp-content\/uploads\/2025\/09\/FLORIAN-BAYER-1.jpg 1080w\" sizes=\"(max-width: 800px) 100vw, 800px\" \/>\t\t\t\t\t\t\t\t\t\t\t\t\t\t\t<\/div>\n\t\t\t\t<\/div>\n\t\t\t\t<\/div>\n\t\t\t\t<\/div>\n\t\t\t\t<\/div>\n\t\t","protected":false},"excerpt":{"rendered":"<p>\u00a0 \u00a0 Bayer Florian, artiste sculpteur artisan \u00a0 Artiste du m\u00e9tal et po\u00e8te des mati\u00e8res brutes, il travaille principalement le fer de r\u00e9cup\u00e9ration qu\u2019il transforme en \u0153uvres uniques inspir\u00e9es de la nature. Chaque cr\u00e9ation d\u00e9bute par une rencontre avec un fragment de m\u00e9tal, une forme oubli\u00e9e qui lui souffle une id\u00e9e. Une courbe, une asp\u00e9rit\u00e9, [&hellip;]<\/p>\n","protected":false},"author":1,"featured_media":0,"parent":1557,"menu_order":0,"comment_status":"closed","ping_status":"closed","template":"","meta":{"inline_featured_image":false,"footnotes":""},"class_list":["post-1562","page","type-page","status-publish","hentry"],"_links":{"self":[{"href":"https:\/\/2025.buzzartfestival.com\/index.php\/wp-json\/wp\/v2\/pages\/1562","targetHints":{"allow":["GET"]}}],"collection":[{"href":"https:\/\/2025.buzzartfestival.com\/index.php\/wp-json\/wp\/v2\/pages"}],"about":[{"href":"https:\/\/2025.buzzartfestival.com\/index.php\/wp-json\/wp\/v2\/types\/page"}],"author":[{"embeddable":true,"href":"https:\/\/2025.buzzartfestival.com\/index.php\/wp-json\/wp\/v2\/users\/1"}],"replies":[{"embeddable":true,"href":"https:\/\/2025.buzzartfestival.com\/index.php\/wp-json\/wp\/v2\/comments?post=1562"}],"version-history":[{"count":4,"href":"https:\/\/2025.buzzartfestival.com\/index.php\/wp-json\/wp\/v2\/pages\/1562\/revisions"}],"predecessor-version":[{"id":1569,"href":"https:\/\/2025.buzzartfestival.com\/index.php\/wp-json\/wp\/v2\/pages\/1562\/revisions\/1569"}],"up":[{"embeddable":true,"href":"https:\/\/2025.buzzartfestival.com\/index.php\/wp-json\/wp\/v2\/pages\/1557"}],"wp:attachment":[{"href":"https:\/\/2025.buzzartfestival.com\/index.php\/wp-json\/wp\/v2\/media?parent=1562"}],"curies":[{"name":"wp","href":"https:\/\/api.w.org\/{rel}","templated":true}]}}