{"id":1328,"date":"2025-09-05T12:03:59","date_gmt":"2025-09-05T10:03:59","guid":{"rendered":"https:\/\/2025.buzzartfestival.com\/?page_id=1328"},"modified":"2025-09-15T10:44:04","modified_gmt":"2025-09-15T08:44:04","slug":"coha","status":"publish","type":"page","link":"https:\/\/2025.buzzartfestival.com\/index.php\/edition-2025\/les-expositions\/les-artistes\/coha\/","title":{"rendered":"Coha"},"content":{"rendered":"\t\t<div data-elementor-type=\"wp-page\" data-elementor-id=\"1328\" class=\"elementor elementor-1328\" data-elementor-post-type=\"page\">\n\t\t\t\t<div class=\"elementor-element elementor-element-54d0261 e-con-full e-flex e-con e-child\" data-id=\"54d0261\" data-element_type=\"container\" data-e-type=\"container\">\n\t\t<div class=\"elementor-element elementor-element-167be84 e-con-full e-flex e-con e-child\" data-id=\"167be84\" data-element_type=\"container\" data-e-type=\"container\">\n\t\t\t\t<div class=\"elementor-element elementor-element-0cb5189 elementor-widget elementor-widget-spacer\" data-id=\"0cb5189\" data-element_type=\"widget\" data-e-type=\"widget\" data-widget_type=\"spacer.default\">\n\t\t\t\t<div class=\"elementor-widget-container\">\n\t\t\t\t\t\t\t<div class=\"elementor-spacer\">\n\t\t\t<div class=\"elementor-spacer-inner\"><\/div>\n\t\t<\/div>\n\t\t\t\t\t\t<\/div>\n\t\t\t\t<\/div>\n\t\t\t\t<div class=\"elementor-element elementor-element-d4bc679 elementor-widget elementor-widget-text-editor\" data-id=\"d4bc679\" data-element_type=\"widget\" data-e-type=\"widget\" data-widget_type=\"text-editor.default\">\n\t\t\t\t<div class=\"elementor-widget-container\">\n\t\t\t\t\t\t\t\t\t<p data-start=\"34\" data-end=\"416\">Veronica Angie Cornejo Llasa est une artiste peintre d&rsquo;origine p\u00e9ruvienne. Son inspiration vient autant de son pays natal que dans son pays d&rsquo;adoption, la France. Ses compositions diverses et souvent vibrantes sont cr\u00e9\u00e9es avec de l&rsquo;acrylique et la peinture \u00e0 l&rsquo;huile sur toile. Son art \u00e9voque l&rsquo;art p\u00e9ruvien \u00e0 travers de symboles et personnages incas. Des vibrations p\u00e9ruviennes dansent \u00e0 travers des compositions complexes. Des formes fantaisistes des personnages flirtent avec des structures g\u00e9om\u00e9triques des b\u00e2timents iconiques. Ce contraste entre stabilit\u00e9 et fantaisie r\u00e9interpr\u00e8te l&rsquo;humain dans la soci\u00e9t\u00e9 actuelle. Dans chaque \u0153uvre, une histoire ludique nargue la curiosit\u00e9 du spectateur et permet \u00e0 celui-ci de renouer avec son enfant int\u00e9rieur.RUNE HANSEN<br \/><br \/>Artiste peintre d&rsquo;origine danoise, Klaus Rune Hansen, d\u00e9fend un art minimaliste dont le sens profond questionne. Dans la veine du courant artistique Less is more ! Il est des \u00e2mes, qui se donnent la chance de vivre mille vies en une. Et celle de Klaus Rune Hansen est sans doute de cette trempe! Apr\u00e8s un dipl\u00f4me en psychologie au Danemark et une agence de communication en France, ce viking cr\u00e9atif et heureux partage d\u00e9sormais son temps entre l&rsquo;\u00e9criture, la peinture et les vignes. Cet artiste hors du commun a install\u00e9 son atelier au milieu des vignes d&rsquo;Occitanie. Contemplatif dans l&rsquo;\u00e2me, il ne cesse de s&rsquo;\u00e9merveiller. C&rsquo;est sa rencontre avec des photos des myst\u00e9rieux trous noirs qui d\u00e9clenche son irr\u00e9sistible envie de peindre. Explorant toute la palette chromatique de l&rsquo;arc-en-ciel, l&rsquo;artiste passe ma\u00eetre dans l&rsquo;art de travailler les contrastes entre lumi\u00e8re et obscurit\u00e9 autour d&rsquo;un d\u00e9tail omnipr\u00e9sent: le cercle !<\/p><div class=\"yj6qo\">\u00a0<\/div>\t\t\t\t\t\t\t\t<\/div>\n\t\t\t\t<\/div>\n\t\t\t\t<\/div>\n\t\t<div class=\"elementor-element elementor-element-c838fe2 e-con-full e-flex e-con e-child\" data-id=\"c838fe2\" data-element_type=\"container\" data-e-type=\"container\">\n\t\t\t\t<div class=\"elementor-element elementor-element-19648c0 elementor-widget elementor-widget-spacer\" data-id=\"19648c0\" data-element_type=\"widget\" data-e-type=\"widget\" data-widget_type=\"spacer.default\">\n\t\t\t\t<div class=\"elementor-widget-container\">\n\t\t\t\t\t\t\t<div class=\"elementor-spacer\">\n\t\t\t<div class=\"elementor-spacer-inner\"><\/div>\n\t\t<\/div>\n\t\t\t\t\t\t<\/div>\n\t\t\t\t<\/div>\n\t\t\t\t<div class=\"elementor-element elementor-element-45e55d2 elementor-widget__width-initial elementor-widget elementor-widget-image\" data-id=\"45e55d2\" data-element_type=\"widget\" data-e-type=\"widget\" data-widget_type=\"image.default\">\n\t\t\t\t<div class=\"elementor-widget-container\">\n\t\t\t\t\t\t\t\t\t\t\t\t\t\t\t<img fetchpriority=\"high\" decoding=\"async\" width=\"800\" height=\"1000\" src=\"https:\/\/2025.buzzartfestival.com\/wp-content\/uploads\/2025\/09\/COHA-819x1024.jpg\" class=\"attachment-large size-large wp-image-1870\" alt=\"\" srcset=\"https:\/\/2025.buzzartfestival.com\/wp-content\/uploads\/2025\/09\/COHA-819x1024.jpg 819w, https:\/\/2025.buzzartfestival.com\/wp-content\/uploads\/2025\/09\/COHA-240x300.jpg 240w, https:\/\/2025.buzzartfestival.com\/wp-content\/uploads\/2025\/09\/COHA-768x960.jpg 768w, https:\/\/2025.buzzartfestival.com\/wp-content\/uploads\/2025\/09\/COHA.jpg 1080w\" sizes=\"(max-width: 800px) 100vw, 800px\" \/>\t\t\t\t\t\t\t\t\t\t\t\t\t\t\t<\/div>\n\t\t\t\t<\/div>\n\t\t\t\t<\/div>\n\t\t\t\t<\/div>\n\t\t\t\t<\/div>\n\t\t","protected":false},"excerpt":{"rendered":"<p>Veronica Angie Cornejo Llasa est une artiste peintre d&rsquo;origine p\u00e9ruvienne. Son inspiration vient autant de son pays natal que dans son pays d&rsquo;adoption, la France. Ses compositions diverses et souvent vibrantes sont cr\u00e9\u00e9es avec de l&rsquo;acrylique et la peinture \u00e0 l&rsquo;huile sur toile. Son art \u00e9voque l&rsquo;art p\u00e9ruvien \u00e0 travers de symboles et personnages incas. [&hellip;]<\/p>\n","protected":false},"author":1,"featured_media":0,"parent":1050,"menu_order":0,"comment_status":"closed","ping_status":"closed","template":"","meta":{"inline_featured_image":false,"footnotes":""},"class_list":["post-1328","page","type-page","status-publish","hentry"],"_links":{"self":[{"href":"https:\/\/2025.buzzartfestival.com\/index.php\/wp-json\/wp\/v2\/pages\/1328","targetHints":{"allow":["GET"]}}],"collection":[{"href":"https:\/\/2025.buzzartfestival.com\/index.php\/wp-json\/wp\/v2\/pages"}],"about":[{"href":"https:\/\/2025.buzzartfestival.com\/index.php\/wp-json\/wp\/v2\/types\/page"}],"author":[{"embeddable":true,"href":"https:\/\/2025.buzzartfestival.com\/index.php\/wp-json\/wp\/v2\/users\/1"}],"replies":[{"embeddable":true,"href":"https:\/\/2025.buzzartfestival.com\/index.php\/wp-json\/wp\/v2\/comments?post=1328"}],"version-history":[{"count":11,"href":"https:\/\/2025.buzzartfestival.com\/index.php\/wp-json\/wp\/v2\/pages\/1328\/revisions"}],"predecessor-version":[{"id":2140,"href":"https:\/\/2025.buzzartfestival.com\/index.php\/wp-json\/wp\/v2\/pages\/1328\/revisions\/2140"}],"up":[{"embeddable":true,"href":"https:\/\/2025.buzzartfestival.com\/index.php\/wp-json\/wp\/v2\/pages\/1050"}],"wp:attachment":[{"href":"https:\/\/2025.buzzartfestival.com\/index.php\/wp-json\/wp\/v2\/media?parent=1328"}],"curies":[{"name":"wp","href":"https:\/\/api.w.org\/{rel}","templated":true}]}}