{"id":1296,"date":"2025-09-05T11:46:53","date_gmt":"2025-09-05T09:46:53","guid":{"rendered":"https:\/\/2025.buzzartfestival.com\/?page_id=1296"},"modified":"2025-09-05T14:52:02","modified_gmt":"2025-09-05T12:52:02","slug":"demarty","status":"publish","type":"page","link":"https:\/\/2025.buzzartfestival.com\/index.php\/edition-2025\/les-expositions\/les-artistes\/demarty\/","title":{"rendered":"Demarty"},"content":{"rendered":"\t\t<div data-elementor-type=\"wp-page\" data-elementor-id=\"1296\" class=\"elementor elementor-1296\" data-elementor-post-type=\"page\">\n\t\t\t\t<div class=\"elementor-element elementor-element-0e6887c e-con-full e-flex e-con e-child\" data-id=\"0e6887c\" data-element_type=\"container\" data-e-type=\"container\">\n\t\t<div class=\"elementor-element elementor-element-f190313 e-con-full e-flex e-con e-child\" data-id=\"f190313\" data-element_type=\"container\" data-e-type=\"container\">\n\t\t\t\t<div class=\"elementor-element elementor-element-0f13c3e elementor-widget elementor-widget-spacer\" data-id=\"0f13c3e\" data-element_type=\"widget\" data-e-type=\"widget\" data-widget_type=\"spacer.default\">\n\t\t\t\t<div class=\"elementor-widget-container\">\n\t\t\t\t\t\t\t<div class=\"elementor-spacer\">\n\t\t\t<div class=\"elementor-spacer-inner\"><\/div>\n\t\t<\/div>\n\t\t\t\t\t\t<\/div>\n\t\t\t\t<\/div>\n\t\t\t\t<div class=\"elementor-element elementor-element-03f89df elementor-widget elementor-widget-text-editor\" data-id=\"03f89df\" data-element_type=\"widget\" data-e-type=\"widget\" data-widget_type=\"text-editor.default\">\n\t\t\t\t<div class=\"elementor-widget-container\">\n\t\t\t\t\t\t\t\t\t<p class=\"docData;DOCY;v5;14624;BQiAAgAAEYQCAAAGiAIAAAM7NQAABUk1AAAAAAAAAAAAAAAAAAAAAAAAAAAAAAAAAAAAAAAAAAAAAAAAAAAAAAAAAAAAAAAAAAAAAAAAAAAAAAAAAAAAAAAAAAAAAAAAAAAAAAAAAAAAAAAAAAAAAAAAAAAAAAAAAAAAAAAAAAAAAAAAAAAAAAAAAAAAAAAAAAAAAAAAAAAAAAAAAAAAAAAAAAAAAAAAAAAAAAAAAAAAAAAAAAAAAAAAAAAAAAAAAAAAAAAAAAAAAAAAAAAAAAAAAAAAAAAAAAAAAAAAAAAAAAAAAAAAAAAAAAAAAAAAAAAAAAAAAAAAAAAAAAAAAAAAAAAAAAAAAAAAAAAAAAAAAAAAAAAAAAAAAAAAAAAAAAAAAAAAAAAAAAAAAAAAAAAAAAAAAAAAAAAAAAAAAAAAAAAAAAAAAAAAAAAAAAAAAAAAAAAAAAAAAAAAAAAAAAAAAAAAAAAAAAAAAAAAAAAAAAAAAAAAAAAAAAAAAAAAAAAAAAAAAAAAAAAAAAAAAAAAAAAAAAAAAAAAAAAAAAAAAAAAAAAAAAAAAAAAAAAAAAAAAAAAAAAAAAAAAAAAAAAAAAAAAAAAAAAAAAAAAAAAAAAAAAAAAAAAAAAAAAAAAAAAAAAAAAAAAAAAAAAAAAAAAAAAAAAAAAAAAAAAAAAAAAAAAAAAAAAAAAAAAAAAAAAAAAAAAAAAAAAAAAAAAAAAAAAAAAAAAAAAAAAAAAAAAAAAAAAAAAAAAAAAAAAAAAAAAAAAAAAAAAAAAAAAAAAAAAAAAAAAAAAAAAAAAAAAAAAAAAAAAAAAAAAAAAAAAAAAAAAAAAAAAAAAAAAAAAAAAAAAAAAArzIAAACnAQAAAZcAAAAVBgYAAAA2ADMAMgABBhIAAAAkBAAAAAAlBAAAAAAmBAAAAAAFAQMJBgYAAAApBPAAAAAaBlgAAAAAAQECAQEEBgoAAABUAGkAbQBlAHMABQYKAAAAVABpAG0AZQBzAAcGCgAAAFQAaQBtAGUAcwAGBgoAAABUAGkAbQBlAHMACAQYAAAAFAEBFgQYAAAAGAEAGwYAAAAAAgYBAAAFiwAAAAFIAAAAAAEBAgEBBAYKAAAAVABpAG0AZQBzAAUGCgAAAFQAaQBtAGUAcwAIBBgAAAAUAQEWBBgAAAAYAQAZBgoAAABlAG4ALQBVAFMACDkAAAAANAAAAEEAIABwAHIAbwBwAG8AcwAgAGQAZQAgAGwAYQAgAEYAbwBuAGQAYQB0AGkAbwBuADoAIAAFCgAAAAEAAAAACAAAAAAFYgAAAAFYAAAAAAEBAgEBBAYKAAAAVABpAG0AZQBzAAUGCgAAAFQAaQBtAGUAcwAHBgoAAABUAGkAbQBlAHMABgYKAAAAVABpAG0AZQBzAAgEGAAAABQBARYEGAAAABgBAAgAAAAAAL0RAAABngAAABUGBgAAADYAMwAyAAEGEgAAACQEAAAAACUEAAAAACYEAAAAAAUBAwkGAAAAABoGZQAAAAQGCgAAAFQAaQBtAGUAcwAFBgoAAABUAGkAbQBlAHMABwYKAAAAVABpAG0AZQBzAAYGCgAAAFQAaQBtAGUAcwAIBBgAAAAWBBgAAAAYAQAdBhAAAAAAAQADA\/\/\/\/wIGAgAAAAAAGwYAAAAAAhURAAAFZgAAAAFVAAAABAYKAAAAVABpAG0AZQBzAAUGCgAAAFQAaQBtAGUAcwAIBBgAAAAWBBgAAAAYAQAZBgoAAABlAG4ALQBVAFMAHQYQAAAAAAEAAwP\/\/\/8CBgIAAAAAAAgHAAAAAAIAAABBAAVrAAAAAVgAAAAEBgoAAABUAGkAbQBlAHMABQYKAAAAVABpAG0AZQBzABMBAQgEGAAAABYEGAAAABgBABkGCgAAAGUAbgAtAFUAUwAdBhAAAAAAAQADA\/\/\/\/wIGAgAAAAAACAkAAAAABAAAAAADIAAFZgAAAAFVAAAABAYKAAAAVABpAG0AZQBzAAUGCgAAAFQAaQBtAGUAcwAIBBgAAAAWBBgAAAAYAQAZBgoAAABlAG4ALQBVAFMAHQYQAAAAAAEAAwP\/\/\/8CBgIAAAAAAAgHAAAAAAIAAABsAAVpAAAAAVgAAAAEBgoAAABUAGkAbQBlAHMABQYKAAAAVABpAG0AZQBzABMBAQgEGAAAABYEGAAAABgBABkGCgAAAGUAbgAtAFUAUwAdBhAAAAAAAQADA\/\/\/\/wIGAgAAAAAACAcAAAAAAgAAABkgBeoAAAABVQAAAAQGCgAAAFQAaQBtAGUAcwAFBgoAAABUAGkAbQBlAHMACAQYAAAAFgQYAAAAGAEAGQYKAAAAZQBuAC0AVQBTAB0GEAAAAAABAAMD\/\/\/\/AgYCAAAAAAAIiwAAAACGAAAAbwByAGkAZwBpAG4AZQAgAGQAZQAgAGwAYQAgAEYAbwBuAGQAYQB0AGkAbwBuACAAVgBpAGwAbABhACAARABhAHQAcgBpAHMALAAgAGkAbAAgAHkAIABhACAAZQB1ACAAZQBuACAAcAByAGUAbQBpAGUAcgAgAGwAaQBlAHUAIABjAGUAdAAFaQAAAAFYAAAABAYKAAAAVABpAG0AZQBzAAUGCgAAAFQAaQBtAGUAcwATAQEIBBgAAAAWBBgAAAAYAQAZBgoAAABlAG4ALQBVAFMAHQYQAAAAAAEAAwP\/\/\/8CBgIAAAAAAAgHAAAAAAIAAACgAAV8AAAAAVUAAAAEBgoAAABUAGkAbQBlAHMABQYKAAAAVABpAG0AZQBzAAgEGAAAABYEGAAAABgBABkGCgAAAGUAbgAtAFUAUwAdBhAAAAAAAQADA\/\/\/\/wIGAgAAAAAACB0AAAAAGAAAAGEAdAB0AHIAYQBpAHQAIABpAHIAcgBlAAVpAAAAAVgAAAAEBgoAAABUAGkAbQBlAHMABQYKAAAAVABpAG0AZQBzABMBAQgEGAAAABYEGAAAABgBABkGCgAAAGUAbgAtAFUAUwAdBhAAAAAAAQADA\/\/\/\/wIGAgAAAAAACAcAAAAAAgAAAAEDBcAAAAABVQAAAAQGCgAAAFQAaQBtAGUAcwAFBgoAAABUAGkAbQBlAHMACAQYAAAAFgQYAAAAGAEAGQYKAAAAZQBuAC0AVQBTAB0GEAAAAAABAAMD\/\/\/\/AgYCAAAAAAAIYQAAAABcAAAAcwBpAHMAdABpAGIAbABlACAAcABvAHUAcgAgAGwAZQAgAFMAdQBkACwAIABsAGEAIABQAHIAbwB2AGUAbgBjAGUALAAgAGUAdAAgAHQAbwB1AHQAIABzAHAAZQAFaQAAAAFYAAAABAYKAAAAVABpAG0AZQBzAAUGCgAAAFQAaQBtAGUAcwATAQEIBBgAAAAWBBgAAAAYAQAZBgoAAABlAG4ALQBVAFMAHQYQAAAAAAEAAwP\/\/\/8CBgIAAAAAAAgHAAAAAAIAAAABAwV6AAAAAVUAAAAEBgoAAABUAGkAbQBlAHMABQYKAAAAVABpAG0AZQBzAAgEGAAAABYEGAAAABgBABkGCgAAAGUAbgAtAFUAUwAdBhAAAAAAAQADA\/\/\/\/wIGAgAAAAAACBsAAAAAFgAAAGMAaQBhAGwAZQBtAGUAbgB0ACAATAAFaQAAAAFYAAAABAYKAAAAVABpAG0AZQBzAAUGCgAAAFQAaQBtAGUAcwATAQEIBBgAAAAWBBgAAAAYAQAZBgoAAABlAG4ALQBVAFMAHQYQAAAAAAEAAwP\/\/\/8CBgIAAAAAAAgHAAAAAAIAAAAZIAWsAAAAAVUAAAAEBgoAAABUAGkAbQBlAHMABQYKAAAAVABpAG0AZQBzAAgEGAAAABYEGAAAABgBABkGCgAAAGUAbgAtAFUAUwAdBhAAAAAAAQADA\/\/\/\/wIGAgAAAAAACE0AAAAASAAAAEkAcwBsAGUALQBzAHUAcgAtAGwAYQAtAFMAbwByAGcAdQBlACAAZQB0ACAAbABlACAATAB1AGIAZQByAG8AbgAsACAAbwB1AAVrAAAAAVgAAAAEBgoAAABUAGkAbQBlAHMABQYKAAAAVABpAG0AZQBzABMBAQgEGAAAABYEGAAAABgBABkGCgAAAGUAbgAtAFUAUwAdBhAAAAAAAQADA\/\/\/\/wIGAgAAAAAACAkAAAAABAAAAAADIAAFbgAAAAFVAAAABAYKAAAAVABpAG0AZQBzAAUGCgAAAFQAaQBtAGUAcwAIBBgAAAAWBBgAAAAYAQAZBgoAAABlAG4ALQBVAFMAHQYQAAAAAAEAAwP\/\/\/8CBgIAAAAAAAgPAAAAAAoAAABEAGEAbgBpAGUABWkAAAABWAAAAAQGCgAAAFQAaQBtAGUAcwAFBgoAAABUAGkAbQBlAHMAEwEBCAQYAAAAFgQYAAAAGAEAGQYKAAAAZQBuAC0AVQBTAB0GEAAAAAABAAMD\/\/\/\/AgYCAAAAAAAIBwAAAAACAAAAAAMFzgAAAAFVAAAABAYKAAAAVABpAG0AZQBzAAUGCgAAAFQAaQBtAGUAcwAIBBgAAAAWBBgAAAAYAQAZBgoAAABlAG4ALQBVAFMAHQYQAAAAAAEAAwP\/\/\/8CBgIAAAAAAAhvAAAAAGoAAABsAGUAIABLAGEAcABlAGwALQBNAGEAcgBjAG8AdgBpAGMAaQAgAGUAdAAgAFQAcgBpAHMAdABhAG4AIABGAG8AdQByAHQAaQBuAGUAIAB2AG8AbgB0ACAAcABhAHMAcwBpAG8AbgBuAGUABWkAAAABWAAAAAQGCgAAAFQAaQBtAGUAcwAFBgoAAABUAGkAbQBlAHMAEwEBCAQYAAAAFgQYAAAAGAEAGQYKAAAAZQBuAC0AVQBTAB0GEAAAAAABAAMD\/\/\/\/AgYCAAAAAAAIBwAAAAACAAAAAQMFqgAAAAFVAAAABAYKAAAAVABpAG0AZQBzAAUGCgAAAFQAaQBtAGUAcwAIBBgAAAAWBBgAAAAYAQAZBgoAAABlAG4ALQBVAFMAHQYQAAAAAAEAAwP\/\/\/8CBgIAAAAAAAhLAAAAAEYAAABtAGUAbgB0ACAAcgBlAGMAaABlAHIAYwBoAGUAcgAgAHUAbgAgAGEAbgBjAHIAYQBnAGUAIABlAHQAIAB1AG4AZQAgAGUABWkAAAABWAAAAAQGCgAAAFQAaQBtAGUAcwAFBgoAAABUAGkAbQBlAHMAEwEBCAQYAAAAFgQYAAAAGAEAGQYKAAAAZQBuAC0AVQBTAB0GEAAAAAABAAMD\/\/\/\/AgYCAAAAAAAIBwAAAAACAAAAAQMFhgAAAAFVAAAABAYKAAAAVABpAG0AZQBzAAUGCgAAAFQAaQBtAGUAcwAIBBgAAAAWBBgAAAAYAQAZBgoAAABlAG4ALQBVAFMAHQYQAAAAAAEAAwP\/\/\/8CBgIAAAAAAAgnAAAAACIAAAB2AGEAcwBpAG8AbgAuACAAUwBpAG0AdQBsAHQAYQBuAGUABWkAAAABWAAAAAQGCgAAAFQAaQBtAGUAcwAFBgoAAABUAGkAbQBlAHMAEwEBCAQYAAAAFgQYAAAAGAEAGQYKAAAAZQBuAC0AVQBTAB0GEAAAAAABAAMD\/\/\/\/AgYCAAAAAAAIBwAAAAACAAAAAQMFigAAAAFVAAAABAYKAAAAVABpAG0AZQBzAAUGCgAAAFQAaQBtAGUAcwAIBBgAAAAWBBgAAAAYAQAZBgoAAABlAG4ALQBVAFMAHQYQAAAAAAEAAwP\/\/\/8CBgIAAAAAAAgrAAAAACYAAABtAGUAbgB0ACwAIABpAGwAIAB5ACAAYQB2AGEAaQB0ACAAZABlAAVpAAAAAVgAAAAEBgoAAABUAGkAbQBlAHMABQYKAAAAVABpAG0AZQBzABMBAQgEGAAAABYEGAAAABgBABkGCgAAAGUAbgAtAFUAUwAdBhAAAAAAAQADA\/\/\/\/wIGAgAAAAAACAcAAAAAAgAAAAEDBWgAAAABVQAAAAQGCgAAAFQAaQBtAGUAcwAFBgoAAABUAGkAbQBlAHMACAQYAAAAFgQYAAAAGAEAGQYKAAAAZQBuAC0AVQBTAB0GEAAAAAABAAMD\/\/\/\/AgYCAAAAAAAICQAAAAAEAAAAagBhAAVrAAAAAVgAAAAEBgoAAABUAGkAbQBlAHMABQYKAAAAVABpAG0AZQBzABMBAQgEGAAAABYEGAAAABgBABkGCgAAAGUAbgAtAFUAUwAdBhAAAAAAAQADA\/\/\/\/wIGAgAAAAAACAkAAAAABAAAAAADIAAF7AAAAAFVAAAABAYKAAAAVABpAG0AZQBzAAUGCgAAAFQAaQBtAGUAcwAIBBgAAAAWBBgAAAAYAQAZBgoAAABlAG4ALQBVAFMAHQYQAAAAAAEAAwP\/\/\/8CBgIAAAAAAAiNAAAAAIgAAABjAGgAZQB6ACAAZQB1AHgAIABkAGUAcAB1AGkAcwAgAGwAbwBuAGcAdABlAG0AcABzACAAdQBuAGUAIABhAHQAdAByAGEAYwB0AGkAbwBuACAAdABvAHUAdAAgAGEAdQBzAHMAaQAgAHAAdQBpAHMAcwBhAG4AdABlACAAcABvAHUAcgAgAGwABWkAAAABWAAAAAQGCgAAAFQAaQBtAGUAcwAFBgoAAABUAGkAbQBlAHMAEwEBCAQYAAAAFgQYAAAAGAEAGQYKAAAAZQBuAC0AVQBTAB0GEAAAAAABAAMD\/\/\/\/AgYCAAAAAAAIBwAAAAACAAAAGSAFngAAAAFVAAAABAYKAAAAVABpAG0AZQBzAAUGCgAAAFQAaQBtAGUAcwAIBBgAAAAWBBgAAAAYAQAZBgoAAABlAG4ALQBVAFMAHQYQAAAAAAEAAwP\/\/\/8CBgIAAAAAAAg\/AAAAADoAAABhAHIAdAAsACAAZQB0ACAAZQBuACAAcABhAHIAdABpAGMAdQBsAGkAZQByACAAcABvAHUAcgAgAGwABWkAAAABWAAAAAQGCgAAAFQAaQBtAGUAcwAFBgoAAABUAGkAbQBlAHMAEwEBCAQYAAAAFgQYAAAAGAEAGQYKAAAAZQBuAC0AVQBTAB0GEAAAAAABAAMD\/\/\/\/AgYCAAAAAAAIBwAAAAACAAAAGSAFygAAAAFVAAAABAYKAAAAVABpAG0AZQBzAAUGCgAAAFQAaQBtAGUAcwAIBBgAAAAWBBgAAAAYAQAZBgoAAABlAG4ALQBVAFMAHQYQAAAAAAEAAwP\/\/\/8CBgIAAAAAAAhrAAAAAGYAAABhAGIAcwB0AHIAYQBjAHQAaQBvAG4AIABlAHQAIABsAGEAIABzAGMAdQBsAHAAdAB1AHIAZQAgAHMAbwB1AHMAIAB0AG8AdQB0AGUAcwAgAHMAZQBzACAAZgBvAHIAbQBlAHMALgAFCgAAAAEAAAAACAAAAAAFbwAAAAFlAAAABAYKAAAAVABpAG0AZQBzAAUGCgAAAFQAaQBtAGUAcwAHBgoAAABUAGkAbQBlAHMABgYKAAAAVABpAG0AZQBzAAgEGAAAABYEGAAAABgBAB0GEAAAAAABAAMD\/\/\/\/AgYCAAAAAAAIAAAAAACfAQAAAZ4AAAAVBgYAAAA2ADMAMgABBhIAAAAkBAAAAAAlBAAAAAAmBAAAAAAFAQMJBgAAAAAaBmUAAAAEBgoAAABUAGkAbQBlAHMABQYKAAAAVABpAG0AZQBzAAcGCgAAAFQAaQBtAGUAcwAGBgoAAABUAGkAbQBlAHMACAQYAAAAFgQYAAAAGAEAHQYQAAAAAAEAAwP\/\/\/8CBgIAAAAAABsGAAAAAAL3AAAABW8AAAABZQAAAAQGCgAAAFQAaQBtAGUAcwAFBgoAAABUAGkAbQBlAHMABwYKAAAAVABpAG0AZQBzAAYGCgAAAFQAaQBtAGUAcwAIBBgAAAAWBBgAAAAYAQAdBhAAAAAAAQADA\/\/\/\/wIGAgAAAAAACAAAAAAFCgAAAAEAAAAACAAAAAAFbwAAAAFlAAAABAYKAAAAVABpAG0AZQBzAAUGCgAAAFQAaQBtAGUAcwAHBgoAAABUAGkAbQBlAHMABgYKAAAAVABpAG0AZQBzAAgEGAAAABYEGAAAABgBAB0GEAAAAAABAAMD\/\/\/\/AgYCAAAAAAAIAAAAAAB3EwAAAZ4AAAAVBgYAAAA2ADMAMgABBhIAAAAkBAAAAAAlBAAAAAAmBAAAAAAFAQMJBgAAAAAaBmUAAAAEBgoAAABUAGkAbQBlAHMABQYKAAAAVABpAG0AZQBzAAcGCgAAAFQAaQBtAGUAcwAGBgoAAABUAGkAbQBlAHMACAQYAAAAFgQYAAAAGAEAHQYQAAAAAAEAAwP\/\/\/8CBgIAAAAAABsGAAAAAALPEgAABWYAAAABVQAAAAQGCgAAAFQAaQBtAGUAcwAFBgoAAABUAGkAbQBlAHMACAQYAAAAFgQYAAAAGAEAGQYKAAAAZQBuAC0AVQBTAB0GEAAAAAABAAMD\/\/\/\/AgYCAAAAAAAIBwAAAAACAAAATAAFaQAAAAFYAAAABAYKAAAAVABpAG0AZQBzAAUGCgAAAFQAaQBtAGUAcwATAQEIBBgAAAAWBBgAAAAYAQAZBgoAAABlAG4ALQBVAFMAHQYQAAAAAAEAAwP\/\/\/8CBgIAAAAAAAgHAAAAAAIAAAAZIAVqAAAAAVUAAAAEBgoAAABUAGkAbQBlAHMABQYKAAAAVABpAG0AZQBzAAgEGAAAABYEGAAAABgBABkGCgAAAGUAbgAtAFUAUwAdBhAAAAAAAQADA\/\/\/\/wIGAgAAAAAACAsAAAAABgAAAGkAZABlAAVpAAAAAVgAAAAEBgoAAABUAGkAbQBlAHMABQYKAAAAVABpAG0AZQBzABMBAQgEGAAAABYEGAAAABgBABkGCgAAAGUAbgAtAFUAUwAdBhAAAAAAAQADA\/\/\/\/wIGAgAAAAAACAcAAAAAAgAAAAEDBX4AAAABVQAAAAQGCgAAAFQAaQBtAGUAcwAFBgoAAABUAGkAbQBlAHMACAQYAAAAFgQYAAAAGAEAGQYKAAAAZQBuAC0AVQBTAB0GEAAAAAABAAMD\/\/\/\/AgYCAAAAAAAIHwAAAAAaAAAAZQAgAGQAZQAgAGYAYQBpAHIAZQAgAGQAZQAFaQAAAAFYAAAABAYKAAAAVABpAG0AZQBzAAUGCgAAAFQAaQBtAGUAcwATAQEIBBgAAAAWBBgAAAAYAQAZBgoAAABlAG4ALQBVAFMAHQYQAAAAAAEAAwP\/\/\/8CBgIAAAAAAAgHAAAAAAIAAAABAwWsAAAAAVUAAAAEBgoAAABUAGkAbQBlAHMABQYKAAAAVABpAG0AZQBzAAgEGAAAABYEGAAAABgBABkGCgAAAGUAbgAtAFUAUwAdBhAAAAAAAQADA\/\/\/\/wIGAgAAAAAACE0AAAAASAAAAGMAbwB1AHYAcgBpAHIAIABsAGEAIABzAGMAdQBsAHAAdAB1AHIAZQAgAGMAbwBuAHQAZQBtAHAAbwByAGEAaQBuAGUAIABhAAVrAAAAAVgAAAAEBgoAAABUAGkAbQBlAHMABQYKAAAAVABpAG0AZQBzABMBAQgEGAAAABYEGAAAABgBABkGCgAAAGUAbgAtAFUAUwAdBhAAAAAAAQADA\/\/\/\/wIGAgAAAAAACAkAAAAABAAAAAADIAAFogAAAAFVAAAABAYKAAAAVABpAG0AZQBzAAUGCgAAAFQAaQBtAGUAcwAIBBgAAAAWBBgAAAAYAQAZBgoAAABlAG4ALQBVAFMAHQYQAAAAAAEAAwP\/\/\/8CBgIAAAAAAAhDAAAAAD4AAAB0AHIAYQB2AGUAcgBzACAAZABlAHMAIABlAHgAcABvAHMAaQB0AGkAbwBuAHMAIABkAGUAcwB0AGkAbgBlAAVpAAAAAVgAAAAEBgoAAABUAGkAbQBlAHMABQYKAAAAVABpAG0AZQBzABMBAQgEGAAAABYEGAAAABgBABkGCgAAAGUAbgAtAFUAUwAdBhAAAAAAAQADA\/\/\/\/wIGAgAAAAAACAcAAAAAAgAAAAEDBZ4AAAABVQAAAAQGCgAAAFQAaQBtAGUAcwAFBgoAAABUAGkAbQBlAHMACAQYAAAAFgQYAAAAGAEAGQYKAAAAZQBuAC0AVQBTAB0GEAAAAAABAAMD\/\/\/\/AgYCAAAAAAAIPwAAAAA6AAAAZQBzACAAYQB1ACAAcAB1AGIAbABpAGMAIABjAG8AbQBtAGUAbgBjAGUAIABhAGwAbwByAHMAIABhAAVrAAAAAVgAAAAEBgoAAABUAGkAbQBlAHMABQYKAAAAVABpAG0AZQBzABMBAQgEGAAAABYEGAAAABgBABkGCgAAAGUAbgAtAFUAUwAdBhAAAAAAAQADA\/\/\/\/wIGAgAAAAAACAkAAAAABAAAAAADIAAFhAAAAAFVAAAABAYKAAAAVABpAG0AZQBzAAUGCgAAAFQAaQBtAGUAcwAIBBgAAAAWBBgAAAAYAQAZBgoAAABlAG4ALQBVAFMAHQYQAAAAAAEAAwP\/\/\/8CBgIAAAAAAAglAAAAACAAAABmAGEAaQByAGUAIABzAG8AbgAgAGMAaABlAG0AaQBuAAVrAAAAAVgAAAAEBgoAAABUAGkAbQBlAHMABQYKAAAAVABpAG0AZQBzABMBAQgEGAAAABYEGAAAABgBABkGCgAAAGUAbgAtAFUAUwAdBhAAAAAAAQADA\/\/\/\/wIGAgAAAAAACAkAAAAABAAAACYgIAAFjAAAAAFVAAAABAYKAAAAVABpAG0AZQBzAAUGCgAAAFQAaQBtAGUAcwAIBBgAAAAWBBgAAAAYAQAZBgoAAABlAG4ALQBVAFMAHQYQAAAAAAEAAwP\/\/\/8CBgIAAAAAAAgtAAAAACgAAABFAG4AIAAyADAAMQAwACwAIABsAGEAIAB2AGkAcwBpAHQAZQAgAGQABWkAAAABWAAAAAQGCgAAAFQAaQBtAGUAcwAFBgoAAABUAGkAbQBlAHMAEwEBCAQYAAAAFgQYAAAAGAEAGQYKAAAAZQBuAC0AVQBTAB0GEAAAAAABAAMD\/\/\/\/AgYCAAAAAAAIBwAAAAACAAAAGSAFmAAAAAFVAAAABAYKAAAAVABpAG0AZQBzAAUGCgAAAFQAaQBtAGUAcwAIBBgAAAAWBBgAAAAYAQAZBgoAAABlAG4ALQBVAFMAHQYQAAAAAAEAAwP\/\/\/8CBgIAAAAAAAg5AAAAADQAAAB1AG4AZQAgAGcAcgBhAG4AZABlACAAZABlAG0AZQB1AHIAZQAgAHAAcgBvAHYAZQBuAGMABWkAAAABWAAAAAQGCgAAAFQAaQBtAGUAcwAFBgoAAABUAGkAbQBlAHMAEwEBCAQYAAAAFgQYAAAAGAEAGQYKAAAAZQBuAC0AVQBTAB0GEAAAAAABAAMD\/\/\/\/AgYCAAAAAAAIBwAAAAACAAAAJwMFfAAAAAFVAAAABAYKAAAAVABpAG0AZQBzAAUGCgAAAFQAaQBtAGUAcwAIBBgAAAAWBBgAAAAYAQAZBgoAAABlAG4ALQBVAFMAHQYQAAAAAAEAAwP\/\/\/8CBgIAAAAAAAgdAAAAABgAAABhAGwAZQAgAGYAaQBuACAAWABJAFgAZQAFaQAAAAFYAAAABAYKAAAAVABpAG0AZQBzAAUGCgAAAFQAaQBtAGUAcwATAQEIBBgAAAAWBBgAAAAYAQAZBgoAAABlAG4ALQBVAFMAHQYQAAAAAAEAAwP\/\/\/8CBgIAAAAAAAgHAAAAAAIAAAAAAwVYAQAAAVUAAAAEBgoAAABUAGkAbQBlAHMABQYKAAAAVABpAG0AZQBzAAgEGAAAABYEGAAAABgBABkGCgAAAGUAbgAtAFUAUwAdBhAAAAAAAQADA\/\/\/\/wIGAgAAAAAACPkAAAAA9AAAAG0AZQAsACAAZQBuACAAYgBvAHIAZAAgAGQAZQAgAFMAbwByAGcAdQBlACwAIABsAGkAZQB1ACAAcAByAG8AdgBpAGQAZQBuAHQAaQBlAGwALAAgAGUAcwB0ACAAbABlACAAYwBhAHQAYQBsAHkAcwBlAHUAcgAgAHEAdQBpACAAcABlAHIAbQBlAHQAIABhAHUAIABwAHIAbwBqAGUAdAAgAGQAZQAgAHAAcgBlAG4AZAByAGUAIABjAG8AcgBwAHMAIAA6ACAAbABhACAAVgBpAGwAbABhACAARABhAHQAcgBpAHMAIABlAHMAdAAgAG4AZQAFaQAAAAFYAAAABAYKAAAAVABpAG0AZQBzAAUGCgAAAFQAaQBtAGUAcwATAQEIBBgAAAAWBBgAAAAYAQAZBgoAAABlAG4ALQBVAFMAHQYQAAAAAAEAAwP\/\/\/8CBgIAAAAAAAgHAAAAAAIAAAABAwWWAAAAAVUAAAAEBgoAAABUAGkAbQBlAHMABQYKAAAAVABpAG0AZQBzAAgEGAAAABYEGAAAABgBABkGCgAAAGUAbgAtAFUAUwAdBhAAAAAAAQADA\/\/\/\/wIGAgAAAAAACDcAAAAAMgAAAGUALgAgAEUAbABsAGUAIAB0AGkAcgBlACAAcwBvAG4AIABuAG8AbQAgAGQAZQAgAGwABWkAAAABWAAAAAQGCgAAAFQAaQBtAGUAcwAFBgoAAABUAGkAbQBlAHMAEwEBCAQYAAAAFgQYAAAAGAEAGQYKAAAAZQBuAC0AVQBTAB0GEAAAAAABAAMD\/\/\/\/AgYCAAAAAAAIBwAAAAACAAAAGSAFhAAAAAFVAAAABAYKAAAAVABpAG0AZQBzAAUGCgAAAFQAaQBtAGUAcwAIBBgAAAAWBBgAAAAYAQAZBgoAAABlAG4ALQBVAFMAHQYQAAAAAAEAAwP\/\/\/8CBgIAAAAAAAglAAAAACAAAABhAGwAbABpAGEAbgBjAGUAIABkAGUAcwAgAHAAcgBlAAVpAAAAAVgAAAAEBgoAAABUAGkAbQBlAHMABQYKAAAAVABpAG0AZQBzABMBAQgEGAAAABYEGAAAABgBABkGCgAAAGUAbgAtAFUAUwAdBhAAAAAAAQADA\/\/\/\/wIGAgAAAAAACAcAAAAAAgAAAAEDBX4AAAABVQAAAAQGCgAAAFQAaQBtAGUAcwAFBgoAAABUAGkAbQBlAHMACAQYAAAAFgQYAAAAGAEAGQYKAAAAZQBuAC0AVQBTAB0GEAAAAAABAAMD\/\/\/\/AgYCAAAAAAAIHwAAAAAaAAAAbgBvAG0AcwAgAGQAZQAgAEQAYQBuAGkAZQAFaQAAAAFYAAAABAYKAAAAVABpAG0AZQBzAAUGCgAAAFQAaQBtAGUAcwATAQEIBBgAAAAWBBgAAAAYAQAZBgoAAABlAG4ALQBVAFMAHQYQAAAAAAEAAwP\/\/\/8CBgIAAAAAAAgHAAAAAAIAAAAAAwXaAAAAAVUAAAAEBgoAAABUAGkAbQBlAHMABQYKAAAAVABpAG0AZQBzAAgEGAAAABYEGAAAABgBABkGCgAAAGUAbgAtAFUAUwAdBhAAAAAAAQADA\/\/\/\/wIGAgAAAAAACHsAAAAAdgAAAGwAZQAgAGUAdAAgAFQAcgBpAHMAdABhAG4ALAAgAHMAYwBlAGwAbABhAG4AdAAgAGMAZQB0ACAAZQB4AGEAbAB0AGEAbgB0ACAAcAByAG8AagBlAHQAIABhAHIAdABpAHMAdABpAHEAdQBlACAAbQBlAG4AZQAFawAAAAFYAAAABAYKAAAAVABpAG0AZQBzAAUGCgAAAFQAaQBtAGUAcwATAQEIBBgAAAAWBBgAAAAYAQAZBgoAAABlAG4ALQBVAFMAHQYQAAAAAAEAAwP\/\/\/8CBgIAAAAAAAgJAAAAAAQAAAABAyAABWYAAAABVQAAAAQGCgAAAFQAaQBtAGUAcwAFBgoAAABUAGkAbQBlAHMACAQYAAAAFgQYAAAAGAEAGQYKAAAAZQBuAC0AVQBTAB0GEAAAAAABAAMD\/\/\/\/AgYCAAAAAAAIBwAAAAACAAAAYQAFawAAAAFYAAAABAYKAAAAVABpAG0AZQBzAAUGCgAAAFQAaQBtAGUAcwATAQEIBBgAAAAWBBgAAAAYAQAZBgoAAABlAG4ALQBVAFMAHQYQAAAAAAEAAwP\/\/\/8CBgIAAAAAAAgJAAAAAAQAAAAAAyAABZ4AAAABVQAAAAQGCgAAAFQAaQBtAGUAcwAFBgoAAABUAGkAbQBlAHMACAQYAAAAFgQYAAAAGAEAGQYKAAAAZQBuAC0AVQBTAB0GEAAAAAABAAMD\/\/\/\/AgYCAAAAAAAIPwAAAAA6AAAAZABlAHUAeAAsACAAcwBvAHUAdABlAG4AdQAgAHAAYQByACAAdQBuACAAYwBlAHIAYwBsAGUAIABkAAVpAAAAAVgAAAAEBgoAAABUAGkAbQBlAHMABQYKAAAAVABpAG0AZQBzABMBAQgEGAAAABYEGAAAABgBABkGCgAAAGUAbgAtAFUAUwAdBhAAAAAAAQADA\/\/\/\/wIGAgAAAAAACAcAAAAAAgAAABkgBW4AAAABVQAAAAQGCgAAAFQAaQBtAGUAcwAFBgoAAABUAGkAbQBlAHMACAQYAAAAFgQYAAAAGAEAGQYKAAAAZQBuAC0AVQBTAB0GEAAAAAABAAMD\/\/\/\/AgYCAAAAAAAIDwAAAAAKAAAAYQBtAGkAcwAuAAUKAAAAAQAAAAAIAAAAAAVvAAAAAWUAAAAEBgoAAABUAGkAbQBlAHMABQYKAAAAVABpAG0AZQBzAAcGCgAAAFQAaQBtAGUAcwAGBgoAAABUAGkAbQBlAHMACAQYAAAAFgQYAAAAGAEAHQYQAAAAAAEAAwP\/\/\/8CBgIAAAAAAAgAAAAAABwKAAABngAAABUGBgAAADYAMwAyAAEGEgAAACQEAAAAACUEAAAAACYEAAAAAAUBAwkGAAAAABoGZQAAAAQGCgAAAFQAaQBtAGUAcwAFBgoAAABUAGkAbQBlAHMABwYKAAAAVABpAG0AZQBzAAYGCgAAAFQAaQBtAGUAcwAIBBgAAAAWBBgAAAAYAQAdBhAAAAAAAQADA\/\/\/\/wIGAgAAAAAAGwYAAAAAAnQJAAAF7AAAAAFVAAAABAYKAAAAVABpAG0AZQBzAAUGCgAAAFQAaQBtAGUAcwAIBBgAAAAWBBgAAAAYAQAZBgoAAABlAG4ALQBVAFMAHQYQAAAAAAEAAwP\/\/\/8CBgIAAAAAAAiNAAAAAIgAAABFAG4AIAAyADAAMQAxACwAIABsAGEAIABWAGkAbABsAGEAIABEAGEAdAByAGkAcwAgAG8AdQB2AHIAZQAgAHMAZQBzACAAcABvAHIAdABlAHMAIABhAHUAIABwAHUAYgBsAGkAYwAsACAAcwBvAHUAcwAgAGwAYQAgAGYAbwByAG0AZQAgAGQABWkAAAABWAAAAAQGCgAAAFQAaQBtAGUAcwAFBgoAAABUAGkAbQBlAHMAEwEBCAQYAAAAFgQYAAAAGAEAGQYKAAAAZQBuAC0AVQBTAB0GEAAAAAABAAMD\/\/\/\/AgYCAAAAAAAIBwAAAAACAAAAGSAFegAAAAFVAAAABAYKAAAAVABpAG0AZQBzAAUGCgAAAFQAaQBtAGUAcwAIBBgAAAAWBBgAAAAYAQAZBgoAAABlAG4ALQBVAFMAHQYQAAAAAAEAAwP\/\/\/8CBgIAAAAAAAgbAAAAABYAAAB1AG4AIABjAGUAbgB0AHIAZQAgAGQABWkAAAABWAAAAAQGCgAAAFQAaQBtAGUAcwAFBgoAAABUAGkAbQBlAHMAEwEBCAQYAAAAFgQYAAAAGAEAGQYKAAAAZQBuAC0AVQBTAB0GEAAAAAABAAMD\/\/\/\/AgYCAAAAAAAIBwAAAAACAAAAGSAFdgAAAAFVAAAABAYKAAAAVABpAG0AZQBzAAUGCgAAAFQAaQBtAGUAcwAIBBgAAAAWBBgAAAAYAQAZBgoAAABlAG4ALQBVAFMAHQYQAAAAAAEAAwP\/\/\/8CBgIAAAAAAAgXAAAAABIAAABhAHIAdAAgAHAAcgBpAHYAZQAFawAAAAFYAAAABAYKAAAAVABpAG0AZQBzAAUGCgAAAFQAaQBtAGUAcwATAQEIBBgAAAAWBBgAAAAYAQAZBgoAAABlAG4ALQBVAFMAHQYQAAAAAAEAAwP\/\/\/8CBgIAAAAAAAgJAAAAAAQAAAABAyAABZAAAAABVQAAAAQGCgAAAFQAaQBtAGUAcwAFBgoAAABUAGkAbQBlAHMACAQYAAAAFgQYAAAAGAEAGQYKAAAAZQBuAC0AVQBTAB0GEAAAAAABAAMD\/\/\/\/AgYCAAAAAAAIMQAAAAAsAAAAcQB1AGkAIABhACAAcABvAHUAcgAgAG8AcgBpAGcAaQBuAGEAbABpAHQAZQAFawAAAAFYAAAABAYKAAAAVABpAG0AZQBzAAUGCgAAAFQAaQBtAGUAcwATAQEIBBgAAAAWBBgAAAAYAQAZBgoAAABlAG4ALQBVAFMAHQYQAAAAAAEAAwP\/\/\/8CBgIAAAAAAAgJAAAAAAQAAAABAyAABdoAAAABVQAAAAQGCgAAAFQAaQBtAGUAcwAFBgoAAABUAGkAbQBlAHMACAQYAAAAFgQYAAAAGAEAGQYKAAAAZQBuAC0AVQBTAB0GEAAAAAABAAMD\/\/\/\/AgYCAAAAAAAIewAAAAB2AAAAZQB0ACAAcABvAHUAcgAgAHYAbwBjAGEAdABpAG8AbgAgAGQAZQAgAHAAcgBvAG0AbwB1AHYAbwBpAHIAIABsAGEAIABzAGMAdQBsAHAAdAB1AHIAZQAgAGMAbwBuAHQAZQBtAHAAbwByAGEAaQBuAGUAIABhAAVrAAAAAVgAAAAEBgoAAABUAGkAbQBlAHMABQYKAAAAVABpAG0AZQBzABMBAQgEGAAAABYEGAAAABgBABkGCgAAAGUAbgAtAFUAUwAdBhAAAAAAAQADA\/\/\/\/wIGAgAAAAAACAkAAAAABAAAAAADIAAFgAAAAAFVAAAABAYKAAAAVABpAG0AZQBzAAUGCgAAAFQAaQBtAGUAcwAIBBgAAAAWBBgAAAAYAQAZBgoAAABlAG4ALQBVAFMAHQYQAAAAAAEAAwP\/\/\/8CBgIAAAAAAAghAAAAABwAAAB0AHIAYQB2AGUAcgBzACAAbABhACAAcAByAGUABWkAAAABWAAAAAQGCgAAAFQAaQBtAGUAcwAFBgoAAABUAGkAbQBlAHMAEwEBCAQYAAAAFgQYAAAAGAEAGQYKAAAAZQBuAC0AVQBTAB0GEAAAAAABAAMD\/\/\/\/AgYCAAAAAAAIBwAAAAACAAAAAQMFegAAAAFVAAAABAYKAAAAVABpAG0AZQBzAAUGCgAAAFQAaQBtAGUAcwAIBBgAAAAWBBgAAAAYAQAZBgoAAABlAG4ALQBVAFMAHQYQAAAAAAEAAwP\/\/\/8CBgIAAAAAAAgbAAAAABYAAABzAGUAbgB0AGEAdABpAG8AbgAgAGQABWkAAAABWAAAAAQGCgAAAFQAaQBtAGUAcwAFBgoAAABUAGkAbQBlAHMAEwEBCAQYAAAAFgQYAAAAGAEAGQYKAAAAZQBuAC0AVQBTAB0GEAAAAAABAAMD\/\/\/\/AgYCAAAAAAAIBwAAAAACAAAAGSAFmgAAAAFVAAAABAYKAAAAVABpAG0AZQBzAAUGCgAAAFQAaQBtAGUAcwAIBBgAAAAWBBgAAAAYAQAZBgoAAABlAG4ALQBVAFMAHQYQAAAAAAEAAwP\/\/\/8CBgIAAAAAAAg7AAAAADYAAAB1AG4AZQAgAGUAeABwAG8AcwBpAHQAaQBvAG4AIABhAG4AbgB1AGUAbABsAGUAIAB0AGgAZQAFaQAAAAFYAAAABAYKAAAAVABpAG0AZQBzAAUGCgAAAFQAaQBtAGUAcwATAQEIBBgAAAAWBBgAAAAYAQAZBgoAAABlAG4ALQBVAFMAHQYQAAAAAAEAAwP\/\/\/8CBgIAAAAAAAgHAAAAAAIAAAABAwV0AAAAAVUAAAAEBgoAAABUAGkAbQBlAHMABQYKAAAAVABpAG0AZQBzAAgEGAAAABYEGAAAABgBABkGCgAAAGUAbgAtAFUAUwAdBhAAAAAAAQADA\/\/\/\/wIGAgAAAAAACBUAAAAAEAAAAG0AYQB0AGkAcQB1AGUALgAFCgAAAAEAAAAACAAAAAAFbwAAAAFlAAAABAYKAAAAVABpAG0AZQBzAAUGCgAAAFQAaQBtAGUAcwAHBgoAAABUAGkAbQBlAHMABgYKAAAAVABpAG0AZQBzAAgEGAAAABYEGAAAABgBAB0GEAAAAAABAAMD\/\/\/\/AgYCAAAAAAAIAAAAAAoAAAAAAAAAABEAAAAA0wMAAABwAAAAFgYMAAAAFwQAAAAAGAQAAAAAAQYAAAAACQYAAAAADgYTAAAAAAEAAgYCAAAAAAAEBgIAAAAAABsGAAAAAB4GJwAAAAEEAAAAAAMBAgQEAAAAAAYBAAcEAAAAAAgEAAAAAAsBAgwEAAAAACIECQAAAAGVAAAABAYeAAAAVABpAG0AZQBzACAATgBlAHcAIABSAG8AbQBhAG4ABQYeAAAAVABpAG0AZQBzACAATgBlAHcAIABSAG8AbQBhAG4ABwYeAAAAVABpAG0AZQBzACAATgBlAHcAIABSAG8AbQBhAG4ABgYgAAAAQQByAGkAYQBsACAAVQBuAGkAYwBvAGQAZQAgAE0AUwATAQECvwIAAAC6AgAAAQYAAAA2ADMAMgACFAAAAFAAYQByACAAZADpAGYAYQB1AHQACQEAAAADBAYAAAA2ADMAMgAFTAEAAAABAAEBAAIBAAMBAAQGHAAAAEgAZQBsAHYAZQB0AGkAYwBhACAATgBlAHUAZQAFBhwAAABIAGUAbAB2AGUAdABpAGMAYQAgAE4AZQB1AGUABwYgAAAAQQByAGkAYQBsACAAVQBuAGkAYwBvAGQAZQAgAE0AUwAGBiAAAABBAHIAaQBhAGwAIABVAG4AaQBjAG8AZABlACAATQBTAAgEFgAAAAkDAAAACgEADAEAJgQAAAAADwEAEAEAEQEAJwQAAAAAFAEAFQEAFgQWAAAAFwEAGAEAGQYKAAAAZQBuAC0AVQBTABoGCgAAAGEAcgAtAFMAQQAbBgoAAAB6AGgALQBDAE4AHgEAHwYdAAAAABgAAAD6+wAFAAAAAgAAAAACBwAAAPoAYwAAAPsgBhwAAAAAFwAAAAMSAAAAAA0AAAABCAAAAPoAAAEAAgD7Bi8BAAAWBgwAAAAXBAAAAAAYBAAAAAAAAQABBhIAAAAkBAAAAAAlBAAAAAAmBAAAAAAFAQEGAQAHAQAIAQAJBhsAAAAnBPAAAAALAQEcAQAoBAAAAAAdAQApBAAAAAAOBhMAAAAAAQACBgIAAAAAAAQGAgAAAAAAGQEBGwZ9AAAAABQAAAAAAwAAAAUEAAAAAAYEBAAAAAMBAAEUAAAAAAMAAAAFBAAAAAAGBAQAAAADAQACFAAAAAADAAAABQQAAAAABgQEAAAAAwEAAxQAAAAAAwAAAAUEAAAAAAYEBAAAAAMBAAsUAAAAAAMAAAAFBAAAAAAGBAQAAAADAQAeBicAAAABBAAAAAADAQIEBAAAAAAGAQAHBAAAAAAIBAAAAAALAQIMBAAAAAAiBAkAAAAsAQA=\">\u00a0<\/p><p class=\"p1\"><span class=\"s1\">Georges DEMARTY, n\u00e9 en 1949, est un artiste autodidacte reconnu, et sp\u00e9cialis\u00e9 dans la calligraphie latine.<\/span><\/p><p class=\"p1\"><span class=\"s1\">Son travail, d\u00e9marr\u00e9 apr\u00e8s une carri\u00e8re dans les Minist\u00e8res, s\u2019articule autour de textes simples mais oh combien symboliques.<br \/>Des le\u00e7ons de vie, extraites de ses lectures \u00e9clectiques, de Paolo Coelho \u00e0 Ren\u00e9 Char, empreintes d\u2019une passion pour les Templiers.<br \/>Le r\u00e9sultat est constitu\u00e9 de formats calligraphiques adapt\u00e9s et personnalis\u00e9s, qui vont directement au c\u0153ur.<br \/><br \/>Un t\u00e9moignage \u00e0 travers de grandes citations, mais aussi des cr\u00e9ations audacieuses qui rappellent que l\u2019auteur, malgr\u00e9 son expertise des chiffres n\u2019en oublie pas d\u2019\u00eatre un grand po\u00e8te, et un authentique artiste, humble et ambitieux tout \u00e0 la fois.<br \/>Il fait l\u2019honneur de sa pr\u00e9sence \u00e0 la deuxi\u00e8me \u00e9dition du Festival Partage des Arts, et refusant une performance, n\u2019en sera pas moins heureux d\u2019expliquer son travail minutieux, par le d\u00e9tail.<\/span><\/p><p class=\"p1\"><span class=\"s1\">La calligraphie est l&rsquo;alg\u00e8bre de l&rsquo;\u00e2me trac\u00e9e par l&rsquo;organe le plus spiritualis\u00e9 du corps, sa main droite. Elle est la c\u00e9l\u00e9bration de l&rsquo;invisible par le visible.\u00a0\u00a0<\/span><\/p>\t\t\t\t\t\t\t\t<\/div>\n\t\t\t\t<\/div>\n\t\t\t\t<\/div>\n\t\t<div class=\"elementor-element elementor-element-76730af e-con-full e-flex e-con e-child\" data-id=\"76730af\" data-element_type=\"container\" data-e-type=\"container\">\n\t\t\t\t<div class=\"elementor-element elementor-element-bc32fb9 elementor-widget elementor-widget-spacer\" data-id=\"bc32fb9\" data-element_type=\"widget\" data-e-type=\"widget\" data-widget_type=\"spacer.default\">\n\t\t\t\t<div class=\"elementor-widget-container\">\n\t\t\t\t\t\t\t<div class=\"elementor-spacer\">\n\t\t\t<div class=\"elementor-spacer-inner\"><\/div>\n\t\t<\/div>\n\t\t\t\t\t\t<\/div>\n\t\t\t\t<\/div>\n\t\t\t\t<div class=\"elementor-element elementor-element-18fad5a elementor-widget__width-initial elementor-widget elementor-widget-image\" data-id=\"18fad5a\" data-element_type=\"widget\" data-e-type=\"widget\" data-widget_type=\"image.default\">\n\t\t\t\t<div class=\"elementor-widget-container\">\n\t\t\t\t\t\t\t\t\t\t\t\t\t\t\t<img fetchpriority=\"high\" decoding=\"async\" width=\"800\" height=\"1000\" src=\"https:\/\/2025.buzzartfestival.com\/wp-content\/uploads\/2025\/09\/GEORGES-DEMARTY-819x1024.jpg\" class=\"attachment-large size-large wp-image-1378\" alt=\"\" srcset=\"https:\/\/2025.buzzartfestival.com\/wp-content\/uploads\/2025\/09\/GEORGES-DEMARTY-819x1024.jpg 819w, https:\/\/2025.buzzartfestival.com\/wp-content\/uploads\/2025\/09\/GEORGES-DEMARTY-240x300.jpg 240w, https:\/\/2025.buzzartfestival.com\/wp-content\/uploads\/2025\/09\/GEORGES-DEMARTY-768x960.jpg 768w, https:\/\/2025.buzzartfestival.com\/wp-content\/uploads\/2025\/09\/GEORGES-DEMARTY.jpg 1080w\" sizes=\"(max-width: 800px) 100vw, 800px\" \/>\t\t\t\t\t\t\t\t\t\t\t\t\t\t\t<\/div>\n\t\t\t\t<\/div>\n\t\t\t\t<\/div>\n\t\t\t\t<\/div>\n\t\t\t\t<\/div>\n\t\t","protected":false},"excerpt":{"rendered":"<p>\u00a0 Georges DEMARTY, n\u00e9 en 1949, est un artiste autodidacte reconnu, et sp\u00e9cialis\u00e9 dans la calligraphie latine. Son travail, d\u00e9marr\u00e9 apr\u00e8s une carri\u00e8re dans les Minist\u00e8res, s\u2019articule autour de textes simples mais oh combien symboliques.Des le\u00e7ons de vie, extraites de ses lectures \u00e9clectiques, de Paolo Coelho \u00e0 Ren\u00e9 Char, empreintes d\u2019une passion pour les Templiers.Le [&hellip;]<\/p>\n","protected":false},"author":1,"featured_media":0,"parent":1050,"menu_order":0,"comment_status":"closed","ping_status":"closed","template":"","meta":{"inline_featured_image":false,"footnotes":""},"class_list":["post-1296","page","type-page","status-publish","hentry"],"_links":{"self":[{"href":"https:\/\/2025.buzzartfestival.com\/index.php\/wp-json\/wp\/v2\/pages\/1296","targetHints":{"allow":["GET"]}}],"collection":[{"href":"https:\/\/2025.buzzartfestival.com\/index.php\/wp-json\/wp\/v2\/pages"}],"about":[{"href":"https:\/\/2025.buzzartfestival.com\/index.php\/wp-json\/wp\/v2\/types\/page"}],"author":[{"embeddable":true,"href":"https:\/\/2025.buzzartfestival.com\/index.php\/wp-json\/wp\/v2\/users\/1"}],"replies":[{"embeddable":true,"href":"https:\/\/2025.buzzartfestival.com\/index.php\/wp-json\/wp\/v2\/comments?post=1296"}],"version-history":[{"count":7,"href":"https:\/\/2025.buzzartfestival.com\/index.php\/wp-json\/wp\/v2\/pages\/1296\/revisions"}],"predecessor-version":[{"id":1381,"href":"https:\/\/2025.buzzartfestival.com\/index.php\/wp-json\/wp\/v2\/pages\/1296\/revisions\/1381"}],"up":[{"embeddable":true,"href":"https:\/\/2025.buzzartfestival.com\/index.php\/wp-json\/wp\/v2\/pages\/1050"}],"wp:attachment":[{"href":"https:\/\/2025.buzzartfestival.com\/index.php\/wp-json\/wp\/v2\/media?parent=1296"}],"curies":[{"name":"wp","href":"https:\/\/api.w.org\/{rel}","templated":true}]}}