{"id":1224,"date":"2025-09-05T11:27:01","date_gmt":"2025-09-05T09:27:01","guid":{"rendered":"https:\/\/2025.buzzartfestival.com\/?page_id=1224"},"modified":"2025-09-05T14:37:29","modified_gmt":"2025-09-05T12:37:29","slug":"christophe-charbonnel","status":"publish","type":"page","link":"https:\/\/2025.buzzartfestival.com\/index.php\/edition-2025\/les-expositions\/les-artistes\/christophe-charbonnel\/","title":{"rendered":"Christophe Charbonnel"},"content":{"rendered":"\t\t<div data-elementor-type=\"wp-page\" data-elementor-id=\"1224\" class=\"elementor elementor-1224\" data-elementor-post-type=\"page\">\n\t\t\t\t<div class=\"elementor-element elementor-element-e4aa9d2 e-con-full e-flex e-con e-child\" data-id=\"e4aa9d2\" data-element_type=\"container\" data-e-type=\"container\">\n\t\t<div class=\"elementor-element elementor-element-fb5bd20 e-con-full e-flex e-con e-child\" data-id=\"fb5bd20\" data-element_type=\"container\" data-e-type=\"container\">\n\t\t\t\t<div class=\"elementor-element elementor-element-4aba54a elementor-widget elementor-widget-spacer\" data-id=\"4aba54a\" data-element_type=\"widget\" data-e-type=\"widget\" data-widget_type=\"spacer.default\">\n\t\t\t\t<div class=\"elementor-widget-container\">\n\t\t\t\t\t\t\t<div class=\"elementor-spacer\">\n\t\t\t<div class=\"elementor-spacer-inner\"><\/div>\n\t\t<\/div>\n\t\t\t\t\t\t<\/div>\n\t\t\t\t<\/div>\n\t\t\t\t<div class=\"elementor-element elementor-element-9bd6a45 elementor-widget elementor-widget-text-editor\" data-id=\"9bd6a45\" data-element_type=\"widget\" data-e-type=\"widget\" data-widget_type=\"text-editor.default\">\n\t\t\t\t<div class=\"elementor-widget-container\">\n\t\t\t\t\t\t\t\t\t<p class=\"p1\"><span class=\"s1\">Install\u00e9<span class=\"Apple-converted-space\">\u00a0 <\/span>au<span class=\"Apple-converted-space\">\u00a0 <\/span>c\u0153ur<span class=\"Apple-converted-space\">\u00a0 <\/span>des<span class=\"Apple-converted-space\">\u00a0 <\/span>Yvelines,<span class=\"Apple-converted-space\">\u00a0 <\/span>Christophe<span class=\"Apple-converted-space\">\u00a0 <\/span>Charbonnel<span class=\"Apple-converted-space\">\u00a0 <\/span>(n\u00e9 en 1967) d\u00e9bute sa carri\u00e8re comme dessinateur puis<span class=\"Apple-converted-space\">\u00a0 <\/span>modeleur<span class=\"Apple-converted-space\">\u00a0 <\/span>dans<span class=\"Apple-converted-space\">\u00a0 <\/span>les<span class=\"Apple-converted-space\">\u00a0 <\/span>studios<span class=\"Apple-converted-space\">\u00a0 <\/span>Walt<span class=\"Apple-converted-space\">\u00a0 <\/span>Disney.<span class=\"Apple-converted-space\">\u00a0 <\/span>\u00c9tudiant<span class=\"Apple-converted-space\">\u00a0 <\/span>le<span class=\"Apple-converted-space\">\u00a0 <\/span>modelage<span class=\"Apple-converted-space\">\u00a0 <\/span>aux<span class=\"Apple-converted-space\">\u00a0 <\/span>cours<span class=\"Apple-converted-space\">\u00a0 <\/span>du<span class=\"Apple-converted-space\">\u00a0 <\/span>soir<span class=\"Apple-converted-space\">\u00a0 <\/span>de<span class=\"Apple-converted-space\">\u00a0 <\/span>la<span class=\"Apple-converted-space\">\u00a0 <\/span>Mairie<span class=\"Apple-converted-space\">\u00a0 <\/span>de<span class=\"Apple-converted-space\">\u00a0 <\/span>Paris,<span class=\"Apple-converted-space\">\u00a0 <\/span>il<span class=\"Apple-converted-space\">\u00a0 <\/span>tourmente<span class=\"Apple-converted-space\">\u00a0 <\/span>ses<span class=\"Apple-converted-space\">\u00a0 <\/span>bronzes<span class=\"Apple-converted-space\">\u00a0 <\/span>dans<span class=\"Apple-converted-space\">\u00a0 <\/span>un<span class=\"Apple-converted-space\">\u00a0 <\/span>classicisme<span class=\"Apple-converted-space\">\u00a0 <\/span>puissant<span class=\"Apple-converted-space\">\u00a0 <\/span>et<span class=\"Apple-converted-space\">\u00a0 <\/span>r\u00e9invent\u00e9\u0301 depuis une trentaine d\u2019ann\u00e9es. <\/span><\/p><p class=\"p1\"><span class=\"s1\">Christophe Charbonnel affectionne la figure hi\u00e9ratique, solennelle, qu\u2019il d\u00e9veloppe dans ses personnages en pied. Ses<span class=\"Apple-converted-space\">\u00a0 <\/span>visages<span class=\"Apple-converted-space\">\u00a0 <\/span>et<span class=\"Apple-converted-space\">\u00a0 <\/span>ses<span class=\"Apple-converted-space\">\u00a0 <\/span>groupes<span class=\"Apple-converted-space\">\u00a0 <\/span>monumentaux<span class=\"Apple-converted-space\">\u00a0 <\/span>sont<span class=\"Apple-converted-space\">\u00a0 <\/span>toujours<span class=\"Apple-converted-space\">\u00a0 <\/span>p\u00e9n\u00e9tr\u00e9s d\u2019une tension dramatique qui leur conf\u00e8re une ind\u00e9niable beaut\u00e9\u0301. L\u2019\u00e9motion s\u2019av\u00e8re \u00eatre au c\u0153ur de son travail. L\u2019artiste le dit lui-m\u00eame : \u00ab S\u2019il ne se passe rien, si je ne ressens rien, je pr\u00e9f\u00e8re casser ma pi\u00e8ce et passer \u00e0 autre chose. \u00bb <\/span><\/p><p class=\"p1\"><span class=\"s1\">Si le domaine public s\u2019int\u00e9resse \u00e0 lui (commande d\u2019une fontaine en 2006, d\u2019un Christ en 2008, d\u2019une Victoire monumentale pour la Ville de Bormes les Mimosas en 2018, d\u2019un Ulysse monumental pour la ville des Sables d\u2019Olonne en 2024&#8230;), ce sont surtout les collectionneurs priv\u00e9s et les entreprises qu\u2019il s\u00e9duit (commande d\u2019une s\u00e9rie de pi\u00e8ces pour le groupe h\u00f4telier Okko en 2014, d\u2019une t\u00eate monumentale pour Moncler \u00e0 New York en 2016, Moncler Kob\u00e9 au Japon en 2019 via le cabinet d\u2019architectes Gilles &amp; Boissier, du groupe L\u2019Humanit\u00e9\u0301 pour l\u2019h\u00f4tel du Hainaut, 5 *, d\u2019un Pos\u00e9idon monumental en 2018, &#8230;). <\/span><\/p><p class=\"p1\"><span class=\"s1\">Tr\u00e8s investi dans la r\u00e9alisation d\u2019\u0153uvres monumentales (Veilleur, Th\u00e9s\u00e9e &amp; l\u2019Amazone, David et Goliath&#8230;), il travaille \u00e9galement sur le th\u00e8me du groupe (Les B\u00e2tisseurs, Groupe de guerriers, La R\u00e9volte&#8230;). En 2010 et en 2019, il est laur\u00e9at de la Fondation Taylor. <\/span><\/p><p class=\"p1\"><span class=\"s1\">Depuis<span class=\"Apple-converted-space\">\u00a0 <\/span>quelques<span class=\"Apple-converted-space\">\u00a0 <\/span>ann\u00e9es,<span class=\"Apple-converted-space\">\u00a0 <\/span>les<span class=\"Apple-converted-space\">\u00a0 <\/span>institutions<span class=\"Apple-converted-space\">\u00a0 <\/span>mus\u00e9ales<span class=\"Apple-converted-space\">\u00a0 <\/span>le mettent \u00e0 l\u2019honneur. En effet, apr\u00e8s avoir expos\u00e9 ses \u0153uvres au Mus\u00e9e Arch\u00e9ologique d\u2019Al\u00e9ria, en Corse, qui acquiert<span class=\"Apple-converted-space\">\u00a0 <\/span>trois<span class=\"Apple-converted-space\">\u00a0 <\/span>sculptures<span class=\"Apple-converted-space\">\u00a0 <\/span>monumentales,<span class=\"Apple-converted-space\">\u00a0 <\/span>Christophe Charbonnel entre dans les collections permanentes du<span class=\"Apple-converted-space\">\u00a0 <\/span>Mus\u00e9e<span class=\"Apple-converted-space\">\u00a0 <\/span>Despiau-Wl\u00e9rick<span class=\"Apple-converted-space\">\u00a0 <\/span>(qui<span class=\"Apple-converted-space\">\u00a0 <\/span>lui<span class=\"Apple-converted-space\">\u00a0 <\/span>consacre<span class=\"Apple-converted-space\">\u00a0 <\/span>deux expositions en 2018 et 2021), au Mus\u00e9e Subaquatique de Marseille et dans les collections de la Ville de Chartres avec son David et Goliath. Depuis l\u2019\u00e9t\u00e9 2023, Lug et Ga\u00efa sont install\u00e9es \u00e0 demeure dans le Jardin Anglais du Ch\u00e2teau de Fontainebleau. <\/span><\/p><p class=\"p1\"><span class=\"s1\">Expos\u00e9 au sein de foires et salons prestigieux (Tefaf Maastricht,<span class=\"Apple-converted-space\">\u00a0 <\/span>Master<span class=\"Apple-converted-space\">\u00a0 <\/span>pi\u00e8ce<span class=\"Apple-converted-space\">\u00a0 <\/span>Londres,<span class=\"Apple-converted-space\">\u00a0 <\/span>PAD<span class=\"Apple-converted-space\">\u00a0 <\/span>Paris,<span class=\"Apple-converted-space\">\u00a0 <\/span>La Biennale Paris&#8230;), sa visibilit\u00e9\u0301 s\u2019accroit avec la mise en place<span class=\"Apple-converted-space\">\u00a0 <\/span>de<span class=\"Apple-converted-space\">\u00a0 <\/span>parcours<span class=\"Apple-converted-space\">\u00a0 <\/span>de<span class=\"Apple-converted-space\">\u00a0 <\/span>sculptures<span class=\"Apple-converted-space\">\u00a0 <\/span>monumentales<span class=\"Apple-converted-space\">\u00a0 <\/span>au<span class=\"Apple-converted-space\">\u00a0 <\/span>sein<span class=\"Apple-converted-space\">\u00a0 <\/span>de villes (Paris, Chartres, Dinard,&#8230;). En 2024, ce sont les villes de Saint-Rapha\u00ebl et des Sables d\u2019Olonne qui lui consacrent leur espace public. Par<span class=\"Apple-converted-space\">\u00a0 <\/span>ailleurs,<span class=\"Apple-converted-space\">\u00a0 <\/span>les<span class=\"Apple-converted-space\">\u00a0 <\/span>\u0153uvres<span class=\"Apple-converted-space\">\u00a0 <\/span>monumentales<span class=\"Apple-converted-space\">\u00a0 <\/span>de<span class=\"Apple-converted-space\">\u00a0 <\/span>Christophe<span class=\"Apple-converted-space\">\u00a0 <\/span>Charbonnel sont pr\u00e9sent\u00e9es en permanence au Ch\u00e2teau du Plessis-Brion \/ Galerie Bayart.<\/span><\/p>\t\t\t\t\t\t\t\t<\/div>\n\t\t\t\t<\/div>\n\t\t\t\t<\/div>\n\t\t<div class=\"elementor-element elementor-element-41af792 e-con-full e-flex e-con e-child\" data-id=\"41af792\" data-element_type=\"container\" data-e-type=\"container\">\n\t\t\t\t<div class=\"elementor-element elementor-element-e0e8927 elementor-widget elementor-widget-spacer\" data-id=\"e0e8927\" data-element_type=\"widget\" data-e-type=\"widget\" data-widget_type=\"spacer.default\">\n\t\t\t\t<div class=\"elementor-widget-container\">\n\t\t\t\t\t\t\t<div class=\"elementor-spacer\">\n\t\t\t<div class=\"elementor-spacer-inner\"><\/div>\n\t\t<\/div>\n\t\t\t\t\t\t<\/div>\n\t\t\t\t<\/div>\n\t\t\t\t<div class=\"elementor-element elementor-element-3823193 elementor-widget__width-initial elementor-widget elementor-widget-image\" data-id=\"3823193\" data-element_type=\"widget\" data-e-type=\"widget\" data-widget_type=\"image.default\">\n\t\t\t\t<div class=\"elementor-widget-container\">\n\t\t\t\t\t\t\t\t\t\t\t\t\t\t\t<img fetchpriority=\"high\" decoding=\"async\" width=\"800\" height=\"1000\" src=\"https:\/\/2025.buzzartfestival.com\/wp-content\/uploads\/2025\/09\/CHARBONNEL-PORTRAIT-819x1024.jpg\" class=\"attachment-large size-large wp-image-1345\" alt=\"\" srcset=\"https:\/\/2025.buzzartfestival.com\/wp-content\/uploads\/2025\/09\/CHARBONNEL-PORTRAIT-819x1024.jpg 819w, https:\/\/2025.buzzartfestival.com\/wp-content\/uploads\/2025\/09\/CHARBONNEL-PORTRAIT-240x300.jpg 240w, https:\/\/2025.buzzartfestival.com\/wp-content\/uploads\/2025\/09\/CHARBONNEL-PORTRAIT-768x960.jpg 768w, https:\/\/2025.buzzartfestival.com\/wp-content\/uploads\/2025\/09\/CHARBONNEL-PORTRAIT.jpg 1080w\" sizes=\"(max-width: 800px) 100vw, 800px\" \/>\t\t\t\t\t\t\t\t\t\t\t\t\t\t\t<\/div>\n\t\t\t\t<\/div>\n\t\t\t\t<\/div>\n\t\t\t\t<\/div>\n\t\t\t\t<\/div>\n\t\t","protected":false},"excerpt":{"rendered":"<p>Install\u00e9\u00a0 au\u00a0 c\u0153ur\u00a0 des\u00a0 Yvelines,\u00a0 Christophe\u00a0 Charbonnel\u00a0 (n\u00e9 en 1967) d\u00e9bute sa carri\u00e8re comme dessinateur puis\u00a0 modeleur\u00a0 dans\u00a0 les\u00a0 studios\u00a0 Walt\u00a0 Disney.\u00a0 \u00c9tudiant\u00a0 le\u00a0 modelage\u00a0 aux\u00a0 cours\u00a0 du\u00a0 soir\u00a0 de\u00a0 la\u00a0 Mairie\u00a0 de\u00a0 Paris,\u00a0 il\u00a0 tourmente\u00a0 ses\u00a0 bronzes\u00a0 dans\u00a0 un\u00a0 classicisme\u00a0 puissant\u00a0 et\u00a0 r\u00e9invent\u00e9\u0301 depuis une trentaine d\u2019ann\u00e9es. Christophe Charbonnel affectionne la figure hi\u00e9ratique, solennelle, [&hellip;]<\/p>\n","protected":false},"author":1,"featured_media":0,"parent":1050,"menu_order":0,"comment_status":"closed","ping_status":"closed","template":"","meta":{"inline_featured_image":false,"footnotes":""},"class_list":["post-1224","page","type-page","status-publish","hentry"],"_links":{"self":[{"href":"https:\/\/2025.buzzartfestival.com\/index.php\/wp-json\/wp\/v2\/pages\/1224","targetHints":{"allow":["GET"]}}],"collection":[{"href":"https:\/\/2025.buzzartfestival.com\/index.php\/wp-json\/wp\/v2\/pages"}],"about":[{"href":"https:\/\/2025.buzzartfestival.com\/index.php\/wp-json\/wp\/v2\/types\/page"}],"author":[{"embeddable":true,"href":"https:\/\/2025.buzzartfestival.com\/index.php\/wp-json\/wp\/v2\/users\/1"}],"replies":[{"embeddable":true,"href":"https:\/\/2025.buzzartfestival.com\/index.php\/wp-json\/wp\/v2\/comments?post=1224"}],"version-history":[{"count":7,"href":"https:\/\/2025.buzzartfestival.com\/index.php\/wp-json\/wp\/v2\/pages\/1224\/revisions"}],"predecessor-version":[{"id":1348,"href":"https:\/\/2025.buzzartfestival.com\/index.php\/wp-json\/wp\/v2\/pages\/1224\/revisions\/1348"}],"up":[{"embeddable":true,"href":"https:\/\/2025.buzzartfestival.com\/index.php\/wp-json\/wp\/v2\/pages\/1050"}],"wp:attachment":[{"href":"https:\/\/2025.buzzartfestival.com\/index.php\/wp-json\/wp\/v2\/media?parent=1224"}],"curies":[{"name":"wp","href":"https:\/\/api.w.org\/{rel}","templated":true}]}}