{"id":1123,"date":"2025-09-03T15:58:59","date_gmt":"2025-09-03T13:58:59","guid":{"rendered":"https:\/\/2025.buzzartfestival.com\/?page_id=1123"},"modified":"2025-09-08T11:08:04","modified_gmt":"2025-09-08T09:08:04","slug":"andre-ughetto","status":"publish","type":"page","link":"https:\/\/2025.buzzartfestival.com\/index.php\/edition-2025\/les-conferences\/les-conferencieres\/andre-ughetto\/","title":{"rendered":"Andr\u00e9 Ughetto"},"content":{"rendered":"\t\t<div data-elementor-type=\"wp-page\" data-elementor-id=\"1123\" class=\"elementor elementor-1123\" data-elementor-post-type=\"page\">\n\t\t\t\t<div class=\"elementor-element elementor-element-0da470e e-con-full e-flex e-con e-child\" data-id=\"0da470e\" data-element_type=\"container\" data-e-type=\"container\">\n\t\t<div class=\"elementor-element elementor-element-9c75091 e-con-full e-flex e-con e-child\" data-id=\"9c75091\" data-element_type=\"container\" data-e-type=\"container\">\n\t\t\t\t<div class=\"elementor-element elementor-element-51facb8 elementor-widget elementor-widget-spacer\" data-id=\"51facb8\" data-element_type=\"widget\" data-e-type=\"widget\" data-widget_type=\"spacer.default\">\n\t\t\t\t<div class=\"elementor-widget-container\">\n\t\t\t\t\t\t\t<div class=\"elementor-spacer\">\n\t\t\t<div class=\"elementor-spacer-inner\"><\/div>\n\t\t<\/div>\n\t\t\t\t\t\t<\/div>\n\t\t\t\t<\/div>\n\t\t\t\t<div class=\"elementor-element elementor-element-a7f52ad elementor-widget elementor-widget-text-editor\" data-id=\"a7f52ad\" data-element_type=\"widget\" data-e-type=\"widget\" data-widget_type=\"text-editor.default\">\n\t\t\t\t<div class=\"elementor-widget-container\">\n\t\t\t\t\t\t\t\t\t<p class=\"docData;DOCY;v5;14624;BQiAAgAAEYQCAAAGiAIAAAM7NQAABUk1AAAAAAAAAAAAAAAAAAAAAAAAAAAAAAAAAAAAAAAAAAAAAAAAAAAAAAAAAAAAAAAAAAAAAAAAAAAAAAAAAAAAAAAAAAAAAAAAAAAAAAAAAAAAAAAAAAAAAAAAAAAAAAAAAAAAAAAAAAAAAAAAAAAAAAAAAAAAAAAAAAAAAAAAAAAAAAAAAAAAAAAAAAAAAAAAAAAAAAAAAAAAAAAAAAAAAAAAAAAAAAAAAAAAAAAAAAAAAAAAAAAAAAAAAAAAAAAAAAAAAAAAAAAAAAAAAAAAAAAAAAAAAAAAAAAAAAAAAAAAAAAAAAAAAAAAAAAAAAAAAAAAAAAAAAAAAAAAAAAAAAAAAAAAAAAAAAAAAAAAAAAAAAAAAAAAAAAAAAAAAAAAAAAAAAAAAAAAAAAAAAAAAAAAAAAAAAAAAAAAAAAAAAAAAAAAAAAAAAAAAAAAAAAAAAAAAAAAAAAAAAAAAAAAAAAAAAAAAAAAAAAAAAAAAAAAAAAAAAAAAAAAAAAAAAAAAAAAAAAAAAAAAAAAAAAAAAAAAAAAAAAAAAAAAAAAAAAAAAAAAAAAAAAAAAAAAAAAAAAAAAAAAAAAAAAAAAAAAAAAAAAAAAAAAAAAAAAAAAAAAAAAAAAAAAAAAAAAAAAAAAAAAAAAAAAAAAAAAAAAAAAAAAAAAAAAAAAAAAAAAAAAAAAAAAAAAAAAAAAAAAAAAAAAAAAAAAAAAAAAAAAAAAAAAAAAAAAAAAAAAAAAAAAAAAAAAAAAAAAAAAAAAAAAAAAAAAAAAAAAAAAAAAAAAAAAAAAAAAAAAAAAAAAAAAAAAAAAAAAAAAAAAAAAAAAArzIAAACnAQAAAZcAAAAVBgYAAAA2ADMAMgABBhIAAAAkBAAAAAAlBAAAAAAmBAAAAAAFAQMJBgYAAAApBPAAAAAaBlgAAAAAAQECAQEEBgoAAABUAGkAbQBlAHMABQYKAAAAVABpAG0AZQBzAAcGCgAAAFQAaQBtAGUAcwAGBgoAAABUAGkAbQBlAHMACAQYAAAAFAEBFgQYAAAAGAEAGwYAAAAAAgYBAAAFiwAAAAFIAAAAAAEBAgEBBAYKAAAAVABpAG0AZQBzAAUGCgAAAFQAaQBtAGUAcwAIBBgAAAAUAQEWBBgAAAAYAQAZBgoAAABlAG4ALQBVAFMACDkAAAAANAAAAEEAIABwAHIAbwBwAG8AcwAgAGQAZQAgAGwAYQAgAEYAbwBuAGQAYQB0AGkAbwBuADoAIAAFCgAAAAEAAAAACAAAAAAFYgAAAAFYAAAAAAEBAgEBBAYKAAAAVABpAG0AZQBzAAUGCgAAAFQAaQBtAGUAcwAHBgoAAABUAGkAbQBlAHMABgYKAAAAVABpAG0AZQBzAAgEGAAAABQBARYEGAAAABgBAAgAAAAAAL0RAAABngAAABUGBgAAADYAMwAyAAEGEgAAACQEAAAAACUEAAAAACYEAAAAAAUBAwkGAAAAABoGZQAAAAQGCgAAAFQAaQBtAGUAcwAFBgoAAABUAGkAbQBlAHMABwYKAAAAVABpAG0AZQBzAAYGCgAAAFQAaQBtAGUAcwAIBBgAAAAWBBgAAAAYAQAdBhAAAAAAAQADA\/\/\/\/wIGAgAAAAAAGwYAAAAAAhURAAAFZgAAAAFVAAAABAYKAAAAVABpAG0AZQBzAAUGCgAAAFQAaQBtAGUAcwAIBBgAAAAWBBgAAAAYAQAZBgoAAABlAG4ALQBVAFMAHQYQAAAAAAEAAwP\/\/\/8CBgIAAAAAAAgHAAAAAAIAAABBAAVrAAAAAVgAAAAEBgoAAABUAGkAbQBlAHMABQYKAAAAVABpAG0AZQBzABMBAQgEGAAAABYEGAAAABgBABkGCgAAAGUAbgAtAFUAUwAdBhAAAAAAAQADA\/\/\/\/wIGAgAAAAAACAkAAAAABAAAAAADIAAFZgAAAAFVAAAABAYKAAAAVABpAG0AZQBzAAUGCgAAAFQAaQBtAGUAcwAIBBgAAAAWBBgAAAAYAQAZBgoAAABlAG4ALQBVAFMAHQYQAAAAAAEAAwP\/\/\/8CBgIAAAAAAAgHAAAAAAIAAABsAAVpAAAAAVgAAAAEBgoAAABUAGkAbQBlAHMABQYKAAAAVABpAG0AZQBzABMBAQgEGAAAABYEGAAAABgBABkGCgAAAGUAbgAtAFUAUwAdBhAAAAAAAQADA\/\/\/\/wIGAgAAAAAACAcAAAAAAgAAABkgBeoAAAABVQAAAAQGCgAAAFQAaQBtAGUAcwAFBgoAAABUAGkAbQBlAHMACAQYAAAAFgQYAAAAGAEAGQYKAAAAZQBuAC0AVQBTAB0GEAAAAAABAAMD\/\/\/\/AgYCAAAAAAAIiwAAAACGAAAAbwByAGkAZwBpAG4AZQAgAGQAZQAgAGwAYQAgAEYAbwBuAGQAYQB0AGkAbwBuACAAVgBpAGwAbABhACAARABhAHQAcgBpAHMALAAgAGkAbAAgAHkAIABhACAAZQB1ACAAZQBuACAAcAByAGUAbQBpAGUAcgAgAGwAaQBlAHUAIABjAGUAdAAFaQAAAAFYAAAABAYKAAAAVABpAG0AZQBzAAUGCgAAAFQAaQBtAGUAcwATAQEIBBgAAAAWBBgAAAAYAQAZBgoAAABlAG4ALQBVAFMAHQYQAAAAAAEAAwP\/\/\/8CBgIAAAAAAAgHAAAAAAIAAACgAAV8AAAAAVUAAAAEBgoAAABUAGkAbQBlAHMABQYKAAAAVABpAG0AZQBzAAgEGAAAABYEGAAAABgBABkGCgAAAGUAbgAtAFUAUwAdBhAAAAAAAQADA\/\/\/\/wIGAgAAAAAACB0AAAAAGAAAAGEAdAB0AHIAYQBpAHQAIABpAHIAcgBlAAVpAAAAAVgAAAAEBgoAAABUAGkAbQBlAHMABQYKAAAAVABpAG0AZQBzABMBAQgEGAAAABYEGAAAABgBABkGCgAAAGUAbgAtAFUAUwAdBhAAAAAAAQADA\/\/\/\/wIGAgAAAAAACAcAAAAAAgAAAAEDBcAAAAABVQAAAAQGCgAAAFQAaQBtAGUAcwAFBgoAAABUAGkAbQBlAHMACAQYAAAAFgQYAAAAGAEAGQYKAAAAZQBuAC0AVQBTAB0GEAAAAAABAAMD\/\/\/\/AgYCAAAAAAAIYQAAAABcAAAAcwBpAHMAdABpAGIAbABlACAAcABvAHUAcgAgAGwAZQAgAFMAdQBkACwAIABsAGEAIABQAHIAbwB2AGUAbgBjAGUALAAgAGUAdAAgAHQAbwB1AHQAIABzAHAAZQAFaQAAAAFYAAAABAYKAAAAVABpAG0AZQBzAAUGCgAAAFQAaQBtAGUAcwATAQEIBBgAAAAWBBgAAAAYAQAZBgoAAABlAG4ALQBVAFMAHQYQAAAAAAEAAwP\/\/\/8CBgIAAAAAAAgHAAAAAAIAAAABAwV6AAAAAVUAAAAEBgoAAABUAGkAbQBlAHMABQYKAAAAVABpAG0AZQBzAAgEGAAAABYEGAAAABgBABkGCgAAAGUAbgAtAFUAUwAdBhAAAAAAAQADA\/\/\/\/wIGAgAAAAAACBsAAAAAFgAAAGMAaQBhAGwAZQBtAGUAbgB0ACAATAAFaQAAAAFYAAAABAYKAAAAVABpAG0AZQBzAAUGCgAAAFQAaQBtAGUAcwATAQEIBBgAAAAWBBgAAAAYAQAZBgoAAABlAG4ALQBVAFMAHQYQAAAAAAEAAwP\/\/\/8CBgIAAAAAAAgHAAAAAAIAAAAZIAWsAAAAAVUAAAAEBgoAAABUAGkAbQBlAHMABQYKAAAAVABpAG0AZQBzAAgEGAAAABYEGAAAABgBABkGCgAAAGUAbgAtAFUAUwAdBhAAAAAAAQADA\/\/\/\/wIGAgAAAAAACE0AAAAASAAAAEkAcwBsAGUALQBzAHUAcgAtAGwAYQAtAFMAbwByAGcAdQBlACAAZQB0ACAAbABlACAATAB1AGIAZQByAG8AbgAsACAAbwB1AAVrAAAAAVgAAAAEBgoAAABUAGkAbQBlAHMABQYKAAAAVABpAG0AZQBzABMBAQgEGAAAABYEGAAAABgBABkGCgAAAGUAbgAtAFUAUwAdBhAAAAAAAQADA\/\/\/\/wIGAgAAAAAACAkAAAAABAAAAAADIAAFbgAAAAFVAAAABAYKAAAAVABpAG0AZQBzAAUGCgAAAFQAaQBtAGUAcwAIBBgAAAAWBBgAAAAYAQAZBgoAAABlAG4ALQBVAFMAHQYQAAAAAAEAAwP\/\/\/8CBgIAAAAAAAgPAAAAAAoAAABEAGEAbgBpAGUABWkAAAABWAAAAAQGCgAAAFQAaQBtAGUAcwAFBgoAAABUAGkAbQBlAHMAEwEBCAQYAAAAFgQYAAAAGAEAGQYKAAAAZQBuAC0AVQBTAB0GEAAAAAABAAMD\/\/\/\/AgYCAAAAAAAIBwAAAAACAAAAAAMFzgAAAAFVAAAABAYKAAAAVABpAG0AZQBzAAUGCgAAAFQAaQBtAGUAcwAIBBgAAAAWBBgAAAAYAQAZBgoAAABlAG4ALQBVAFMAHQYQAAAAAAEAAwP\/\/\/8CBgIAAAAAAAhvAAAAAGoAAABsAGUAIABLAGEAcABlAGwALQBNAGEAcgBjAG8AdgBpAGMAaQAgAGUAdAAgAFQAcgBpAHMAdABhAG4AIABGAG8AdQByAHQAaQBuAGUAIAB2AG8AbgB0ACAAcABhAHMAcwBpAG8AbgBuAGUABWkAAAABWAAAAAQGCgAAAFQAaQBtAGUAcwAFBgoAAABUAGkAbQBlAHMAEwEBCAQYAAAAFgQYAAAAGAEAGQYKAAAAZQBuAC0AVQBTAB0GEAAAAAABAAMD\/\/\/\/AgYCAAAAAAAIBwAAAAACAAAAAQMFqgAAAAFVAAAABAYKAAAAVABpAG0AZQBzAAUGCgAAAFQAaQBtAGUAcwAIBBgAAAAWBBgAAAAYAQAZBgoAAABlAG4ALQBVAFMAHQYQAAAAAAEAAwP\/\/\/8CBgIAAAAAAAhLAAAAAEYAAABtAGUAbgB0ACAAcgBlAGMAaABlAHIAYwBoAGUAcgAgAHUAbgAgAGEAbgBjAHIAYQBnAGUAIABlAHQAIAB1AG4AZQAgAGUABWkAAAABWAAAAAQGCgAAAFQAaQBtAGUAcwAFBgoAAABUAGkAbQBlAHMAEwEBCAQYAAAAFgQYAAAAGAEAGQYKAAAAZQBuAC0AVQBTAB0GEAAAAAABAAMD\/\/\/\/AgYCAAAAAAAIBwAAAAACAAAAAQMFhgAAAAFVAAAABAYKAAAAVABpAG0AZQBzAAUGCgAAAFQAaQBtAGUAcwAIBBgAAAAWBBgAAAAYAQAZBgoAAABlAG4ALQBVAFMAHQYQAAAAAAEAAwP\/\/\/8CBgIAAAAAAAgnAAAAACIAAAB2AGEAcwBpAG8AbgAuACAAUwBpAG0AdQBsAHQAYQBuAGUABWkAAAABWAAAAAQGCgAAAFQAaQBtAGUAcwAFBgoAAABUAGkAbQBlAHMAEwEBCAQYAAAAFgQYAAAAGAEAGQYKAAAAZQBuAC0AVQBTAB0GEAAAAAABAAMD\/\/\/\/AgYCAAAAAAAIBwAAAAACAAAAAQMFigAAAAFVAAAABAYKAAAAVABpAG0AZQBzAAUGCgAAAFQAaQBtAGUAcwAIBBgAAAAWBBgAAAAYAQAZBgoAAABlAG4ALQBVAFMAHQYQAAAAAAEAAwP\/\/\/8CBgIAAAAAAAgrAAAAACYAAABtAGUAbgB0ACwAIABpAGwAIAB5ACAAYQB2AGEAaQB0ACAAZABlAAVpAAAAAVgAAAAEBgoAAABUAGkAbQBlAHMABQYKAAAAVABpAG0AZQBzABMBAQgEGAAAABYEGAAAABgBABkGCgAAAGUAbgAtAFUAUwAdBhAAAAAAAQADA\/\/\/\/wIGAgAAAAAACAcAAAAAAgAAAAEDBWgAAAABVQAAAAQGCgAAAFQAaQBtAGUAcwAFBgoAAABUAGkAbQBlAHMACAQYAAAAFgQYAAAAGAEAGQYKAAAAZQBuAC0AVQBTAB0GEAAAAAABAAMD\/\/\/\/AgYCAAAAAAAICQAAAAAEAAAAagBhAAVrAAAAAVgAAAAEBgoAAABUAGkAbQBlAHMABQYKAAAAVABpAG0AZQBzABMBAQgEGAAAABYEGAAAABgBABkGCgAAAGUAbgAtAFUAUwAdBhAAAAAAAQADA\/\/\/\/wIGAgAAAAAACAkAAAAABAAAAAADIAAF7AAAAAFVAAAABAYKAAAAVABpAG0AZQBzAAUGCgAAAFQAaQBtAGUAcwAIBBgAAAAWBBgAAAAYAQAZBgoAAABlAG4ALQBVAFMAHQYQAAAAAAEAAwP\/\/\/8CBgIAAAAAAAiNAAAAAIgAAABjAGgAZQB6ACAAZQB1AHgAIABkAGUAcAB1AGkAcwAgAGwAbwBuAGcAdABlAG0AcABzACAAdQBuAGUAIABhAHQAdAByAGEAYwB0AGkAbwBuACAAdABvAHUAdAAgAGEAdQBzAHMAaQAgAHAAdQBpAHMAcwBhAG4AdABlACAAcABvAHUAcgAgAGwABWkAAAABWAAAAAQGCgAAAFQAaQBtAGUAcwAFBgoAAABUAGkAbQBlAHMAEwEBCAQYAAAAFgQYAAAAGAEAGQYKAAAAZQBuAC0AVQBTAB0GEAAAAAABAAMD\/\/\/\/AgYCAAAAAAAIBwAAAAACAAAAGSAFngAAAAFVAAAABAYKAAAAVABpAG0AZQBzAAUGCgAAAFQAaQBtAGUAcwAIBBgAAAAWBBgAAAAYAQAZBgoAAABlAG4ALQBVAFMAHQYQAAAAAAEAAwP\/\/\/8CBgIAAAAAAAg\/AAAAADoAAABhAHIAdAAsACAAZQB0ACAAZQBuACAAcABhAHIAdABpAGMAdQBsAGkAZQByACAAcABvAHUAcgAgAGwABWkAAAABWAAAAAQGCgAAAFQAaQBtAGUAcwAFBgoAAABUAGkAbQBlAHMAEwEBCAQYAAAAFgQYAAAAGAEAGQYKAAAAZQBuAC0AVQBTAB0GEAAAAAABAAMD\/\/\/\/AgYCAAAAAAAIBwAAAAACAAAAGSAFygAAAAFVAAAABAYKAAAAVABpAG0AZQBzAAUGCgAAAFQAaQBtAGUAcwAIBBgAAAAWBBgAAAAYAQAZBgoAAABlAG4ALQBVAFMAHQYQAAAAAAEAAwP\/\/\/8CBgIAAAAAAAhrAAAAAGYAAABhAGIAcwB0AHIAYQBjAHQAaQBvAG4AIABlAHQAIABsAGEAIABzAGMAdQBsAHAAdAB1AHIAZQAgAHMAbwB1AHMAIAB0AG8AdQB0AGUAcwAgAHMAZQBzACAAZgBvAHIAbQBlAHMALgAFCgAAAAEAAAAACAAAAAAFbwAAAAFlAAAABAYKAAAAVABpAG0AZQBzAAUGCgAAAFQAaQBtAGUAcwAHBgoAAABUAGkAbQBlAHMABgYKAAAAVABpAG0AZQBzAAgEGAAAABYEGAAAABgBAB0GEAAAAAABAAMD\/\/\/\/AgYCAAAAAAAIAAAAAACfAQAAAZ4AAAAVBgYAAAA2ADMAMgABBhIAAAAkBAAAAAAlBAAAAAAmBAAAAAAFAQMJBgAAAAAaBmUAAAAEBgoAAABUAGkAbQBlAHMABQYKAAAAVABpAG0AZQBzAAcGCgAAAFQAaQBtAGUAcwAGBgoAAABUAGkAbQBlAHMACAQYAAAAFgQYAAAAGAEAHQYQAAAAAAEAAwP\/\/\/8CBgIAAAAAABsGAAAAAAL3AAAABW8AAAABZQAAAAQGCgAAAFQAaQBtAGUAcwAFBgoAAABUAGkAbQBlAHMABwYKAAAAVABpAG0AZQBzAAYGCgAAAFQAaQBtAGUAcwAIBBgAAAAWBBgAAAAYAQAdBhAAAAAAAQADA\/\/\/\/wIGAgAAAAAACAAAAAAFCgAAAAEAAAAACAAAAAAFbwAAAAFlAAAABAYKAAAAVABpAG0AZQBzAAUGCgAAAFQAaQBtAGUAcwAHBgoAAABUAGkAbQBlAHMABgYKAAAAVABpAG0AZQBzAAgEGAAAABYEGAAAABgBAB0GEAAAAAABAAMD\/\/\/\/AgYCAAAAAAAIAAAAAAB3EwAAAZ4AAAAVBgYAAAA2ADMAMgABBhIAAAAkBAAAAAAlBAAAAAAmBAAAAAAFAQMJBgAAAAAaBmUAAAAEBgoAAABUAGkAbQBlAHMABQYKAAAAVABpAG0AZQBzAAcGCgAAAFQAaQBtAGUAcwAGBgoAAABUAGkAbQBlAHMACAQYAAAAFgQYAAAAGAEAHQYQAAAAAAEAAwP\/\/\/8CBgIAAAAAABsGAAAAAALPEgAABWYAAAABVQAAAAQGCgAAAFQAaQBtAGUAcwAFBgoAAABUAGkAbQBlAHMACAQYAAAAFgQYAAAAGAEAGQYKAAAAZQBuAC0AVQBTAB0GEAAAAAABAAMD\/\/\/\/AgYCAAAAAAAIBwAAAAACAAAATAAFaQAAAAFYAAAABAYKAAAAVABpAG0AZQBzAAUGCgAAAFQAaQBtAGUAcwATAQEIBBgAAAAWBBgAAAAYAQAZBgoAAABlAG4ALQBVAFMAHQYQAAAAAAEAAwP\/\/\/8CBgIAAAAAAAgHAAAAAAIAAAAZIAVqAAAAAVUAAAAEBgoAAABUAGkAbQBlAHMABQYKAAAAVABpAG0AZQBzAAgEGAAAABYEGAAAABgBABkGCgAAAGUAbgAtAFUAUwAdBhAAAAAAAQADA\/\/\/\/wIGAgAAAAAACAsAAAAABgAAAGkAZABlAAVpAAAAAVgAAAAEBgoAAABUAGkAbQBlAHMABQYKAAAAVABpAG0AZQBzABMBAQgEGAAAABYEGAAAABgBABkGCgAAAGUAbgAtAFUAUwAdBhAAAAAAAQADA\/\/\/\/wIGAgAAAAAACAcAAAAAAgAAAAEDBX4AAAABVQAAAAQGCgAAAFQAaQBtAGUAcwAFBgoAAABUAGkAbQBlAHMACAQYAAAAFgQYAAAAGAEAGQYKAAAAZQBuAC0AVQBTAB0GEAAAAAABAAMD\/\/\/\/AgYCAAAAAAAIHwAAAAAaAAAAZQAgAGQAZQAgAGYAYQBpAHIAZQAgAGQAZQAFaQAAAAFYAAAABAYKAAAAVABpAG0AZQBzAAUGCgAAAFQAaQBtAGUAcwATAQEIBBgAAAAWBBgAAAAYAQAZBgoAAABlAG4ALQBVAFMAHQYQAAAAAAEAAwP\/\/\/8CBgIAAAAAAAgHAAAAAAIAAAABAwWsAAAAAVUAAAAEBgoAAABUAGkAbQBlAHMABQYKAAAAVABpAG0AZQBzAAgEGAAAABYEGAAAABgBABkGCgAAAGUAbgAtAFUAUwAdBhAAAAAAAQADA\/\/\/\/wIGAgAAAAAACE0AAAAASAAAAGMAbwB1AHYAcgBpAHIAIABsAGEAIABzAGMAdQBsAHAAdAB1AHIAZQAgAGMAbwBuAHQAZQBtAHAAbwByAGEAaQBuAGUAIABhAAVrAAAAAVgAAAAEBgoAAABUAGkAbQBlAHMABQYKAAAAVABpAG0AZQBzABMBAQgEGAAAABYEGAAAABgBABkGCgAAAGUAbgAtAFUAUwAdBhAAAAAAAQADA\/\/\/\/wIGAgAAAAAACAkAAAAABAAAAAADIAAFogAAAAFVAAAABAYKAAAAVABpAG0AZQBzAAUGCgAAAFQAaQBtAGUAcwAIBBgAAAAWBBgAAAAYAQAZBgoAAABlAG4ALQBVAFMAHQYQAAAAAAEAAwP\/\/\/8CBgIAAAAAAAhDAAAAAD4AAAB0AHIAYQB2AGUAcgBzACAAZABlAHMAIABlAHgAcABvAHMAaQB0AGkAbwBuAHMAIABkAGUAcwB0AGkAbgBlAAVpAAAAAVgAAAAEBgoAAABUAGkAbQBlAHMABQYKAAAAVABpAG0AZQBzABMBAQgEGAAAABYEGAAAABgBABkGCgAAAGUAbgAtAFUAUwAdBhAAAAAAAQADA\/\/\/\/wIGAgAAAAAACAcAAAAAAgAAAAEDBZ4AAAABVQAAAAQGCgAAAFQAaQBtAGUAcwAFBgoAAABUAGkAbQBlAHMACAQYAAAAFgQYAAAAGAEAGQYKAAAAZQBuAC0AVQBTAB0GEAAAAAABAAMD\/\/\/\/AgYCAAAAAAAIPwAAAAA6AAAAZQBzACAAYQB1ACAAcAB1AGIAbABpAGMAIABjAG8AbQBtAGUAbgBjAGUAIABhAGwAbwByAHMAIABhAAVrAAAAAVgAAAAEBgoAAABUAGkAbQBlAHMABQYKAAAAVABpAG0AZQBzABMBAQgEGAAAABYEGAAAABgBABkGCgAAAGUAbgAtAFUAUwAdBhAAAAAAAQADA\/\/\/\/wIGAgAAAAAACAkAAAAABAAAAAADIAAFhAAAAAFVAAAABAYKAAAAVABpAG0AZQBzAAUGCgAAAFQAaQBtAGUAcwAIBBgAAAAWBBgAAAAYAQAZBgoAAABlAG4ALQBVAFMAHQYQAAAAAAEAAwP\/\/\/8CBgIAAAAAAAglAAAAACAAAABmAGEAaQByAGUAIABzAG8AbgAgAGMAaABlAG0AaQBuAAVrAAAAAVgAAAAEBgoAAABUAGkAbQBlAHMABQYKAAAAVABpAG0AZQBzABMBAQgEGAAAABYEGAAAABgBABkGCgAAAGUAbgAtAFUAUwAdBhAAAAAAAQADA\/\/\/\/wIGAgAAAAAACAkAAAAABAAAACYgIAAFjAAAAAFVAAAABAYKAAAAVABpAG0AZQBzAAUGCgAAAFQAaQBtAGUAcwAIBBgAAAAWBBgAAAAYAQAZBgoAAABlAG4ALQBVAFMAHQYQAAAAAAEAAwP\/\/\/8CBgIAAAAAAAgtAAAAACgAAABFAG4AIAAyADAAMQAwACwAIABsAGEAIAB2AGkAcwBpAHQAZQAgAGQABWkAAAABWAAAAAQGCgAAAFQAaQBtAGUAcwAFBgoAAABUAGkAbQBlAHMAEwEBCAQYAAAAFgQYAAAAGAEAGQYKAAAAZQBuAC0AVQBTAB0GEAAAAAABAAMD\/\/\/\/AgYCAAAAAAAIBwAAAAACAAAAGSAFmAAAAAFVAAAABAYKAAAAVABpAG0AZQBzAAUGCgAAAFQAaQBtAGUAcwAIBBgAAAAWBBgAAAAYAQAZBgoAAABlAG4ALQBVAFMAHQYQAAAAAAEAAwP\/\/\/8CBgIAAAAAAAg5AAAAADQAAAB1AG4AZQAgAGcAcgBhAG4AZABlACAAZABlAG0AZQB1AHIAZQAgAHAAcgBvAHYAZQBuAGMABWkAAAABWAAAAAQGCgAAAFQAaQBtAGUAcwAFBgoAAABUAGkAbQBlAHMAEwEBCAQYAAAAFgQYAAAAGAEAGQYKAAAAZQBuAC0AVQBTAB0GEAAAAAABAAMD\/\/\/\/AgYCAAAAAAAIBwAAAAACAAAAJwMFfAAAAAFVAAAABAYKAAAAVABpAG0AZQBzAAUGCgAAAFQAaQBtAGUAcwAIBBgAAAAWBBgAAAAYAQAZBgoAAABlAG4ALQBVAFMAHQYQAAAAAAEAAwP\/\/\/8CBgIAAAAAAAgdAAAAABgAAABhAGwAZQAgAGYAaQBuACAAWABJAFgAZQAFaQAAAAFYAAAABAYKAAAAVABpAG0AZQBzAAUGCgAAAFQAaQBtAGUAcwATAQEIBBgAAAAWBBgAAAAYAQAZBgoAAABlAG4ALQBVAFMAHQYQAAAAAAEAAwP\/\/\/8CBgIAAAAAAAgHAAAAAAIAAAAAAwVYAQAAAVUAAAAEBgoAAABUAGkAbQBlAHMABQYKAAAAVABpAG0AZQBzAAgEGAAAABYEGAAAABgBABkGCgAAAGUAbgAtAFUAUwAdBhAAAAAAAQADA\/\/\/\/wIGAgAAAAAACPkAAAAA9AAAAG0AZQAsACAAZQBuACAAYgBvAHIAZAAgAGQAZQAgAFMAbwByAGcAdQBlACwAIABsAGkAZQB1ACAAcAByAG8AdgBpAGQAZQBuAHQAaQBlAGwALAAgAGUAcwB0ACAAbABlACAAYwBhAHQAYQBsAHkAcwBlAHUAcgAgAHEAdQBpACAAcABlAHIAbQBlAHQAIABhAHUAIABwAHIAbwBqAGUAdAAgAGQAZQAgAHAAcgBlAG4AZAByAGUAIABjAG8AcgBwAHMAIAA6ACAAbABhACAAVgBpAGwAbABhACAARABhAHQAcgBpAHMAIABlAHMAdAAgAG4AZQAFaQAAAAFYAAAABAYKAAAAVABpAG0AZQBzAAUGCgAAAFQAaQBtAGUAcwATAQEIBBgAAAAWBBgAAAAYAQAZBgoAAABlAG4ALQBVAFMAHQYQAAAAAAEAAwP\/\/\/8CBgIAAAAAAAgHAAAAAAIAAAABAwWWAAAAAVUAAAAEBgoAAABUAGkAbQBlAHMABQYKAAAAVABpAG0AZQBzAAgEGAAAABYEGAAAABgBABkGCgAAAGUAbgAtAFUAUwAdBhAAAAAAAQADA\/\/\/\/wIGAgAAAAAACDcAAAAAMgAAAGUALgAgAEUAbABsAGUAIAB0AGkAcgBlACAAcwBvAG4AIABuAG8AbQAgAGQAZQAgAGwABWkAAAABWAAAAAQGCgAAAFQAaQBtAGUAcwAFBgoAAABUAGkAbQBlAHMAEwEBCAQYAAAAFgQYAAAAGAEAGQYKAAAAZQBuAC0AVQBTAB0GEAAAAAABAAMD\/\/\/\/AgYCAAAAAAAIBwAAAAACAAAAGSAFhAAAAAFVAAAABAYKAAAAVABpAG0AZQBzAAUGCgAAAFQAaQBtAGUAcwAIBBgAAAAWBBgAAAAYAQAZBgoAAABlAG4ALQBVAFMAHQYQAAAAAAEAAwP\/\/\/8CBgIAAAAAAAglAAAAACAAAABhAGwAbABpAGEAbgBjAGUAIABkAGUAcwAgAHAAcgBlAAVpAAAAAVgAAAAEBgoAAABUAGkAbQBlAHMABQYKAAAAVABpAG0AZQBzABMBAQgEGAAAABYEGAAAABgBABkGCgAAAGUAbgAtAFUAUwAdBhAAAAAAAQADA\/\/\/\/wIGAgAAAAAACAcAAAAAAgAAAAEDBX4AAAABVQAAAAQGCgAAAFQAaQBtAGUAcwAFBgoAAABUAGkAbQBlAHMACAQYAAAAFgQYAAAAGAEAGQYKAAAAZQBuAC0AVQBTAB0GEAAAAAABAAMD\/\/\/\/AgYCAAAAAAAIHwAAAAAaAAAAbgBvAG0AcwAgAGQAZQAgAEQAYQBuAGkAZQAFaQAAAAFYAAAABAYKAAAAVABpAG0AZQBzAAUGCgAAAFQAaQBtAGUAcwATAQEIBBgAAAAWBBgAAAAYAQAZBgoAAABlAG4ALQBVAFMAHQYQAAAAAAEAAwP\/\/\/8CBgIAAAAAAAgHAAAAAAIAAAAAAwXaAAAAAVUAAAAEBgoAAABUAGkAbQBlAHMABQYKAAAAVABpAG0AZQBzAAgEGAAAABYEGAAAABgBABkGCgAAAGUAbgAtAFUAUwAdBhAAAAAAAQADA\/\/\/\/wIGAgAAAAAACHsAAAAAdgAAAGwAZQAgAGUAdAAgAFQAcgBpAHMAdABhAG4ALAAgAHMAYwBlAGwAbABhAG4AdAAgAGMAZQB0ACAAZQB4AGEAbAB0AGEAbgB0ACAAcAByAG8AagBlAHQAIABhAHIAdABpAHMAdABpAHEAdQBlACAAbQBlAG4AZQAFawAAAAFYAAAABAYKAAAAVABpAG0AZQBzAAUGCgAAAFQAaQBtAGUAcwATAQEIBBgAAAAWBBgAAAAYAQAZBgoAAABlAG4ALQBVAFMAHQYQAAAAAAEAAwP\/\/\/8CBgIAAAAAAAgJAAAAAAQAAAABAyAABWYAAAABVQAAAAQGCgAAAFQAaQBtAGUAcwAFBgoAAABUAGkAbQBlAHMACAQYAAAAFgQYAAAAGAEAGQYKAAAAZQBuAC0AVQBTAB0GEAAAAAABAAMD\/\/\/\/AgYCAAAAAAAIBwAAAAACAAAAYQAFawAAAAFYAAAABAYKAAAAVABpAG0AZQBzAAUGCgAAAFQAaQBtAGUAcwATAQEIBBgAAAAWBBgAAAAYAQAZBgoAAABlAG4ALQBVAFMAHQYQAAAAAAEAAwP\/\/\/8CBgIAAAAAAAgJAAAAAAQAAAAAAyAABZ4AAAABVQAAAAQGCgAAAFQAaQBtAGUAcwAFBgoAAABUAGkAbQBlAHMACAQYAAAAFgQYAAAAGAEAGQYKAAAAZQBuAC0AVQBTAB0GEAAAAAABAAMD\/\/\/\/AgYCAAAAAAAIPwAAAAA6AAAAZABlAHUAeAAsACAAcwBvAHUAdABlAG4AdQAgAHAAYQByACAAdQBuACAAYwBlAHIAYwBsAGUAIABkAAVpAAAAAVgAAAAEBgoAAABUAGkAbQBlAHMABQYKAAAAVABpAG0AZQBzABMBAQgEGAAAABYEGAAAABgBABkGCgAAAGUAbgAtAFUAUwAdBhAAAAAAAQADA\/\/\/\/wIGAgAAAAAACAcAAAAAAgAAABkgBW4AAAABVQAAAAQGCgAAAFQAaQBtAGUAcwAFBgoAAABUAGkAbQBlAHMACAQYAAAAFgQYAAAAGAEAGQYKAAAAZQBuAC0AVQBTAB0GEAAAAAABAAMD\/\/\/\/AgYCAAAAAAAIDwAAAAAKAAAAYQBtAGkAcwAuAAUKAAAAAQAAAAAIAAAAAAVvAAAAAWUAAAAEBgoAAABUAGkAbQBlAHMABQYKAAAAVABpAG0AZQBzAAcGCgAAAFQAaQBtAGUAcwAGBgoAAABUAGkAbQBlAHMACAQYAAAAFgQYAAAAGAEAHQYQAAAAAAEAAwP\/\/\/8CBgIAAAAAAAgAAAAAABwKAAABngAAABUGBgAAADYAMwAyAAEGEgAAACQEAAAAACUEAAAAACYEAAAAAAUBAwkGAAAAABoGZQAAAAQGCgAAAFQAaQBtAGUAcwAFBgoAAABUAGkAbQBlAHMABwYKAAAAVABpAG0AZQBzAAYGCgAAAFQAaQBtAGUAcwAIBBgAAAAWBBgAAAAYAQAdBhAAAAAAAQADA\/\/\/\/wIGAgAAAAAAGwYAAAAAAnQJAAAF7AAAAAFVAAAABAYKAAAAVABpAG0AZQBzAAUGCgAAAFQAaQBtAGUAcwAIBBgAAAAWBBgAAAAYAQAZBgoAAABlAG4ALQBVAFMAHQYQAAAAAAEAAwP\/\/\/8CBgIAAAAAAAiNAAAAAIgAAABFAG4AIAAyADAAMQAxACwAIABsAGEAIABWAGkAbABsAGEAIABEAGEAdAByAGkAcwAgAG8AdQB2AHIAZQAgAHMAZQBzACAAcABvAHIAdABlAHMAIABhAHUAIABwAHUAYgBsAGkAYwAsACAAcwBvAHUAcwAgAGwAYQAgAGYAbwByAG0AZQAgAGQABWkAAAABWAAAAAQGCgAAAFQAaQBtAGUAcwAFBgoAAABUAGkAbQBlAHMAEwEBCAQYAAAAFgQYAAAAGAEAGQYKAAAAZQBuAC0AVQBTAB0GEAAAAAABAAMD\/\/\/\/AgYCAAAAAAAIBwAAAAACAAAAGSAFegAAAAFVAAAABAYKAAAAVABpAG0AZQBzAAUGCgAAAFQAaQBtAGUAcwAIBBgAAAAWBBgAAAAYAQAZBgoAAABlAG4ALQBVAFMAHQYQAAAAAAEAAwP\/\/\/8CBgIAAAAAAAgbAAAAABYAAAB1AG4AIABjAGUAbgB0AHIAZQAgAGQABWkAAAABWAAAAAQGCgAAAFQAaQBtAGUAcwAFBgoAAABUAGkAbQBlAHMAEwEBCAQYAAAAFgQYAAAAGAEAGQYKAAAAZQBuAC0AVQBTAB0GEAAAAAABAAMD\/\/\/\/AgYCAAAAAAAIBwAAAAACAAAAGSAFdgAAAAFVAAAABAYKAAAAVABpAG0AZQBzAAUGCgAAAFQAaQBtAGUAcwAIBBgAAAAWBBgAAAAYAQAZBgoAAABlAG4ALQBVAFMAHQYQAAAAAAEAAwP\/\/\/8CBgIAAAAAAAgXAAAAABIAAABhAHIAdAAgAHAAcgBpAHYAZQAFawAAAAFYAAAABAYKAAAAVABpAG0AZQBzAAUGCgAAAFQAaQBtAGUAcwATAQEIBBgAAAAWBBgAAAAYAQAZBgoAAABlAG4ALQBVAFMAHQYQAAAAAAEAAwP\/\/\/8CBgIAAAAAAAgJAAAAAAQAAAABAyAABZAAAAABVQAAAAQGCgAAAFQAaQBtAGUAcwAFBgoAAABUAGkAbQBlAHMACAQYAAAAFgQYAAAAGAEAGQYKAAAAZQBuAC0AVQBTAB0GEAAAAAABAAMD\/\/\/\/AgYCAAAAAAAIMQAAAAAsAAAAcQB1AGkAIABhACAAcABvAHUAcgAgAG8AcgBpAGcAaQBuAGEAbABpAHQAZQAFawAAAAFYAAAABAYKAAAAVABpAG0AZQBzAAUGCgAAAFQAaQBtAGUAcwATAQEIBBgAAAAWBBgAAAAYAQAZBgoAAABlAG4ALQBVAFMAHQYQAAAAAAEAAwP\/\/\/8CBgIAAAAAAAgJAAAAAAQAAAABAyAABdoAAAABVQAAAAQGCgAAAFQAaQBtAGUAcwAFBgoAAABUAGkAbQBlAHMACAQYAAAAFgQYAAAAGAEAGQYKAAAAZQBuAC0AVQBTAB0GEAAAAAABAAMD\/\/\/\/AgYCAAAAAAAIewAAAAB2AAAAZQB0ACAAcABvAHUAcgAgAHYAbwBjAGEAdABpAG8AbgAgAGQAZQAgAHAAcgBvAG0AbwB1AHYAbwBpAHIAIABsAGEAIABzAGMAdQBsAHAAdAB1AHIAZQAgAGMAbwBuAHQAZQBtAHAAbwByAGEAaQBuAGUAIABhAAVrAAAAAVgAAAAEBgoAAABUAGkAbQBlAHMABQYKAAAAVABpAG0AZQBzABMBAQgEGAAAABYEGAAAABgBABkGCgAAAGUAbgAtAFUAUwAdBhAAAAAAAQADA\/\/\/\/wIGAgAAAAAACAkAAAAABAAAAAADIAAFgAAAAAFVAAAABAYKAAAAVABpAG0AZQBzAAUGCgAAAFQAaQBtAGUAcwAIBBgAAAAWBBgAAAAYAQAZBgoAAABlAG4ALQBVAFMAHQYQAAAAAAEAAwP\/\/\/8CBgIAAAAAAAghAAAAABwAAAB0AHIAYQB2AGUAcgBzACAAbABhACAAcAByAGUABWkAAAABWAAAAAQGCgAAAFQAaQBtAGUAcwAFBgoAAABUAGkAbQBlAHMAEwEBCAQYAAAAFgQYAAAAGAEAGQYKAAAAZQBuAC0AVQBTAB0GEAAAAAABAAMD\/\/\/\/AgYCAAAAAAAIBwAAAAACAAAAAQMFegAAAAFVAAAABAYKAAAAVABpAG0AZQBzAAUGCgAAAFQAaQBtAGUAcwAIBBgAAAAWBBgAAAAYAQAZBgoAAABlAG4ALQBVAFMAHQYQAAAAAAEAAwP\/\/\/8CBgIAAAAAAAgbAAAAABYAAABzAGUAbgB0AGEAdABpAG8AbgAgAGQABWkAAAABWAAAAAQGCgAAAFQAaQBtAGUAcwAFBgoAAABUAGkAbQBlAHMAEwEBCAQYAAAAFgQYAAAAGAEAGQYKAAAAZQBuAC0AVQBTAB0GEAAAAAABAAMD\/\/\/\/AgYCAAAAAAAIBwAAAAACAAAAGSAFmgAAAAFVAAAABAYKAAAAVABpAG0AZQBzAAUGCgAAAFQAaQBtAGUAcwAIBBgAAAAWBBgAAAAYAQAZBgoAAABlAG4ALQBVAFMAHQYQAAAAAAEAAwP\/\/\/8CBgIAAAAAAAg7AAAAADYAAAB1AG4AZQAgAGUAeABwAG8AcwBpAHQAaQBvAG4AIABhAG4AbgB1AGUAbABsAGUAIAB0AGgAZQAFaQAAAAFYAAAABAYKAAAAVABpAG0AZQBzAAUGCgAAAFQAaQBtAGUAcwATAQEIBBgAAAAWBBgAAAAYAQAZBgoAAABlAG4ALQBVAFMAHQYQAAAAAAEAAwP\/\/\/8CBgIAAAAAAAgHAAAAAAIAAAABAwV0AAAAAVUAAAAEBgoAAABUAGkAbQBlAHMABQYKAAAAVABpAG0AZQBzAAgEGAAAABYEGAAAABgBABkGCgAAAGUAbgAtAFUAUwAdBhAAAAAAAQADA\/\/\/\/wIGAgAAAAAACBUAAAAAEAAAAG0AYQB0AGkAcQB1AGUALgAFCgAAAAEAAAAACAAAAAAFbwAAAAFlAAAABAYKAAAAVABpAG0AZQBzAAUGCgAAAFQAaQBtAGUAcwAHBgoAAABUAGkAbQBlAHMABgYKAAAAVABpAG0AZQBzAAgEGAAAABYEGAAAABgBAB0GEAAAAAABAAMD\/\/\/\/AgYCAAAAAAAIAAAAAAoAAAAAAAAAABEAAAAA0wMAAABwAAAAFgYMAAAAFwQAAAAAGAQAAAAAAQYAAAAACQYAAAAADgYTAAAAAAEAAgYCAAAAAAAEBgIAAAAAABsGAAAAAB4GJwAAAAEEAAAAAAMBAgQEAAAAAAYBAAcEAAAAAAgEAAAAAAsBAgwEAAAAACIECQAAAAGVAAAABAYeAAAAVABpAG0AZQBzACAATgBlAHcAIABSAG8AbQBhAG4ABQYeAAAAVABpAG0AZQBzACAATgBlAHcAIABSAG8AbQBhAG4ABwYeAAAAVABpAG0AZQBzACAATgBlAHcAIABSAG8AbQBhAG4ABgYgAAAAQQByAGkAYQBsACAAVQBuAGkAYwBvAGQAZQAgAE0AUwATAQECvwIAAAC6AgAAAQYAAAA2ADMAMgACFAAAAFAAYQByACAAZADpAGYAYQB1AHQACQEAAAADBAYAAAA2ADMAMgAFTAEAAAABAAEBAAIBAAMBAAQGHAAAAEgAZQBsAHYAZQB0AGkAYwBhACAATgBlAHUAZQAFBhwAAABIAGUAbAB2AGUAdABpAGMAYQAgAE4AZQB1AGUABwYgAAAAQQByAGkAYQBsACAAVQBuAGkAYwBvAGQAZQAgAE0AUwAGBiAAAABBAHIAaQBhAGwAIABVAG4AaQBjAG8AZABlACAATQBTAAgEFgAAAAkDAAAACgEADAEAJgQAAAAADwEAEAEAEQEAJwQAAAAAFAEAFQEAFgQWAAAAFwEAGAEAGQYKAAAAZQBuAC0AVQBTABoGCgAAAGEAcgAtAFMAQQAbBgoAAAB6AGgALQBDAE4AHgEAHwYdAAAAABgAAAD6+wAFAAAAAgAAAAACBwAAAPoAYwAAAPsgBhwAAAAAFwAAAAMSAAAAAA0AAAABCAAAAPoAAAEAAgD7Bi8BAAAWBgwAAAAXBAAAAAAYBAAAAAAAAQABBhIAAAAkBAAAAAAlBAAAAAAmBAAAAAAFAQEGAQAHAQAIAQAJBhsAAAAnBPAAAAALAQEcAQAoBAAAAAAdAQApBAAAAAAOBhMAAAAAAQACBgIAAAAAAAQGAgAAAAAAGQEBGwZ9AAAAABQAAAAAAwAAAAUEAAAAAAYEBAAAAAMBAAEUAAAAAAMAAAAFBAAAAAAGBAQAAAADAQACFAAAAAADAAAABQQAAAAABgQEAAAAAwEAAxQAAAAAAwAAAAUEAAAAAAYEBAAAAAMBAAsUAAAAAAMAAAAFBAAAAAAGBAQAAAADAQAeBicAAAABBAAAAAADAQIEBAAAAAAGAQAHBAAAAAAIBAAAAAALAQIMBAAAAAAiBAkAAAAsAQA=\">\u00a0<\/p><p style=\"font-weight: 400;\">Andr\u00e9 Ughetto, 19 ans en 1961, accompagne, \u00e0 l&rsquo;Isle-sur-Sorgue, un voisin ma\u00e7on venu effectuer des r\u00e9parations dans la maison r\u00e9cemment acquise par Ren\u00e9 Char (double pr\u00e9texte : le grand-p\u00e8re d&rsquo;Andr\u00e9 avait bien connu le p\u00e8re de Ren\u00e9 ; Andr\u00e9 commence des \u00e9tudes de Lettres que Char pourrait peut-\u00eatre guider). Et puis, par un oncle artisan, Andr\u00e9 avait rencontr\u00e9 un beau quart d&rsquo;heure Camus, autre voisin, quelques mois avant sa mort d\u00e9but 1960 &#8211; et l&rsquo;amiti\u00e9 de Char et Camus, connue de toute la r\u00e9gion, ouvrait ais\u00e9ment la discussion. Ughetto, cin\u00e9aste et dramaturge avant (chronologiquement) d&rsquo;\u00eatre po\u00e8te, proposera bient\u00f4t \u00e0 Char un projet de film (\u00ab\u00a0La m\u00e9moire du feu\u00a0\u00bb) illustrant son \u0153uvre, et des lectures publiques d&rsquo;extraits d&rsquo;elle &#8211; l&rsquo;un et les autres un jour violemment (et sans appel) interrompus par la soudaine sortie du po\u00e8te (d\u00e9\u00e7u, comme on va voir, d&rsquo;une r\u00e9p\u00e9tition g\u00e2ch\u00e9e par un tr\u00e8s fort mistral) en une br\u00e8ve et impitoyable sc\u00e8ne, que voici :<\/p><p style=\"font-weight: 400;\">\u00a0<\/p><p style=\"font-weight: 400;\">\u00ab\u00a0<i><em>Ren\u00e9 met la t\u00eate dans ses mains comme pour se boucher les oreilles. La catastrophe est imminente. Il arr\u00eate le jeu avec sa canne. Il m&rsquo;interpelle : \u00ab\u00a0Ughetto, venez ici\u00a0\u00bb. Je m&rsquo;avance gravement et tr\u00e8s penaud je balbutie :\u00a0\u00bbC&rsquo;est un ratage, je sais, mais d\u00fb aux circonstances ; hier c&rsquo;\u00e9tait bien mieux\u00a0\u00bb. Alors j&rsquo;entends des mots terribles que je voudrais ne pas me rem\u00e9morer mais qui vont me poursuivre :\u00a0\u00bbJe ne peux cautionner cette repr\u00e9sentation. En plus tous vos acteurs sortent de ce qu&rsquo;ils appellent un \u00ab\u00a0Mini-Th\u00e9\u00e2tre\u00a0\u00bb. Mini, oui, pour des minus. La seule chose \u00e0 faire est que samedi, vous affichiez un placard o\u00f9 soit indiqu\u00e9 votre amateurisme. Vous avez cru devoir m&rsquo;honorer, mais le d\u00e9shonneur serait que j&rsquo;approuve ce spectacle vraiment tr\u00e8s <\/em><\/i>mini<i><em>. Annoncez que je ne serai \u00e9videmment pas pr\u00e9sent. Coulez sans moi. Vous \u00eates le capitaine du d\u00e9sastre<\/em><\/i>\u00a0\u00bb (p.113).<\/p>\t\t\t\t\t\t\t\t<\/div>\n\t\t\t\t<\/div>\n\t\t\t\t<\/div>\n\t\t<div class=\"elementor-element elementor-element-220395a e-con-full e-flex e-con e-child\" data-id=\"220395a\" data-element_type=\"container\" data-e-type=\"container\">\n\t\t\t\t<div class=\"elementor-element elementor-element-5b4cadb elementor-widget elementor-widget-spacer\" data-id=\"5b4cadb\" data-element_type=\"widget\" data-e-type=\"widget\" data-widget_type=\"spacer.default\">\n\t\t\t\t<div class=\"elementor-widget-container\">\n\t\t\t\t\t\t\t<div class=\"elementor-spacer\">\n\t\t\t<div class=\"elementor-spacer-inner\"><\/div>\n\t\t<\/div>\n\t\t\t\t\t\t<\/div>\n\t\t\t\t<\/div>\n\t\t\t\t<div class=\"elementor-element elementor-element-8748e7f elementor-widget__width-initial elementor-widget elementor-widget-image\" data-id=\"8748e7f\" data-element_type=\"widget\" data-e-type=\"widget\" data-widget_type=\"image.default\">\n\t\t\t\t<div class=\"elementor-widget-container\">\n\t\t\t\t\t\t\t\t\t\t\t\t\t\t\t<img fetchpriority=\"high\" decoding=\"async\" width=\"800\" height=\"1000\" src=\"https:\/\/2025.buzzartfestival.com\/wp-content\/uploads\/2025\/09\/ANDRE-UGHETTO-819x1024.jpg\" class=\"attachment-large size-large wp-image-1469\" alt=\"\" srcset=\"https:\/\/2025.buzzartfestival.com\/wp-content\/uploads\/2025\/09\/ANDRE-UGHETTO-819x1024.jpg 819w, https:\/\/2025.buzzartfestival.com\/wp-content\/uploads\/2025\/09\/ANDRE-UGHETTO-240x300.jpg 240w, https:\/\/2025.buzzartfestival.com\/wp-content\/uploads\/2025\/09\/ANDRE-UGHETTO-768x960.jpg 768w, https:\/\/2025.buzzartfestival.com\/wp-content\/uploads\/2025\/09\/ANDRE-UGHETTO.jpg 1080w\" sizes=\"(max-width: 800px) 100vw, 800px\" \/>\t\t\t\t\t\t\t\t\t\t\t\t\t\t\t<\/div>\n\t\t\t\t<\/div>\n\t\t\t\t<\/div>\n\t\t\t\t<\/div>\n\t\t\t\t<\/div>\n\t\t","protected":false},"excerpt":{"rendered":"<p>\u00a0 Andr\u00e9 Ughetto, 19 ans en 1961, accompagne, \u00e0 l&rsquo;Isle-sur-Sorgue, un voisin ma\u00e7on venu effectuer des r\u00e9parations dans la maison r\u00e9cemment acquise par Ren\u00e9 Char (double pr\u00e9texte : le grand-p\u00e8re d&rsquo;Andr\u00e9 avait bien connu le p\u00e8re de Ren\u00e9 ; Andr\u00e9 commence des \u00e9tudes de Lettres que Char pourrait peut-\u00eatre guider). Et puis, par un oncle [&hellip;]<\/p>\n","protected":false},"author":1,"featured_media":0,"parent":1087,"menu_order":0,"comment_status":"closed","ping_status":"closed","template":"","meta":{"inline_featured_image":false,"footnotes":""},"class_list":["post-1123","page","type-page","status-publish","hentry"],"_links":{"self":[{"href":"https:\/\/2025.buzzartfestival.com\/index.php\/wp-json\/wp\/v2\/pages\/1123","targetHints":{"allow":["GET"]}}],"collection":[{"href":"https:\/\/2025.buzzartfestival.com\/index.php\/wp-json\/wp\/v2\/pages"}],"about":[{"href":"https:\/\/2025.buzzartfestival.com\/index.php\/wp-json\/wp\/v2\/types\/page"}],"author":[{"embeddable":true,"href":"https:\/\/2025.buzzartfestival.com\/index.php\/wp-json\/wp\/v2\/users\/1"}],"replies":[{"embeddable":true,"href":"https:\/\/2025.buzzartfestival.com\/index.php\/wp-json\/wp\/v2\/comments?post=1123"}],"version-history":[{"count":4,"href":"https:\/\/2025.buzzartfestival.com\/index.php\/wp-json\/wp\/v2\/pages\/1123\/revisions"}],"predecessor-version":[{"id":1472,"href":"https:\/\/2025.buzzartfestival.com\/index.php\/wp-json\/wp\/v2\/pages\/1123\/revisions\/1472"}],"up":[{"embeddable":true,"href":"https:\/\/2025.buzzartfestival.com\/index.php\/wp-json\/wp\/v2\/pages\/1087"}],"wp:attachment":[{"href":"https:\/\/2025.buzzartfestival.com\/index.php\/wp-json\/wp\/v2\/media?parent=1123"}],"curies":[{"name":"wp","href":"https:\/\/api.w.org\/{rel}","templated":true}]}}