{"id":1106,"date":"2025-09-03T15:44:22","date_gmt":"2025-09-03T13:44:22","guid":{"rendered":"https:\/\/2025.buzzartfestival.com\/?page_id=1106"},"modified":"2025-09-03T16:27:45","modified_gmt":"2025-09-03T14:27:45","slug":"lassociation-de-gerard-garouste","status":"publish","type":"page","link":"https:\/\/2025.buzzartfestival.com\/index.php\/edition-2025\/les-conferences\/les-conferencieres\/lassociation-de-gerard-garouste\/","title":{"rendered":"L&rsquo;association de G\u00e9rard Garouste"},"content":{"rendered":"\t\t<div data-elementor-type=\"wp-page\" data-elementor-id=\"1106\" class=\"elementor elementor-1106\" data-elementor-post-type=\"page\">\n\t\t\t\t<div class=\"elementor-element elementor-element-b9623f8 e-con-full e-flex e-con e-child\" data-id=\"b9623f8\" data-element_type=\"container\" data-e-type=\"container\">\n\t\t<div class=\"elementor-element elementor-element-113d10a e-con-full e-flex e-con e-child\" data-id=\"113d10a\" data-element_type=\"container\" data-e-type=\"container\">\n\t\t\t\t<div class=\"elementor-element elementor-element-946cea7 elementor-widget elementor-widget-spacer\" data-id=\"946cea7\" data-element_type=\"widget\" data-e-type=\"widget\" data-widget_type=\"spacer.default\">\n\t\t\t\t<div class=\"elementor-widget-container\">\n\t\t\t\t\t\t\t<div class=\"elementor-spacer\">\n\t\t\t<div class=\"elementor-spacer-inner\"><\/div>\n\t\t<\/div>\n\t\t\t\t\t\t<\/div>\n\t\t\t\t<\/div>\n\t\t\t\t<div class=\"elementor-element elementor-element-cc56c49 elementor-widget elementor-widget-text-editor\" data-id=\"cc56c49\" data-element_type=\"widget\" data-e-type=\"widget\" data-widget_type=\"text-editor.default\">\n\t\t\t\t<div class=\"elementor-widget-container\">\n\t\t\t\t\t\t\t\t\t<p class=\"docData;DOCY;v5;14624;BQiAAgAAEYQCAAAGiAIAAAM7NQAABUk1AAAAAAAAAAAAAAAAAAAAAAAAAAAAAAAAAAAAAAAAAAAAAAAAAAAAAAAAAAAAAAAAAAAAAAAAAAAAAAAAAAAAAAAAAAAAAAAAAAAAAAAAAAAAAAAAAAAAAAAAAAAAAAAAAAAAAAAAAAAAAAAAAAAAAAAAAAAAAAAAAAAAAAAAAAAAAAAAAAAAAAAAAAAAAAAAAAAAAAAAAAAAAAAAAAAAAAAAAAAAAAAAAAAAAAAAAAAAAAAAAAAAAAAAAAAAAAAAAAAAAAAAAAAAAAAAAAAAAAAAAAAAAAAAAAAAAAAAAAAAAAAAAAAAAAAAAAAAAAAAAAAAAAAAAAAAAAAAAAAAAAAAAAAAAAAAAAAAAAAAAAAAAAAAAAAAAAAAAAAAAAAAAAAAAAAAAAAAAAAAAAAAAAAAAAAAAAAAAAAAAAAAAAAAAAAAAAAAAAAAAAAAAAAAAAAAAAAAAAAAAAAAAAAAAAAAAAAAAAAAAAAAAAAAAAAAAAAAAAAAAAAAAAAAAAAAAAAAAAAAAAAAAAAAAAAAAAAAAAAAAAAAAAAAAAAAAAAAAAAAAAAAAAAAAAAAAAAAAAAAAAAAAAAAAAAAAAAAAAAAAAAAAAAAAAAAAAAAAAAAAAAAAAAAAAAAAAAAAAAAAAAAAAAAAAAAAAAAAAAAAAAAAAAAAAAAAAAAAAAAAAAAAAAAAAAAAAAAAAAAAAAAAAAAAAAAAAAAAAAAAAAAAAAAAAAAAAAAAAAAAAAAAAAAAAAAAAAAAAAAAAAAAAAAAAAAAAAAAAAAAAAAAAAAAAAAAAAAAAAAAAAAAAAAAAAAAAAAAAAAAAAAAAAAAAAArzIAAACnAQAAAZcAAAAVBgYAAAA2ADMAMgABBhIAAAAkBAAAAAAlBAAAAAAmBAAAAAAFAQMJBgYAAAApBPAAAAAaBlgAAAAAAQECAQEEBgoAAABUAGkAbQBlAHMABQYKAAAAVABpAG0AZQBzAAcGCgAAAFQAaQBtAGUAcwAGBgoAAABUAGkAbQBlAHMACAQYAAAAFAEBFgQYAAAAGAEAGwYAAAAAAgYBAAAFiwAAAAFIAAAAAAEBAgEBBAYKAAAAVABpAG0AZQBzAAUGCgAAAFQAaQBtAGUAcwAIBBgAAAAUAQEWBBgAAAAYAQAZBgoAAABlAG4ALQBVAFMACDkAAAAANAAAAEEAIABwAHIAbwBwAG8AcwAgAGQAZQAgAGwAYQAgAEYAbwBuAGQAYQB0AGkAbwBuADoAIAAFCgAAAAEAAAAACAAAAAAFYgAAAAFYAAAAAAEBAgEBBAYKAAAAVABpAG0AZQBzAAUGCgAAAFQAaQBtAGUAcwAHBgoAAABUAGkAbQBlAHMABgYKAAAAVABpAG0AZQBzAAgEGAAAABQBARYEGAAAABgBAAgAAAAAAL0RAAABngAAABUGBgAAADYAMwAyAAEGEgAAACQEAAAAACUEAAAAACYEAAAAAAUBAwkGAAAAABoGZQAAAAQGCgAAAFQAaQBtAGUAcwAFBgoAAABUAGkAbQBlAHMABwYKAAAAVABpAG0AZQBzAAYGCgAAAFQAaQBtAGUAcwAIBBgAAAAWBBgAAAAYAQAdBhAAAAAAAQADA\/\/\/\/wIGAgAAAAAAGwYAAAAAAhURAAAFZgAAAAFVAAAABAYKAAAAVABpAG0AZQBzAAUGCgAAAFQAaQBtAGUAcwAIBBgAAAAWBBgAAAAYAQAZBgoAAABlAG4ALQBVAFMAHQYQAAAAAAEAAwP\/\/\/8CBgIAAAAAAAgHAAAAAAIAAABBAAVrAAAAAVgAAAAEBgoAAABUAGkAbQBlAHMABQYKAAAAVABpAG0AZQBzABMBAQgEGAAAABYEGAAAABgBABkGCgAAAGUAbgAtAFUAUwAdBhAAAAAAAQADA\/\/\/\/wIGAgAAAAAACAkAAAAABAAAAAADIAAFZgAAAAFVAAAABAYKAAAAVABpAG0AZQBzAAUGCgAAAFQAaQBtAGUAcwAIBBgAAAAWBBgAAAAYAQAZBgoAAABlAG4ALQBVAFMAHQYQAAAAAAEAAwP\/\/\/8CBgIAAAAAAAgHAAAAAAIAAABsAAVpAAAAAVgAAAAEBgoAAABUAGkAbQBlAHMABQYKAAAAVABpAG0AZQBzABMBAQgEGAAAABYEGAAAABgBABkGCgAAAGUAbgAtAFUAUwAdBhAAAAAAAQADA\/\/\/\/wIGAgAAAAAACAcAAAAAAgAAABkgBeoAAAABVQAAAAQGCgAAAFQAaQBtAGUAcwAFBgoAAABUAGkAbQBlAHMACAQYAAAAFgQYAAAAGAEAGQYKAAAAZQBuAC0AVQBTAB0GEAAAAAABAAMD\/\/\/\/AgYCAAAAAAAIiwAAAACGAAAAbwByAGkAZwBpAG4AZQAgAGQAZQAgAGwAYQAgAEYAbwBuAGQAYQB0AGkAbwBuACAAVgBpAGwAbABhACAARABhAHQAcgBpAHMALAAgAGkAbAAgAHkAIABhACAAZQB1ACAAZQBuACAAcAByAGUAbQBpAGUAcgAgAGwAaQBlAHUAIABjAGUAdAAFaQAAAAFYAAAABAYKAAAAVABpAG0AZQBzAAUGCgAAAFQAaQBtAGUAcwATAQEIBBgAAAAWBBgAAAAYAQAZBgoAAABlAG4ALQBVAFMAHQYQAAAAAAEAAwP\/\/\/8CBgIAAAAAAAgHAAAAAAIAAACgAAV8AAAAAVUAAAAEBgoAAABUAGkAbQBlAHMABQYKAAAAVABpAG0AZQBzAAgEGAAAABYEGAAAABgBABkGCgAAAGUAbgAtAFUAUwAdBhAAAAAAAQADA\/\/\/\/wIGAgAAAAAACB0AAAAAGAAAAGEAdAB0AHIAYQBpAHQAIABpAHIAcgBlAAVpAAAAAVgAAAAEBgoAAABUAGkAbQBlAHMABQYKAAAAVABpAG0AZQBzABMBAQgEGAAAABYEGAAAABgBABkGCgAAAGUAbgAtAFUAUwAdBhAAAAAAAQADA\/\/\/\/wIGAgAAAAAACAcAAAAAAgAAAAEDBcAAAAABVQAAAAQGCgAAAFQAaQBtAGUAcwAFBgoAAABUAGkAbQBlAHMACAQYAAAAFgQYAAAAGAEAGQYKAAAAZQBuAC0AVQBTAB0GEAAAAAABAAMD\/\/\/\/AgYCAAAAAAAIYQAAAABcAAAAcwBpAHMAdABpAGIAbABlACAAcABvAHUAcgAgAGwAZQAgAFMAdQBkACwAIABsAGEAIABQAHIAbwB2AGUAbgBjAGUALAAgAGUAdAAgAHQAbwB1AHQAIABzAHAAZQAFaQAAAAFYAAAABAYKAAAAVABpAG0AZQBzAAUGCgAAAFQAaQBtAGUAcwATAQEIBBgAAAAWBBgAAAAYAQAZBgoAAABlAG4ALQBVAFMAHQYQAAAAAAEAAwP\/\/\/8CBgIAAAAAAAgHAAAAAAIAAAABAwV6AAAAAVUAAAAEBgoAAABUAGkAbQBlAHMABQYKAAAAVABpAG0AZQBzAAgEGAAAABYEGAAAABgBABkGCgAAAGUAbgAtAFUAUwAdBhAAAAAAAQADA\/\/\/\/wIGAgAAAAAACBsAAAAAFgAAAGMAaQBhAGwAZQBtAGUAbgB0ACAATAAFaQAAAAFYAAAABAYKAAAAVABpAG0AZQBzAAUGCgAAAFQAaQBtAGUAcwATAQEIBBgAAAAWBBgAAAAYAQAZBgoAAABlAG4ALQBVAFMAHQYQAAAAAAEAAwP\/\/\/8CBgIAAAAAAAgHAAAAAAIAAAAZIAWsAAAAAVUAAAAEBgoAAABUAGkAbQBlAHMABQYKAAAAVABpAG0AZQBzAAgEGAAAABYEGAAAABgBABkGCgAAAGUAbgAtAFUAUwAdBhAAAAAAAQADA\/\/\/\/wIGAgAAAAAACE0AAAAASAAAAEkAcwBsAGUALQBzAHUAcgAtAGwAYQAtAFMAbwByAGcAdQBlACAAZQB0ACAAbABlACAATAB1AGIAZQByAG8AbgAsACAAbwB1AAVrAAAAAVgAAAAEBgoAAABUAGkAbQBlAHMABQYKAAAAVABpAG0AZQBzABMBAQgEGAAAABYEGAAAABgBABkGCgAAAGUAbgAtAFUAUwAdBhAAAAAAAQADA\/\/\/\/wIGAgAAAAAACAkAAAAABAAAAAADIAAFbgAAAAFVAAAABAYKAAAAVABpAG0AZQBzAAUGCgAAAFQAaQBtAGUAcwAIBBgAAAAWBBgAAAAYAQAZBgoAAABlAG4ALQBVAFMAHQYQAAAAAAEAAwP\/\/\/8CBgIAAAAAAAgPAAAAAAoAAABEAGEAbgBpAGUABWkAAAABWAAAAAQGCgAAAFQAaQBtAGUAcwAFBgoAAABUAGkAbQBlAHMAEwEBCAQYAAAAFgQYAAAAGAEAGQYKAAAAZQBuAC0AVQBTAB0GEAAAAAABAAMD\/\/\/\/AgYCAAAAAAAIBwAAAAACAAAAAAMFzgAAAAFVAAAABAYKAAAAVABpAG0AZQBzAAUGCgAAAFQAaQBtAGUAcwAIBBgAAAAWBBgAAAAYAQAZBgoAAABlAG4ALQBVAFMAHQYQAAAAAAEAAwP\/\/\/8CBgIAAAAAAAhvAAAAAGoAAABsAGUAIABLAGEAcABlAGwALQBNAGEAcgBjAG8AdgBpAGMAaQAgAGUAdAAgAFQAcgBpAHMAdABhAG4AIABGAG8AdQByAHQAaQBuAGUAIAB2AG8AbgB0ACAAcABhAHMAcwBpAG8AbgBuAGUABWkAAAABWAAAAAQGCgAAAFQAaQBtAGUAcwAFBgoAAABUAGkAbQBlAHMAEwEBCAQYAAAAFgQYAAAAGAEAGQYKAAAAZQBuAC0AVQBTAB0GEAAAAAABAAMD\/\/\/\/AgYCAAAAAAAIBwAAAAACAAAAAQMFqgAAAAFVAAAABAYKAAAAVABpAG0AZQBzAAUGCgAAAFQAaQBtAGUAcwAIBBgAAAAWBBgAAAAYAQAZBgoAAABlAG4ALQBVAFMAHQYQAAAAAAEAAwP\/\/\/8CBgIAAAAAAAhLAAAAAEYAAABtAGUAbgB0ACAAcgBlAGMAaABlAHIAYwBoAGUAcgAgAHUAbgAgAGEAbgBjAHIAYQBnAGUAIABlAHQAIAB1AG4AZQAgAGUABWkAAAABWAAAAAQGCgAAAFQAaQBtAGUAcwAFBgoAAABUAGkAbQBlAHMAEwEBCAQYAAAAFgQYAAAAGAEAGQYKAAAAZQBuAC0AVQBTAB0GEAAAAAABAAMD\/\/\/\/AgYCAAAAAAAIBwAAAAACAAAAAQMFhgAAAAFVAAAABAYKAAAAVABpAG0AZQBzAAUGCgAAAFQAaQBtAGUAcwAIBBgAAAAWBBgAAAAYAQAZBgoAAABlAG4ALQBVAFMAHQYQAAAAAAEAAwP\/\/\/8CBgIAAAAAAAgnAAAAACIAAAB2AGEAcwBpAG8AbgAuACAAUwBpAG0AdQBsAHQAYQBuAGUABWkAAAABWAAAAAQGCgAAAFQAaQBtAGUAcwAFBgoAAABUAGkAbQBlAHMAEwEBCAQYAAAAFgQYAAAAGAEAGQYKAAAAZQBuAC0AVQBTAB0GEAAAAAABAAMD\/\/\/\/AgYCAAAAAAAIBwAAAAACAAAAAQMFigAAAAFVAAAABAYKAAAAVABpAG0AZQBzAAUGCgAAAFQAaQBtAGUAcwAIBBgAAAAWBBgAAAAYAQAZBgoAAABlAG4ALQBVAFMAHQYQAAAAAAEAAwP\/\/\/8CBgIAAAAAAAgrAAAAACYAAABtAGUAbgB0ACwAIABpAGwAIAB5ACAAYQB2AGEAaQB0ACAAZABlAAVpAAAAAVgAAAAEBgoAAABUAGkAbQBlAHMABQYKAAAAVABpAG0AZQBzABMBAQgEGAAAABYEGAAAABgBABkGCgAAAGUAbgAtAFUAUwAdBhAAAAAAAQADA\/\/\/\/wIGAgAAAAAACAcAAAAAAgAAAAEDBWgAAAABVQAAAAQGCgAAAFQAaQBtAGUAcwAFBgoAAABUAGkAbQBlAHMACAQYAAAAFgQYAAAAGAEAGQYKAAAAZQBuAC0AVQBTAB0GEAAAAAABAAMD\/\/\/\/AgYCAAAAAAAICQAAAAAEAAAAagBhAAVrAAAAAVgAAAAEBgoAAABUAGkAbQBlAHMABQYKAAAAVABpAG0AZQBzABMBAQgEGAAAABYEGAAAABgBABkGCgAAAGUAbgAtAFUAUwAdBhAAAAAAAQADA\/\/\/\/wIGAgAAAAAACAkAAAAABAAAAAADIAAF7AAAAAFVAAAABAYKAAAAVABpAG0AZQBzAAUGCgAAAFQAaQBtAGUAcwAIBBgAAAAWBBgAAAAYAQAZBgoAAABlAG4ALQBVAFMAHQYQAAAAAAEAAwP\/\/\/8CBgIAAAAAAAiNAAAAAIgAAABjAGgAZQB6ACAAZQB1AHgAIABkAGUAcAB1AGkAcwAgAGwAbwBuAGcAdABlAG0AcABzACAAdQBuAGUAIABhAHQAdAByAGEAYwB0AGkAbwBuACAAdABvAHUAdAAgAGEAdQBzAHMAaQAgAHAAdQBpAHMAcwBhAG4AdABlACAAcABvAHUAcgAgAGwABWkAAAABWAAAAAQGCgAAAFQAaQBtAGUAcwAFBgoAAABUAGkAbQBlAHMAEwEBCAQYAAAAFgQYAAAAGAEAGQYKAAAAZQBuAC0AVQBTAB0GEAAAAAABAAMD\/\/\/\/AgYCAAAAAAAIBwAAAAACAAAAGSAFngAAAAFVAAAABAYKAAAAVABpAG0AZQBzAAUGCgAAAFQAaQBtAGUAcwAIBBgAAAAWBBgAAAAYAQAZBgoAAABlAG4ALQBVAFMAHQYQAAAAAAEAAwP\/\/\/8CBgIAAAAAAAg\/AAAAADoAAABhAHIAdAAsACAAZQB0ACAAZQBuACAAcABhAHIAdABpAGMAdQBsAGkAZQByACAAcABvAHUAcgAgAGwABWkAAAABWAAAAAQGCgAAAFQAaQBtAGUAcwAFBgoAAABUAGkAbQBlAHMAEwEBCAQYAAAAFgQYAAAAGAEAGQYKAAAAZQBuAC0AVQBTAB0GEAAAAAABAAMD\/\/\/\/AgYCAAAAAAAIBwAAAAACAAAAGSAFygAAAAFVAAAABAYKAAAAVABpAG0AZQBzAAUGCgAAAFQAaQBtAGUAcwAIBBgAAAAWBBgAAAAYAQAZBgoAAABlAG4ALQBVAFMAHQYQAAAAAAEAAwP\/\/\/8CBgIAAAAAAAhrAAAAAGYAAABhAGIAcwB0AHIAYQBjAHQAaQBvAG4AIABlAHQAIABsAGEAIABzAGMAdQBsAHAAdAB1AHIAZQAgAHMAbwB1AHMAIAB0AG8AdQB0AGUAcwAgAHMAZQBzACAAZgBvAHIAbQBlAHMALgAFCgAAAAEAAAAACAAAAAAFbwAAAAFlAAAABAYKAAAAVABpAG0AZQBzAAUGCgAAAFQAaQBtAGUAcwAHBgoAAABUAGkAbQBlAHMABgYKAAAAVABpAG0AZQBzAAgEGAAAABYEGAAAABgBAB0GEAAAAAABAAMD\/\/\/\/AgYCAAAAAAAIAAAAAACfAQAAAZ4AAAAVBgYAAAA2ADMAMgABBhIAAAAkBAAAAAAlBAAAAAAmBAAAAAAFAQMJBgAAAAAaBmUAAAAEBgoAAABUAGkAbQBlAHMABQYKAAAAVABpAG0AZQBzAAcGCgAAAFQAaQBtAGUAcwAGBgoAAABUAGkAbQBlAHMACAQYAAAAFgQYAAAAGAEAHQYQAAAAAAEAAwP\/\/\/8CBgIAAAAAABsGAAAAAAL3AAAABW8AAAABZQAAAAQGCgAAAFQAaQBtAGUAcwAFBgoAAABUAGkAbQBlAHMABwYKAAAAVABpAG0AZQBzAAYGCgAAAFQAaQBtAGUAcwAIBBgAAAAWBBgAAAAYAQAdBhAAAAAAAQADA\/\/\/\/wIGAgAAAAAACAAAAAAFCgAAAAEAAAAACAAAAAAFbwAAAAFlAAAABAYKAAAAVABpAG0AZQBzAAUGCgAAAFQAaQBtAGUAcwAHBgoAAABUAGkAbQBlAHMABgYKAAAAVABpAG0AZQBzAAgEGAAAABYEGAAAABgBAB0GEAAAAAABAAMD\/\/\/\/AgYCAAAAAAAIAAAAAAB3EwAAAZ4AAAAVBgYAAAA2ADMAMgABBhIAAAAkBAAAAAAlBAAAAAAmBAAAAAAFAQMJBgAAAAAaBmUAAAAEBgoAAABUAGkAbQBlAHMABQYKAAAAVABpAG0AZQBzAAcGCgAAAFQAaQBtAGUAcwAGBgoAAABUAGkAbQBlAHMACAQYAAAAFgQYAAAAGAEAHQYQAAAAAAEAAwP\/\/\/8CBgIAAAAAABsGAAAAAALPEgAABWYAAAABVQAAAAQGCgAAAFQAaQBtAGUAcwAFBgoAAABUAGkAbQBlAHMACAQYAAAAFgQYAAAAGAEAGQYKAAAAZQBuAC0AVQBTAB0GEAAAAAABAAMD\/\/\/\/AgYCAAAAAAAIBwAAAAACAAAATAAFaQAAAAFYAAAABAYKAAAAVABpAG0AZQBzAAUGCgAAAFQAaQBtAGUAcwATAQEIBBgAAAAWBBgAAAAYAQAZBgoAAABlAG4ALQBVAFMAHQYQAAAAAAEAAwP\/\/\/8CBgIAAAAAAAgHAAAAAAIAAAAZIAVqAAAAAVUAAAAEBgoAAABUAGkAbQBlAHMABQYKAAAAVABpAG0AZQBzAAgEGAAAABYEGAAAABgBABkGCgAAAGUAbgAtAFUAUwAdBhAAAAAAAQADA\/\/\/\/wIGAgAAAAAACAsAAAAABgAAAGkAZABlAAVpAAAAAVgAAAAEBgoAAABUAGkAbQBlAHMABQYKAAAAVABpAG0AZQBzABMBAQgEGAAAABYEGAAAABgBABkGCgAAAGUAbgAtAFUAUwAdBhAAAAAAAQADA\/\/\/\/wIGAgAAAAAACAcAAAAAAgAAAAEDBX4AAAABVQAAAAQGCgAAAFQAaQBtAGUAcwAFBgoAAABUAGkAbQBlAHMACAQYAAAAFgQYAAAAGAEAGQYKAAAAZQBuAC0AVQBTAB0GEAAAAAABAAMD\/\/\/\/AgYCAAAAAAAIHwAAAAAaAAAAZQAgAGQAZQAgAGYAYQBpAHIAZQAgAGQAZQAFaQAAAAFYAAAABAYKAAAAVABpAG0AZQBzAAUGCgAAAFQAaQBtAGUAcwATAQEIBBgAAAAWBBgAAAAYAQAZBgoAAABlAG4ALQBVAFMAHQYQAAAAAAEAAwP\/\/\/8CBgIAAAAAAAgHAAAAAAIAAAABAwWsAAAAAVUAAAAEBgoAAABUAGkAbQBlAHMABQYKAAAAVABpAG0AZQBzAAgEGAAAABYEGAAAABgBABkGCgAAAGUAbgAtAFUAUwAdBhAAAAAAAQADA\/\/\/\/wIGAgAAAAAACE0AAAAASAAAAGMAbwB1AHYAcgBpAHIAIABsAGEAIABzAGMAdQBsAHAAdAB1AHIAZQAgAGMAbwBuAHQAZQBtAHAAbwByAGEAaQBuAGUAIABhAAVrAAAAAVgAAAAEBgoAAABUAGkAbQBlAHMABQYKAAAAVABpAG0AZQBzABMBAQgEGAAAABYEGAAAABgBABkGCgAAAGUAbgAtAFUAUwAdBhAAAAAAAQADA\/\/\/\/wIGAgAAAAAACAkAAAAABAAAAAADIAAFogAAAAFVAAAABAYKAAAAVABpAG0AZQBzAAUGCgAAAFQAaQBtAGUAcwAIBBgAAAAWBBgAAAAYAQAZBgoAAABlAG4ALQBVAFMAHQYQAAAAAAEAAwP\/\/\/8CBgIAAAAAAAhDAAAAAD4AAAB0AHIAYQB2AGUAcgBzACAAZABlAHMAIABlAHgAcABvAHMAaQB0AGkAbwBuAHMAIABkAGUAcwB0AGkAbgBlAAVpAAAAAVgAAAAEBgoAAABUAGkAbQBlAHMABQYKAAAAVABpAG0AZQBzABMBAQgEGAAAABYEGAAAABgBABkGCgAAAGUAbgAtAFUAUwAdBhAAAAAAAQADA\/\/\/\/wIGAgAAAAAACAcAAAAAAgAAAAEDBZ4AAAABVQAAAAQGCgAAAFQAaQBtAGUAcwAFBgoAAABUAGkAbQBlAHMACAQYAAAAFgQYAAAAGAEAGQYKAAAAZQBuAC0AVQBTAB0GEAAAAAABAAMD\/\/\/\/AgYCAAAAAAAIPwAAAAA6AAAAZQBzACAAYQB1ACAAcAB1AGIAbABpAGMAIABjAG8AbQBtAGUAbgBjAGUAIABhAGwAbwByAHMAIABhAAVrAAAAAVgAAAAEBgoAAABUAGkAbQBlAHMABQYKAAAAVABpAG0AZQBzABMBAQgEGAAAABYEGAAAABgBABkGCgAAAGUAbgAtAFUAUwAdBhAAAAAAAQADA\/\/\/\/wIGAgAAAAAACAkAAAAABAAAAAADIAAFhAAAAAFVAAAABAYKAAAAVABpAG0AZQBzAAUGCgAAAFQAaQBtAGUAcwAIBBgAAAAWBBgAAAAYAQAZBgoAAABlAG4ALQBVAFMAHQYQAAAAAAEAAwP\/\/\/8CBgIAAAAAAAglAAAAACAAAABmAGEAaQByAGUAIABzAG8AbgAgAGMAaABlAG0AaQBuAAVrAAAAAVgAAAAEBgoAAABUAGkAbQBlAHMABQYKAAAAVABpAG0AZQBzABMBAQgEGAAAABYEGAAAABgBABkGCgAAAGUAbgAtAFUAUwAdBhAAAAAAAQADA\/\/\/\/wIGAgAAAAAACAkAAAAABAAAACYgIAAFjAAAAAFVAAAABAYKAAAAVABpAG0AZQBzAAUGCgAAAFQAaQBtAGUAcwAIBBgAAAAWBBgAAAAYAQAZBgoAAABlAG4ALQBVAFMAHQYQAAAAAAEAAwP\/\/\/8CBgIAAAAAAAgtAAAAACgAAABFAG4AIAAyADAAMQAwACwAIABsAGEAIAB2AGkAcwBpAHQAZQAgAGQABWkAAAABWAAAAAQGCgAAAFQAaQBtAGUAcwAFBgoAAABUAGkAbQBlAHMAEwEBCAQYAAAAFgQYAAAAGAEAGQYKAAAAZQBuAC0AVQBTAB0GEAAAAAABAAMD\/\/\/\/AgYCAAAAAAAIBwAAAAACAAAAGSAFmAAAAAFVAAAABAYKAAAAVABpAG0AZQBzAAUGCgAAAFQAaQBtAGUAcwAIBBgAAAAWBBgAAAAYAQAZBgoAAABlAG4ALQBVAFMAHQYQAAAAAAEAAwP\/\/\/8CBgIAAAAAAAg5AAAAADQAAAB1AG4AZQAgAGcAcgBhAG4AZABlACAAZABlAG0AZQB1AHIAZQAgAHAAcgBvAHYAZQBuAGMABWkAAAABWAAAAAQGCgAAAFQAaQBtAGUAcwAFBgoAAABUAGkAbQBlAHMAEwEBCAQYAAAAFgQYAAAAGAEAGQYKAAAAZQBuAC0AVQBTAB0GEAAAAAABAAMD\/\/\/\/AgYCAAAAAAAIBwAAAAACAAAAJwMFfAAAAAFVAAAABAYKAAAAVABpAG0AZQBzAAUGCgAAAFQAaQBtAGUAcwAIBBgAAAAWBBgAAAAYAQAZBgoAAABlAG4ALQBVAFMAHQYQAAAAAAEAAwP\/\/\/8CBgIAAAAAAAgdAAAAABgAAABhAGwAZQAgAGYAaQBuACAAWABJAFgAZQAFaQAAAAFYAAAABAYKAAAAVABpAG0AZQBzAAUGCgAAAFQAaQBtAGUAcwATAQEIBBgAAAAWBBgAAAAYAQAZBgoAAABlAG4ALQBVAFMAHQYQAAAAAAEAAwP\/\/\/8CBgIAAAAAAAgHAAAAAAIAAAAAAwVYAQAAAVUAAAAEBgoAAABUAGkAbQBlAHMABQYKAAAAVABpAG0AZQBzAAgEGAAAABYEGAAAABgBABkGCgAAAGUAbgAtAFUAUwAdBhAAAAAAAQADA\/\/\/\/wIGAgAAAAAACPkAAAAA9AAAAG0AZQAsACAAZQBuACAAYgBvAHIAZAAgAGQAZQAgAFMAbwByAGcAdQBlACwAIABsAGkAZQB1ACAAcAByAG8AdgBpAGQAZQBuAHQAaQBlAGwALAAgAGUAcwB0ACAAbABlACAAYwBhAHQAYQBsAHkAcwBlAHUAcgAgAHEAdQBpACAAcABlAHIAbQBlAHQAIABhAHUAIABwAHIAbwBqAGUAdAAgAGQAZQAgAHAAcgBlAG4AZAByAGUAIABjAG8AcgBwAHMAIAA6ACAAbABhACAAVgBpAGwAbABhACAARABhAHQAcgBpAHMAIABlAHMAdAAgAG4AZQAFaQAAAAFYAAAABAYKAAAAVABpAG0AZQBzAAUGCgAAAFQAaQBtAGUAcwATAQEIBBgAAAAWBBgAAAAYAQAZBgoAAABlAG4ALQBVAFMAHQYQAAAAAAEAAwP\/\/\/8CBgIAAAAAAAgHAAAAAAIAAAABAwWWAAAAAVUAAAAEBgoAAABUAGkAbQBlAHMABQYKAAAAVABpAG0AZQBzAAgEGAAAABYEGAAAABgBABkGCgAAAGUAbgAtAFUAUwAdBhAAAAAAAQADA\/\/\/\/wIGAgAAAAAACDcAAAAAMgAAAGUALgAgAEUAbABsAGUAIAB0AGkAcgBlACAAcwBvAG4AIABuAG8AbQAgAGQAZQAgAGwABWkAAAABWAAAAAQGCgAAAFQAaQBtAGUAcwAFBgoAAABUAGkAbQBlAHMAEwEBCAQYAAAAFgQYAAAAGAEAGQYKAAAAZQBuAC0AVQBTAB0GEAAAAAABAAMD\/\/\/\/AgYCAAAAAAAIBwAAAAACAAAAGSAFhAAAAAFVAAAABAYKAAAAVABpAG0AZQBzAAUGCgAAAFQAaQBtAGUAcwAIBBgAAAAWBBgAAAAYAQAZBgoAAABlAG4ALQBVAFMAHQYQAAAAAAEAAwP\/\/\/8CBgIAAAAAAAglAAAAACAAAABhAGwAbABpAGEAbgBjAGUAIABkAGUAcwAgAHAAcgBlAAVpAAAAAVgAAAAEBgoAAABUAGkAbQBlAHMABQYKAAAAVABpAG0AZQBzABMBAQgEGAAAABYEGAAAABgBABkGCgAAAGUAbgAtAFUAUwAdBhAAAAAAAQADA\/\/\/\/wIGAgAAAAAACAcAAAAAAgAAAAEDBX4AAAABVQAAAAQGCgAAAFQAaQBtAGUAcwAFBgoAAABUAGkAbQBlAHMACAQYAAAAFgQYAAAAGAEAGQYKAAAAZQBuAC0AVQBTAB0GEAAAAAABAAMD\/\/\/\/AgYCAAAAAAAIHwAAAAAaAAAAbgBvAG0AcwAgAGQAZQAgAEQAYQBuAGkAZQAFaQAAAAFYAAAABAYKAAAAVABpAG0AZQBzAAUGCgAAAFQAaQBtAGUAcwATAQEIBBgAAAAWBBgAAAAYAQAZBgoAAABlAG4ALQBVAFMAHQYQAAAAAAEAAwP\/\/\/8CBgIAAAAAAAgHAAAAAAIAAAAAAwXaAAAAAVUAAAAEBgoAAABUAGkAbQBlAHMABQYKAAAAVABpAG0AZQBzAAgEGAAAABYEGAAAABgBABkGCgAAAGUAbgAtAFUAUwAdBhAAAAAAAQADA\/\/\/\/wIGAgAAAAAACHsAAAAAdgAAAGwAZQAgAGUAdAAgAFQAcgBpAHMAdABhAG4ALAAgAHMAYwBlAGwAbABhAG4AdAAgAGMAZQB0ACAAZQB4AGEAbAB0AGEAbgB0ACAAcAByAG8AagBlAHQAIABhAHIAdABpAHMAdABpAHEAdQBlACAAbQBlAG4AZQAFawAAAAFYAAAABAYKAAAAVABpAG0AZQBzAAUGCgAAAFQAaQBtAGUAcwATAQEIBBgAAAAWBBgAAAAYAQAZBgoAAABlAG4ALQBVAFMAHQYQAAAAAAEAAwP\/\/\/8CBgIAAAAAAAgJAAAAAAQAAAABAyAABWYAAAABVQAAAAQGCgAAAFQAaQBtAGUAcwAFBgoAAABUAGkAbQBlAHMACAQYAAAAFgQYAAAAGAEAGQYKAAAAZQBuAC0AVQBTAB0GEAAAAAABAAMD\/\/\/\/AgYCAAAAAAAIBwAAAAACAAAAYQAFawAAAAFYAAAABAYKAAAAVABpAG0AZQBzAAUGCgAAAFQAaQBtAGUAcwATAQEIBBgAAAAWBBgAAAAYAQAZBgoAAABlAG4ALQBVAFMAHQYQAAAAAAEAAwP\/\/\/8CBgIAAAAAAAgJAAAAAAQAAAAAAyAABZ4AAAABVQAAAAQGCgAAAFQAaQBtAGUAcwAFBgoAAABUAGkAbQBlAHMACAQYAAAAFgQYAAAAGAEAGQYKAAAAZQBuAC0AVQBTAB0GEAAAAAABAAMD\/\/\/\/AgYCAAAAAAAIPwAAAAA6AAAAZABlAHUAeAAsACAAcwBvAHUAdABlAG4AdQAgAHAAYQByACAAdQBuACAAYwBlAHIAYwBsAGUAIABkAAVpAAAAAVgAAAAEBgoAAABUAGkAbQBlAHMABQYKAAAAVABpAG0AZQBzABMBAQgEGAAAABYEGAAAABgBABkGCgAAAGUAbgAtAFUAUwAdBhAAAAAAAQADA\/\/\/\/wIGAgAAAAAACAcAAAAAAgAAABkgBW4AAAABVQAAAAQGCgAAAFQAaQBtAGUAcwAFBgoAAABUAGkAbQBlAHMACAQYAAAAFgQYAAAAGAEAGQYKAAAAZQBuAC0AVQBTAB0GEAAAAAABAAMD\/\/\/\/AgYCAAAAAAAIDwAAAAAKAAAAYQBtAGkAcwAuAAUKAAAAAQAAAAAIAAAAAAVvAAAAAWUAAAAEBgoAAABUAGkAbQBlAHMABQYKAAAAVABpAG0AZQBzAAcGCgAAAFQAaQBtAGUAcwAGBgoAAABUAGkAbQBlAHMACAQYAAAAFgQYAAAAGAEAHQYQAAAAAAEAAwP\/\/\/8CBgIAAAAAAAgAAAAAABwKAAABngAAABUGBgAAADYAMwAyAAEGEgAAACQEAAAAACUEAAAAACYEAAAAAAUBAwkGAAAAABoGZQAAAAQGCgAAAFQAaQBtAGUAcwAFBgoAAABUAGkAbQBlAHMABwYKAAAAVABpAG0AZQBzAAYGCgAAAFQAaQBtAGUAcwAIBBgAAAAWBBgAAAAYAQAdBhAAAAAAAQADA\/\/\/\/wIGAgAAAAAAGwYAAAAAAnQJAAAF7AAAAAFVAAAABAYKAAAAVABpAG0AZQBzAAUGCgAAAFQAaQBtAGUAcwAIBBgAAAAWBBgAAAAYAQAZBgoAAABlAG4ALQBVAFMAHQYQAAAAAAEAAwP\/\/\/8CBgIAAAAAAAiNAAAAAIgAAABFAG4AIAAyADAAMQAxACwAIABsAGEAIABWAGkAbABsAGEAIABEAGEAdAByAGkAcwAgAG8AdQB2AHIAZQAgAHMAZQBzACAAcABvAHIAdABlAHMAIABhAHUAIABwAHUAYgBsAGkAYwAsACAAcwBvAHUAcwAgAGwAYQAgAGYAbwByAG0AZQAgAGQABWkAAAABWAAAAAQGCgAAAFQAaQBtAGUAcwAFBgoAAABUAGkAbQBlAHMAEwEBCAQYAAAAFgQYAAAAGAEAGQYKAAAAZQBuAC0AVQBTAB0GEAAAAAABAAMD\/\/\/\/AgYCAAAAAAAIBwAAAAACAAAAGSAFegAAAAFVAAAABAYKAAAAVABpAG0AZQBzAAUGCgAAAFQAaQBtAGUAcwAIBBgAAAAWBBgAAAAYAQAZBgoAAABlAG4ALQBVAFMAHQYQAAAAAAEAAwP\/\/\/8CBgIAAAAAAAgbAAAAABYAAAB1AG4AIABjAGUAbgB0AHIAZQAgAGQABWkAAAABWAAAAAQGCgAAAFQAaQBtAGUAcwAFBgoAAABUAGkAbQBlAHMAEwEBCAQYAAAAFgQYAAAAGAEAGQYKAAAAZQBuAC0AVQBTAB0GEAAAAAABAAMD\/\/\/\/AgYCAAAAAAAIBwAAAAACAAAAGSAFdgAAAAFVAAAABAYKAAAAVABpAG0AZQBzAAUGCgAAAFQAaQBtAGUAcwAIBBgAAAAWBBgAAAAYAQAZBgoAAABlAG4ALQBVAFMAHQYQAAAAAAEAAwP\/\/\/8CBgIAAAAAAAgXAAAAABIAAABhAHIAdAAgAHAAcgBpAHYAZQAFawAAAAFYAAAABAYKAAAAVABpAG0AZQBzAAUGCgAAAFQAaQBtAGUAcwATAQEIBBgAAAAWBBgAAAAYAQAZBgoAAABlAG4ALQBVAFMAHQYQAAAAAAEAAwP\/\/\/8CBgIAAAAAAAgJAAAAAAQAAAABAyAABZAAAAABVQAAAAQGCgAAAFQAaQBtAGUAcwAFBgoAAABUAGkAbQBlAHMACAQYAAAAFgQYAAAAGAEAGQYKAAAAZQBuAC0AVQBTAB0GEAAAAAABAAMD\/\/\/\/AgYCAAAAAAAIMQAAAAAsAAAAcQB1AGkAIABhACAAcABvAHUAcgAgAG8AcgBpAGcAaQBuAGEAbABpAHQAZQAFawAAAAFYAAAABAYKAAAAVABpAG0AZQBzAAUGCgAAAFQAaQBtAGUAcwATAQEIBBgAAAAWBBgAAAAYAQAZBgoAAABlAG4ALQBVAFMAHQYQAAAAAAEAAwP\/\/\/8CBgIAAAAAAAgJAAAAAAQAAAABAyAABdoAAAABVQAAAAQGCgAAAFQAaQBtAGUAcwAFBgoAAABUAGkAbQBlAHMACAQYAAAAFgQYAAAAGAEAGQYKAAAAZQBuAC0AVQBTAB0GEAAAAAABAAMD\/\/\/\/AgYCAAAAAAAIewAAAAB2AAAAZQB0ACAAcABvAHUAcgAgAHYAbwBjAGEAdABpAG8AbgAgAGQAZQAgAHAAcgBvAG0AbwB1AHYAbwBpAHIAIABsAGEAIABzAGMAdQBsAHAAdAB1AHIAZQAgAGMAbwBuAHQAZQBtAHAAbwByAGEAaQBuAGUAIABhAAVrAAAAAVgAAAAEBgoAAABUAGkAbQBlAHMABQYKAAAAVABpAG0AZQBzABMBAQgEGAAAABYEGAAAABgBABkGCgAAAGUAbgAtAFUAUwAdBhAAAAAAAQADA\/\/\/\/wIGAgAAAAAACAkAAAAABAAAAAADIAAFgAAAAAFVAAAABAYKAAAAVABpAG0AZQBzAAUGCgAAAFQAaQBtAGUAcwAIBBgAAAAWBBgAAAAYAQAZBgoAAABlAG4ALQBVAFMAHQYQAAAAAAEAAwP\/\/\/8CBgIAAAAAAAghAAAAABwAAAB0AHIAYQB2AGUAcgBzACAAbABhACAAcAByAGUABWkAAAABWAAAAAQGCgAAAFQAaQBtAGUAcwAFBgoAAABUAGkAbQBlAHMAEwEBCAQYAAAAFgQYAAAAGAEAGQYKAAAAZQBuAC0AVQBTAB0GEAAAAAABAAMD\/\/\/\/AgYCAAAAAAAIBwAAAAACAAAAAQMFegAAAAFVAAAABAYKAAAAVABpAG0AZQBzAAUGCgAAAFQAaQBtAGUAcwAIBBgAAAAWBBgAAAAYAQAZBgoAAABlAG4ALQBVAFMAHQYQAAAAAAEAAwP\/\/\/8CBgIAAAAAAAgbAAAAABYAAABzAGUAbgB0AGEAdABpAG8AbgAgAGQABWkAAAABWAAAAAQGCgAAAFQAaQBtAGUAcwAFBgoAAABUAGkAbQBlAHMAEwEBCAQYAAAAFgQYAAAAGAEAGQYKAAAAZQBuAC0AVQBTAB0GEAAAAAABAAMD\/\/\/\/AgYCAAAAAAAIBwAAAAACAAAAGSAFmgAAAAFVAAAABAYKAAAAVABpAG0AZQBzAAUGCgAAAFQAaQBtAGUAcwAIBBgAAAAWBBgAAAAYAQAZBgoAAABlAG4ALQBVAFMAHQYQAAAAAAEAAwP\/\/\/8CBgIAAAAAAAg7AAAAADYAAAB1AG4AZQAgAGUAeABwAG8AcwBpAHQAaQBvAG4AIABhAG4AbgB1AGUAbABsAGUAIAB0AGgAZQAFaQAAAAFYAAAABAYKAAAAVABpAG0AZQBzAAUGCgAAAFQAaQBtAGUAcwATAQEIBBgAAAAWBBgAAAAYAQAZBgoAAABlAG4ALQBVAFMAHQYQAAAAAAEAAwP\/\/\/8CBgIAAAAAAAgHAAAAAAIAAAABAwV0AAAAAVUAAAAEBgoAAABUAGkAbQBlAHMABQYKAAAAVABpAG0AZQBzAAgEGAAAABYEGAAAABgBABkGCgAAAGUAbgAtAFUAUwAdBhAAAAAAAQADA\/\/\/\/wIGAgAAAAAACBUAAAAAEAAAAG0AYQB0AGkAcQB1AGUALgAFCgAAAAEAAAAACAAAAAAFbwAAAAFlAAAABAYKAAAAVABpAG0AZQBzAAUGCgAAAFQAaQBtAGUAcwAHBgoAAABUAGkAbQBlAHMABgYKAAAAVABpAG0AZQBzAAgEGAAAABYEGAAAABgBAB0GEAAAAAABAAMD\/\/\/\/AgYCAAAAAAAIAAAAAAoAAAAAAAAAABEAAAAA0wMAAABwAAAAFgYMAAAAFwQAAAAAGAQAAAAAAQYAAAAACQYAAAAADgYTAAAAAAEAAgYCAAAAAAAEBgIAAAAAABsGAAAAAB4GJwAAAAEEAAAAAAMBAgQEAAAAAAYBAAcEAAAAAAgEAAAAAAsBAgwEAAAAACIECQAAAAGVAAAABAYeAAAAVABpAG0AZQBzACAATgBlAHcAIABSAG8AbQBhAG4ABQYeAAAAVABpAG0AZQBzACAATgBlAHcAIABSAG8AbQBhAG4ABwYeAAAAVABpAG0AZQBzACAATgBlAHcAIABSAG8AbQBhAG4ABgYgAAAAQQByAGkAYQBsACAAVQBuAGkAYwBvAGQAZQAgAE0AUwATAQECvwIAAAC6AgAAAQYAAAA2ADMAMgACFAAAAFAAYQByACAAZADpAGYAYQB1AHQACQEAAAADBAYAAAA2ADMAMgAFTAEAAAABAAEBAAIBAAMBAAQGHAAAAEgAZQBsAHYAZQB0AGkAYwBhACAATgBlAHUAZQAFBhwAAABIAGUAbAB2AGUAdABpAGMAYQAgAE4AZQB1AGUABwYgAAAAQQByAGkAYQBsACAAVQBuAGkAYwBvAGQAZQAgAE0AUwAGBiAAAABBAHIAaQBhAGwAIABVAG4AaQBjAG8AZABlACAATQBTAAgEFgAAAAkDAAAACgEADAEAJgQAAAAADwEAEAEAEQEAJwQAAAAAFAEAFQEAFgQWAAAAFwEAGAEAGQYKAAAAZQBuAC0AVQBTABoGCgAAAGEAcgAtAFMAQQAbBgoAAAB6AGgALQBDAE4AHgEAHwYdAAAAABgAAAD6+wAFAAAAAgAAAAACBwAAAPoAYwAAAPsgBhwAAAAAFwAAAAMSAAAAAA0AAAABCAAAAPoAAAEAAgD7Bi8BAAAWBgwAAAAXBAAAAAAYBAAAAAAAAQABBhIAAAAkBAAAAAAlBAAAAAAmBAAAAAAFAQEGAQAHAQAIAQAJBhsAAAAnBPAAAAALAQEcAQAoBAAAAAAdAQApBAAAAAAOBhMAAAAAAQACBgIAAAAAAAQGAgAAAAAAGQEBGwZ9AAAAABQAAAAAAwAAAAUEAAAAAAYEBAAAAAMBAAEUAAAAAAMAAAAFBAAAAAAGBAQAAAADAQACFAAAAAADAAAABQQAAAAABgQEAAAAAwEAAxQAAAAAAwAAAAUEAAAAAAYEBAAAAAMBAAsUAAAAAAMAAAAFBAAAAAAGBAQAAAADAQAeBicAAAABBAAAAAADAQIEBAAAAAAGAQAHBAAAAAAIBAAAAAALAQIMBAAAAAAiBAkAAAAsAQA=\">\u00a0<\/p><p data-start=\"46\" data-end=\"760\">Cr\u00e9\u00e9e en 1991 par <strong data-start=\"64\" data-end=\"96\">\u00c9lizabeth et G\u00e9rard Garouste<\/strong>, l\u2019association <strong data-start=\"112\" data-end=\"125\">La Source<\/strong> agit depuis plus de trente ans pour <strong data-start=\"162\" data-end=\"243\">offrir aux enfants en situation de fragilit\u00e9 un acc\u00e8s \u00e0 l\u2019art et \u00e0 la culture<\/strong>. Avec la conviction que la cr\u00e9ation est une formidable porte d\u2019entr\u00e9e vers l\u2019\u00e9panouissement et l\u2019inclusion, elle organise des ateliers anim\u00e9s par des artistes professionnels. Peinture, sculpture, photographie ou arts de la sc\u00e8ne : ces formes d\u2019expression encouragent chaque enfant \u00e0 d\u00e9velopper sa <strong data-start=\"541\" data-end=\"555\">cr\u00e9ativit\u00e9<\/strong>, sa <strong data-start=\"560\" data-end=\"580\">confiance en lui<\/strong> et <strong data-start=\"584\" data-end=\"611\">son regard sur le monde<\/strong>. Au fil des ann\u00e9es, La Source est devenue un <strong data-start=\"657\" data-end=\"691\">v\u00e9ritable acteur du changement<\/strong>, prouvant que l\u2019art peut transformer des vies et tisser des liens.<\/p><p data-start=\"762\" data-end=\"1158\"><strong data-start=\"762\" data-end=\"780\">Son engagement<\/strong> et son \u00e9nergie font pleinement \u00e9cho aux <strong data-start=\"821\" data-end=\"853\">valeurs du Buzz Art Festival<\/strong>. En tant qu\u2019<strong data-start=\"866\" data-end=\"887\">invit\u00e9e d\u2019honneur<\/strong>, l\u2019association viendra partager son exp\u00e9rience lors d\u2019une <strong data-start=\"946\" data-end=\"960\">conf\u00e9rence<\/strong>, pour \u00e9changer autour de l\u2019impact de l\u2019art dans la construction de soi et du collectif. Une occasion unique de d\u00e9couvrir et de s\u2019inspirer d\u2019<strong data-start=\"1101\" data-end=\"1155\">un projet qui place la cr\u00e9ation au service de tous<\/strong>.<\/p>\t\t\t\t\t\t\t\t<\/div>\n\t\t\t\t<\/div>\n\t\t\t\t<\/div>\n\t\t<div class=\"elementor-element elementor-element-27bd06f e-con-full e-flex e-con e-child\" data-id=\"27bd06f\" data-element_type=\"container\" data-e-type=\"container\">\n\t\t\t\t<div class=\"elementor-element elementor-element-16008bf elementor-widget elementor-widget-spacer\" data-id=\"16008bf\" data-element_type=\"widget\" data-e-type=\"widget\" data-widget_type=\"spacer.default\">\n\t\t\t\t<div class=\"elementor-widget-container\">\n\t\t\t\t\t\t\t<div class=\"elementor-spacer\">\n\t\t\t<div class=\"elementor-spacer-inner\"><\/div>\n\t\t<\/div>\n\t\t\t\t\t\t<\/div>\n\t\t\t\t<\/div>\n\t\t\t\t<div class=\"elementor-element elementor-element-bb568b1 elementor-widget__width-initial elementor-widget elementor-widget-image\" data-id=\"bb568b1\" data-element_type=\"widget\" data-e-type=\"widget\" data-widget_type=\"image.default\">\n\t\t\t\t<div class=\"elementor-widget-container\">\n\t\t\t\t\t\t\t\t\t\t\t\t\t\t\t<img fetchpriority=\"high\" decoding=\"async\" width=\"800\" height=\"1000\" src=\"https:\/\/2025.buzzartfestival.com\/wp-content\/uploads\/2025\/09\/ASSOCIATION-GAROUSTE-819x1024.jpg\" class=\"attachment-large size-large wp-image-1103\" alt=\"\" srcset=\"https:\/\/2025.buzzartfestival.com\/wp-content\/uploads\/2025\/09\/ASSOCIATION-GAROUSTE-819x1024.jpg 819w, https:\/\/2025.buzzartfestival.com\/wp-content\/uploads\/2025\/09\/ASSOCIATION-GAROUSTE-240x300.jpg 240w, https:\/\/2025.buzzartfestival.com\/wp-content\/uploads\/2025\/09\/ASSOCIATION-GAROUSTE-768x960.jpg 768w, https:\/\/2025.buzzartfestival.com\/wp-content\/uploads\/2025\/09\/ASSOCIATION-GAROUSTE.jpg 1080w\" sizes=\"(max-width: 800px) 100vw, 800px\" \/>\t\t\t\t\t\t\t\t\t\t\t\t\t\t\t<\/div>\n\t\t\t\t<\/div>\n\t\t\t\t<\/div>\n\t\t\t\t<\/div>\n\t\t\t\t<\/div>\n\t\t","protected":false},"excerpt":{"rendered":"<p>\u00a0 Cr\u00e9\u00e9e en 1991 par \u00c9lizabeth et G\u00e9rard Garouste, l\u2019association La Source agit depuis plus de trente ans pour offrir aux enfants en situation de fragilit\u00e9 un acc\u00e8s \u00e0 l\u2019art et \u00e0 la culture. Avec la conviction que la cr\u00e9ation est une formidable porte d\u2019entr\u00e9e vers l\u2019\u00e9panouissement et l\u2019inclusion, elle organise des ateliers anim\u00e9s par [&hellip;]<\/p>\n","protected":false},"author":1,"featured_media":0,"parent":1087,"menu_order":0,"comment_status":"closed","ping_status":"closed","template":"","meta":{"inline_featured_image":false,"footnotes":""},"class_list":["post-1106","page","type-page","status-publish","hentry"],"_links":{"self":[{"href":"https:\/\/2025.buzzartfestival.com\/index.php\/wp-json\/wp\/v2\/pages\/1106","targetHints":{"allow":["GET"]}}],"collection":[{"href":"https:\/\/2025.buzzartfestival.com\/index.php\/wp-json\/wp\/v2\/pages"}],"about":[{"href":"https:\/\/2025.buzzartfestival.com\/index.php\/wp-json\/wp\/v2\/types\/page"}],"author":[{"embeddable":true,"href":"https:\/\/2025.buzzartfestival.com\/index.php\/wp-json\/wp\/v2\/users\/1"}],"replies":[{"embeddable":true,"href":"https:\/\/2025.buzzartfestival.com\/index.php\/wp-json\/wp\/v2\/comments?post=1106"}],"version-history":[{"count":4,"href":"https:\/\/2025.buzzartfestival.com\/index.php\/wp-json\/wp\/v2\/pages\/1106\/revisions"}],"predecessor-version":[{"id":1145,"href":"https:\/\/2025.buzzartfestival.com\/index.php\/wp-json\/wp\/v2\/pages\/1106\/revisions\/1145"}],"up":[{"embeddable":true,"href":"https:\/\/2025.buzzartfestival.com\/index.php\/wp-json\/wp\/v2\/pages\/1087"}],"wp:attachment":[{"href":"https:\/\/2025.buzzartfestival.com\/index.php\/wp-json\/wp\/v2\/media?parent=1106"}],"curies":[{"name":"wp","href":"https:\/\/api.w.org\/{rel}","templated":true}]}}